{"id":8695,"date":"2026-03-28T22:55:25","date_gmt":"2026-03-28T19:55:25","guid":{"rendered":"https:\/\/asproms.com\/?post_type=product&#038;p=8695"},"modified":"2026-03-28T22:59:37","modified_gmt":"2026-03-28T19:59:37","slug":"aspl-0580-eloksalli-5080-mm-lineer-led-profil","status":"publish","type":"product","link":"https:\/\/asproms.com\/en\/product\/aspl-0580-eloksalli-5080-mm-lineer-led-profil\/","title":{"rendered":"ASPL-0580-ELOKSALLI (50*80 MM. L\u0130NEER LED PROF\u0130L)"},"content":{"rendered":"<p><em><strong>5x8mmELOKSALLI Lineer Al\u00fcminyum LED Profil \u2013 ASPL-0580 Teknik \u00d6zellikleri \u015fu \u015fekildedir:<\/strong><\/em><\/p>\n<table class=\"table-striped\">\n<tbody>\n<tr>\n<th>\u00dcr\u00fcn Kodu<\/th>\n<td>ASPL-0580 \u2013 5x8mm Siyah Boyal\u0131 Lineer Al\u00fcminyum LED Profil<\/td>\n<\/tr>\n<tr>\n<th>Materyal<\/th>\n<td>Al\u00fcminyum 6063-T5<\/td>\n<\/tr>\n<tr>\n<th>Y\u00fczey<\/th>\n<td>Mat Beyaz Eloksal kaplamal\u0131\u00a0 y\u00fczey<\/td>\n<\/tr>\n<tr>\n<th>Profil \u00d6l\u00e7\u00fcleri<\/th>\n<td>49,8 mm geni\u015flik \u00d7 78 mm y\u00fckseklik<\/td>\n<\/tr>\n<tr>\n<th>Renk<\/th>\n<td>gri (stok rengi)<\/td>\n<\/tr>\n<tr>\n<th>Dif\u00fcz\u00f6r Uyumu<\/th>\n<td>DF-50 kodlu dif\u00fcz\u00f6r ile uyumlu<\/td>\n<\/tr>\n<tr>\n<th>Ask\u0131 Aparat\u0131 Uyumu<\/th>\n<td>AST kodlu \u00e7elik ask\u0131 aparat\u0131 ile tavana as\u0131larak kullan\u0131m<\/td>\n<\/tr>\n<tr>\n<th>Profil Tipi<\/th>\n<td>Lineer sark\u0131t \/ y\u00fczey alt\u0131 al\u00fcminyum LED profil kasas\u0131<\/td>\n<\/tr>\n<tr>\n<th>Montaj Tipi<\/th>\n<td>\u00c7elik ask\u0131 aparat\u0131 ile tavana asma montaj\u0131<\/td>\n<\/tr>\n<tr>\n<th>Elektronik Bile\u015fenler<\/th>\n<td>LED, g\u00fc\u00e7 kayna\u011f\u0131 ve s\u00fcr\u00fcc\u00fc \u00fcr\u00fcn fiyat\u0131na dahil de\u011fildir; ayr\u0131ca temin edilmelidir.<\/td>\n<\/tr>\n<\/tbody>\n<\/table>\n","protected":false},"excerpt":{"rendered":"<p><em><strong>ASPL-0580-ELOKSALLI<\/strong><\/em> <strong>Trafo Hazneli\u00a0<\/strong>LED Profil,\u00a0<strong>49,8 mm\u00a0<\/strong>geni\u015fli\u011fi ve\u00a0<strong>78 mm\u00a0<\/strong>y\u00fcksekli\u011fi ile geni\u015f mek\u00e2nlar\u0131n ayd\u0131nlatma ihtiyac\u0131n\u0131 kar\u015f\u0131layan profesyonel bir armat\u00fcr kasas\u0131d\u0131r.\u00a0<strong>Naturel Eloksal\u00a0<\/strong>kaplamal\u0131 \u00e7ift katmanl\u0131 g\u00f6vdesi, LED s\u00fcr\u00fcc\u00fcs\u00fcn\u00fc (trafo) i\u00e7inde gizlerken;<strong>\u00a0ask\u0131 tak\u0131m\u0131\u00a0<\/strong>ile\u00a0<strong>sark\u0131t\u00a0<\/strong>veya\u00a0<strong>963ASL klips\u00a0<\/strong>ile tavana s\u0131f\u0131r montaj imk\u00e2n\u0131 sunar.<\/p>\n<p><em><strong>ASPL-0580-ELOKSALLI<\/strong><\/em> Lineer Armat\u00fcr Profili, end\u00fcstriyel ve mimari mek\u00e2nlar i\u00e7in tasarlanm\u0131\u015f, y\u00fcksek performansl\u0131 bir ayd\u0131nlatma \u00e7\u00f6z\u00fcm\u00fcd\u00fcr. <strong>78 mm<\/strong>\u00a0y\u00fcksekli\u011findeki g\u00f6vdesi\u00a0<strong>\u201cDouble-Decker\u201d (\u00e7ift katmanl\u0131)<\/strong>\u00a0m\u00fchendislik yap\u0131s\u0131na sahiptir; \u00fcst hazne LED s\u00fcr\u00fcc\u00fcs\u00fcn\u00fc (trafoyu) gizlemek i\u00e7in kullan\u0131l\u0131rken, alt hazne ayd\u0131nlatma i\u015flevini g\u00f6r\u00fcr. \u0130ki hazne aras\u0131ndaki al\u00fcminyum so\u011futucu kanallar, \u0131s\u0131y\u0131 izole ederek sistemin uzun \u00f6m\u00fcrl\u00fc olmas\u0131n\u0131 destekler.\u00a0<strong>47 mm<\/strong>\u00a0geni\u015fli\u011findeki i\u00e7 yap\u0131s\u0131, \u00e7oklu s\u0131ra \u015ferit LED uygulamalar\u0131 i\u00e7in uygundur.\u00a0<strong>Naturel Eloksal<\/strong>\u00a0y\u00fczeyi sayesinde tavanlarda modern, teknik ve temiz bir g\u00f6r\u00fcn\u00fcm sergiler. \u00dcr\u00fcn,\u00a0<strong>DF-50<\/strong>\u00a0kodlu opal dif\u00fcz\u00f6r ile kullan\u0131ld\u0131\u011f\u0131nda homojen ve g\u00f6z almayan bir \u0131\u015f\u0131k hatt\u0131 olu\u015fturur.<\/p>\n<h2>\u00d6ne \u00c7\u0131kan \u00d6zellikler<\/h2>\n<ul>\n<li><strong>Trafo Gizleme Haznesi:<\/strong>\u00a0Harici bir buat veya trafo kutusuna gerek kalmadan s\u00fcr\u00fcc\u00fcy\u00fc profilin i\u00e7ine saklayarak temiz bir g\u00f6r\u00fcn\u00fcm elde edersiniz.<\/li>\n<li><strong>Naturel Eloksal Y\u00fczey:<\/strong>\u00a0\u00c7izilmelere kar\u015f\u0131 dayan\u0131kl\u0131 kaplama, teknik ve mimari bir estetik sunar.<\/li>\n<li><strong>Esnek Montaj Se\u00e7enekleri:<\/strong>\u00a0Projenize g\u00f6re\u00a0<strong>AST<\/strong>\u00a0kodlu tel ile sark\u0131tabilir veya\u00a0<strong>963ASL<\/strong>\u00a0montaj profili\/klipsleri ile tavana sabitleyebilirsiniz.<\/li>\n<li><strong>Geni\u015f LED Yata\u011f\u0131 (47 mm):<\/strong>\u00a0Y\u00fcksek \u0131\u015f\u0131k g\u00fcc\u00fc i\u00e7in\u00a0<strong>3\u20134 s\u0131ra \u015ferit LED<\/strong>\u00a0veya geni\u015f PCB mod\u00fcller kullan\u0131labilir.<\/li>\n<li><strong>DF-50 Dif\u00fcz\u00f6r Uyumu:<\/strong>\u00a0Geni\u015f \u0131\u015f\u0131k kapa\u011f\u0131 sayesinde \u0131\u015f\u0131k geni\u015f bir a\u00e7\u0131yla mek\u00e2na yay\u0131l\u0131r.<\/li>\n<\/ul>\n<h2>Kullan\u0131m Alanlar\u0131<\/h2>\n<ul>\n<li>Ofisler, toplant\u0131 odalar\u0131 ve \u00e7al\u0131\u015fma alanlar\u0131<\/li>\n<li>Ma\u011faza reyonlar\u0131 ve showroom genel ayd\u0131nlatmalar\u0131<\/li>\n<li>Y\u00fcksek tavanl\u0131 lobiler, oteller ve galeri bo\u015fluklar\u0131<\/li>\n<li>Okullar, hastaneler ve kamu binalar\u0131<\/li>\n<li>Paket i\u00e7eri\u011findeki adetler a\u015fa\u011f\u0131daki gibidir:<br \/>\n<table class=\"table-striped\">\n<tbody>\n<tr>\n<td><strong>Al\u00fcminyum Profil<\/strong><\/td>\n<td>Se\u00e7ti\u011finiz uzunlukta (100 \/ 200 \/ 300 cm) ve adette g\u00f6nderilir.<\/td>\n<\/tr>\n<tr>\n<td><strong>Dif\u00fcz\u00f6r (I\u015f\u0131k Kapa\u011f\u0131)<\/strong><\/td>\n<td>Se\u00e7ti\u011finiz profil boyuyla birebir uyumlu uzunlukta DF-50 kapak g\u00f6nderilir.<\/td>\n<\/tr>\n<tr>\n<td><strong>Yan Kapak Seti<\/strong><\/td>\n<td>Her metre i\u00e7in 2 adet yan kapak g\u00f6nderilir.<\/td>\n<\/tr>\n<\/tbody>\n<\/table>\n<p><em>*Not: Montaj tipinize g\u00f6re gerekli olan AST Ask\u0131 Tak\u0131m\u0131 veya 963ASL Montaj Profilini aksesuar kategorisinden ayr\u0131ca sepetinize eklemelisiniz.<\/em><\/li>\n<\/ul>\n","protected":false},"featured_media":8700,"template":"","meta":[],"product_brand":[],"product_cat":[63],"product_tag":[],"class_list":{"0":"post-8695","1":"product","2":"type-product","3":"status-publish","4":"has-post-thumbnail","6":"product_cat-led-profiller","8":"first","9":"instock","10":"purchasable","11":"product-type-variable"},"_links":{"self":[{"href":"https:\/\/asproms.com\/en\/wp-json\/wp\/v2\/product\/8695","targetHints":{"allow":["GET"]}}],"collection":[{"href":"https:\/\/asproms.com\/en\/wp-json\/wp\/v2\/product"}],"about":[{"href":"https:\/\/asproms.com\/en\/wp-json\/wp\/v2\/types\/product"}],"wp:featuredmedia":[{"embeddable":true,"href":"https:\/\/asproms.com\/en\/wp-json\/wp\/v2\/media\/8700"}],"wp:attachment":[{"href":"https:\/\/asproms.com\/en\/wp-json\/wp\/v2\/media?parent=8695"}],"wp:term":[{"taxonomy":"product_brand","embeddable":true,"href":"https:\/\/asproms.com\/en\/wp-json\/wp\/v2\/product_brand?post=8695"},{"taxonomy":"product_cat","embeddable":true,"href":"https:\/\/asproms.com\/en\/wp-json\/wp\/v2\/product_cat?post=8695"},{"taxonomy":"product_tag","embeddable":true,"href":"https:\/\/asproms.com\/en\/wp-json\/wp\/v2\/product_tag?post=8695"}],"curies":[{"name":"wp","href":"https:\/\/api.w.org\/{rel}","templated":true}]}}