{"id":8653,"date":"2026-03-28T22:26:31","date_gmt":"2026-03-28T19:26:31","guid":{"rendered":"https:\/\/asproms.com\/?post_type=product&#038;p=8653"},"modified":"2026-03-28T22:29:27","modified_gmt":"2026-03-28T19:29:27","slug":"aspl-01955-beyaz-20-mm-dusuk-siva-ustu-led-profil","status":"publish","type":"product","link":"https:\/\/asproms.com\/en\/product\/aspl-01955-beyaz-20-mm-dusuk-siva-ustu-led-profil\/","title":{"rendered":"ASPL-01955-BEYAZ (20 MM. D\u00dc\u015e\u00dcK SIVA \u00dcST\u00dc LED PROF\u0130L)"},"content":{"rendered":"<p><strong>Materyal:<\/strong>\u00a0Y\u00fcksek \u0131s\u0131 iletkenli\u011fine sahip al\u00fcminyum<\/p>\n<p><strong>Y\u00fczey:<\/strong> Beyaz boyal\u0131 y\u00fczey<\/p>\n<p><strong>Geni\u015flik:<\/strong>\u00a023,5 mm<br \/>\n<strong>Y\u00fckseklik:<\/strong>\u00a011,4 mm<\/p>\n<p><strong>\u00dcR\u00dcN \u0130ADES\u0130 MEVCUT DE\u011e\u0130LD\u0130R.\u00a0<\/strong><\/p>\n","protected":false},"excerpt":{"rendered":"<div class=\"flex justify-between items-center\"><strong><span class=\"title\">\u00dcr\u00fcn A\u00e7\u0131klamas\u0131<\/span><\/strong><\/div>\n<div class=\"tab-content\">\n<p><strong>Paket \u0130\u00e7eri\u011fi:<\/strong><\/p>\n<ul>\n<li><strong>Al\u00fcminyum Profil:<\/strong>\u00a0Se\u00e7ti\u011finiz uzunluk ve adette g\u00f6nderilir.<\/li>\n<li><strong>Dif\u00fcz\u00f6r (I\u015f\u0131k Kapa\u011f\u0131):<\/strong>\u00a0Se\u00e7ti\u011finiz uzunluk ve adette g\u00f6nderilir.<\/li>\n<li><strong>2x Yan Kapak:<\/strong>\u00a0(Se\u00e7ti\u011finiz adet\/Boy adedi x 2) (Delikli ve deliksiz olarak g\u00f6nderilecektir).<\/li>\n<li><strong>2x Montaj Klipsi:<\/strong>\u00a0(Se\u00e7ti\u011finiz adet\/Boy adedi x 2).<\/li>\n<\/ul>\n<p><strong>ASP-01955 Lineer LED Profil<\/strong>, lineer ayd\u0131nlatma projeleri i\u00e7in ideal bir \u00e7\u00f6z\u00fcmd\u00fcr. Al\u00fcminyum yap\u0131s\u0131 sayesinde y\u00fcksek \u0131s\u0131 iletkenli\u011fi sa\u011flayarak LED\u2019lerin \u00f6mr\u00fcn\u00fc uzat\u0131r ve daha verimli \u00e7al\u0131\u015fmas\u0131na olanak tan\u0131r. \u015eeffaf ya da opal dif\u00fcz\u00f6r se\u00e7enekleri ile LED\u2019lerin yayd\u0131\u011f\u0131 \u0131\u015f\u0131k homojen bir \u015fekilde da\u011f\u0131t\u0131l\u0131r ve g\u00f6z yorgunlu\u011fu en aza indirilir.<\/p>\n<p><strong>Kullan\u0131m Alanlar\u0131:<\/strong><\/p>\n<ul>\n<li>Ofis ve ticari alanlarda modern ayd\u0131nlatma<\/li>\n<li>Mutfak, banyo, dolap i\u00e7i ve raf alt\u0131 dekoratif ayd\u0131nlatmalar<\/li>\n<li>\u0130\u00e7 mekan tavan ve duvar ayd\u0131nlatmalar\u0131<\/li>\n<li>Ma\u011faza vitrin ayd\u0131nlatmalar\u0131<\/li>\n<li><strong>ASP-01955 Lineer LED Profil<\/strong>, modern tasar\u0131m\u0131 ve kolay montaj \u00f6zellikleriyle ticari ve konut projelerinde en \u00e7ok tercih edilen \u00e7\u00f6z\u00fcmlerden biridir. Estetik g\u00f6r\u00fcn\u00fcm\u00fc ile projelerinize profesyonel bir dokunu\u015f kat\u0131n.<\/li>\n<li><strong>\u00dcR\u00dcN \u0130ADES\u0130 MEVCUT DE\u011e\u0130LD\u0130R.\u00a0<\/strong><\/li>\n<\/ul>\n<\/div>\n","protected":false},"featured_media":8658,"template":"","meta":[],"product_brand":[],"product_cat":[63],"product_tag":[],"class_list":{"0":"post-8653","1":"product","2":"type-product","3":"status-publish","4":"has-post-thumbnail","6":"product_cat-led-profiller","8":"first","9":"instock","10":"purchasable","11":"product-type-variable"},"_links":{"self":[{"href":"https:\/\/asproms.com\/en\/wp-json\/wp\/v2\/product\/8653","targetHints":{"allow":["GET"]}}],"collection":[{"href":"https:\/\/asproms.com\/en\/wp-json\/wp\/v2\/product"}],"about":[{"href":"https:\/\/asproms.com\/en\/wp-json\/wp\/v2\/types\/product"}],"wp:featuredmedia":[{"embeddable":true,"href":"https:\/\/asproms.com\/en\/wp-json\/wp\/v2\/media\/8658"}],"wp:attachment":[{"href":"https:\/\/asproms.com\/en\/wp-json\/wp\/v2\/media?parent=8653"}],"wp:term":[{"taxonomy":"product_brand","embeddable":true,"href":"https:\/\/asproms.com\/en\/wp-json\/wp\/v2\/product_brand?post=8653"},{"taxonomy":"product_cat","embeddable":true,"href":"https:\/\/asproms.com\/en\/wp-json\/wp\/v2\/product_cat?post=8653"},{"taxonomy":"product_tag","embeddable":true,"href":"https:\/\/asproms.com\/en\/wp-json\/wp\/v2\/product_tag?post=8653"}],"curies":[{"name":"wp","href":"https:\/\/api.w.org\/{rel}","templated":true}]}}