{"id":8474,"date":"2026-02-21T22:13:14","date_gmt":"2026-02-21T19:13:14","guid":{"rendered":"https:\/\/asproms.com\/?post_type=product&#038;p=8474"},"modified":"2026-03-25T16:29:53","modified_gmt":"2026-03-25T13:29:53","slug":"asp-0550-siyah-68-mm-sarkit-lineer-led-profil","status":"publish","type":"product","link":"https:\/\/asproms.com\/en\/product\/asp-0550-siyah-68-mm-sarkit-lineer-led-profil\/","title":{"rendered":"ASPL-0550-S\u0130YAH (68 MM. SARKIT L\u0130NEER LED PROF\u0130L)"},"content":{"rendered":"","protected":false},"excerpt":{"rendered":"<p><em><strong>ASP-0550 Led profili<\/strong><\/em>\u00a0direkt ve indirekt ayd\u0131nlatma gereken projelerinizde i\u00e7 mekan uygulamalar\u0131n\u0131zda lineer sark\u0131t olarak tasarlanm\u0131\u015ft\u0131r. D\u00fcz ve bombeli i\u00e7 s\u00fcrg\u00fc alternatifleriyle \u0131\u015f\u0131k da\u011f\u0131l\u0131m\u0131n\u0131 ayarlayabilirsiniz.<br \/>\nD\u00fcz i\u00e7 s\u00fcrg\u00fc ile 59 mm\u2019ye kadar LED PCB kullanabilir , bombeli i\u00e7 s\u00fcrg\u00fc ile 2x20mm Led PCB\u2019leri kullanabilirsiniz.<br \/>\nIndirekt ayd\u0131nlatma i\u00e7in 16mm\u2019lik PCB s\u00fcrg\u00fc yuvalar\u0131 tasarlanm\u0131\u015ft\u0131r. Bu \u00fcr\u00fcn \u00fcst taraf\u0131nda bulunan 2 adet 16 mm geni\u015fli\u011finde kanallar ile hem tavan , hem de zemin ayd\u0131nlatmas\u0131n\u0131 ayn\u0131 anda yapabilmektedir.<\/p>\n<p>Materyal : Aluminyum 6063-T5<br \/>\nY\u00fczey : RAL 9005 JET BLACK<br \/>\nBoy Uzunlu\u011fu : 6100 mm<br \/>\nY\u00fckseklik : 85 mm<br \/>\nGeni\u015flik : 68 mm<\/p>\n","protected":false},"featured_media":8479,"template":"","meta":[],"product_brand":[],"product_cat":[107],"product_tag":[],"class_list":{"0":"post-8474","1":"product","2":"type-product","3":"status-publish","4":"has-post-thumbnail","6":"product_cat-led-profiles","8":"first","9":"instock","10":"purchasable","11":"product-type-variable"},"_links":{"self":[{"href":"https:\/\/asproms.com\/en\/wp-json\/wp\/v2\/product\/8474","targetHints":{"allow":["GET"]}}],"collection":[{"href":"https:\/\/asproms.com\/en\/wp-json\/wp\/v2\/product"}],"about":[{"href":"https:\/\/asproms.com\/en\/wp-json\/wp\/v2\/types\/product"}],"wp:featuredmedia":[{"embeddable":true,"href":"https:\/\/asproms.com\/en\/wp-json\/wp\/v2\/media\/8479"}],"wp:attachment":[{"href":"https:\/\/asproms.com\/en\/wp-json\/wp\/v2\/media?parent=8474"}],"wp:term":[{"taxonomy":"product_brand","embeddable":true,"href":"https:\/\/asproms.com\/en\/wp-json\/wp\/v2\/product_brand?post=8474"},{"taxonomy":"product_cat","embeddable":true,"href":"https:\/\/asproms.com\/en\/wp-json\/wp\/v2\/product_cat?post=8474"},{"taxonomy":"product_tag","embeddable":true,"href":"https:\/\/asproms.com\/en\/wp-json\/wp\/v2\/product_tag?post=8474"}],"curies":[{"name":"wp","href":"https:\/\/api.w.org\/{rel}","templated":true}]}}