{"id":8300,"date":"2026-02-20T14:29:03","date_gmt":"2026-02-20T11:29:03","guid":{"rendered":"https:\/\/asproms.com\/?post_type=product&#038;p=8300"},"modified":"2026-03-25T23:12:10","modified_gmt":"2026-03-25T20:12:10","slug":"asp-0435-siyah-37-mm-lineer-led-profil","status":"publish","type":"product","link":"https:\/\/asproms.com\/en\/product\/asp-0435-siyah-37-mm-lineer-led-profil\/","title":{"rendered":"ASPL-0435-S\u0130YAH (37 MM. L\u0130NEER LED PROF\u0130L)"},"content":{"rendered":"","protected":false},"excerpt":{"rendered":"<p><em><strong>ASP-0435 S\u0130YAH<\/strong><\/em>,\u00a0<strong>statik siyah boyal\u0131 (RAL 9005)\u00a0<\/strong>y\u00fczeye sahip, y\u00fczey veya sark\u0131t uygulamalar i\u00e7in tasarlanm\u0131\u015f lineer armat\u00fcr LED profildir. 27mm LED \u015ferit uyumu ve opal dif\u00fcz\u00f6r ile modern projelerde net, \u015f\u0131k ve homojen bir \u0131\u015f\u0131k hatt\u0131 hedefler.<\/p>\n","protected":false},"featured_media":8306,"template":"","meta":[],"product_brand":[],"product_cat":[63],"product_tag":[],"class_list":{"0":"post-8300","1":"product","2":"type-product","3":"status-publish","4":"has-post-thumbnail","6":"product_cat-led-profiller","8":"first","9":"instock","10":"purchasable","11":"product-type-variable"},"_links":{"self":[{"href":"https:\/\/asproms.com\/en\/wp-json\/wp\/v2\/product\/8300","targetHints":{"allow":["GET"]}}],"collection":[{"href":"https:\/\/asproms.com\/en\/wp-json\/wp\/v2\/product"}],"about":[{"href":"https:\/\/asproms.com\/en\/wp-json\/wp\/v2\/types\/product"}],"wp:featuredmedia":[{"embeddable":true,"href":"https:\/\/asproms.com\/en\/wp-json\/wp\/v2\/media\/8306"}],"wp:attachment":[{"href":"https:\/\/asproms.com\/en\/wp-json\/wp\/v2\/media?parent=8300"}],"wp:term":[{"taxonomy":"product_brand","embeddable":true,"href":"https:\/\/asproms.com\/en\/wp-json\/wp\/v2\/product_brand?post=8300"},{"taxonomy":"product_cat","embeddable":true,"href":"https:\/\/asproms.com\/en\/wp-json\/wp\/v2\/product_cat?post=8300"},{"taxonomy":"product_tag","embeddable":true,"href":"https:\/\/asproms.com\/en\/wp-json\/wp\/v2\/product_tag?post=8300"}],"curies":[{"name":"wp","href":"https:\/\/api.w.org\/{rel}","templated":true}]}}