{"id":8292,"date":"2026-02-20T14:24:40","date_gmt":"2026-02-20T11:24:40","guid":{"rendered":"https:\/\/asproms.com\/?post_type=product&#038;p=8292"},"modified":"2026-03-25T23:13:37","modified_gmt":"2026-03-25T20:13:37","slug":"asp-0435-beyaz-37-mm-lineer-led-profil","status":"publish","type":"product","link":"https:\/\/asproms.com\/en\/product\/asp-0435-beyaz-37-mm-lineer-led-profil\/","title":{"rendered":"ASPL-0435-BEYAZ (37 MM. L\u0130NEER LED PROF\u0130L)"},"content":{"rendered":"","protected":false},"excerpt":{"rendered":"<p><em><strong>ASPL-0435B<\/strong><\/em>,\u00a0<strong>statik beyaz boyal\u0131 (RAL 9016)\u00a0<\/strong>y\u00fczeye sahip,\u00a0<strong>y\u00fczey veya sark\u0131t uygulamaya<\/strong>\u00a0uygun lineer armat\u00fcr LED profildir.\u00a0<strong>27mm\u2019ye kadar LED \u015ferit uyumu<\/strong>\u00a0ve opal dif\u00fcz\u00f6r ile modern projelerde temiz, homojen \u0131\u015f\u0131k hatt\u0131 hedefler.<\/p>\n","protected":false},"featured_media":8297,"template":"","meta":[],"product_brand":[],"product_cat":[63],"product_tag":[],"class_list":{"0":"post-8292","1":"product","2":"type-product","3":"status-publish","4":"has-post-thumbnail","6":"product_cat-led-profiller","8":"first","9":"instock","10":"purchasable","11":"product-type-variable"},"_links":{"self":[{"href":"https:\/\/asproms.com\/en\/wp-json\/wp\/v2\/product\/8292","targetHints":{"allow":["GET"]}}],"collection":[{"href":"https:\/\/asproms.com\/en\/wp-json\/wp\/v2\/product"}],"about":[{"href":"https:\/\/asproms.com\/en\/wp-json\/wp\/v2\/types\/product"}],"wp:featuredmedia":[{"embeddable":true,"href":"https:\/\/asproms.com\/en\/wp-json\/wp\/v2\/media\/8297"}],"wp:attachment":[{"href":"https:\/\/asproms.com\/en\/wp-json\/wp\/v2\/media?parent=8292"}],"wp:term":[{"taxonomy":"product_brand","embeddable":true,"href":"https:\/\/asproms.com\/en\/wp-json\/wp\/v2\/product_brand?post=8292"},{"taxonomy":"product_cat","embeddable":true,"href":"https:\/\/asproms.com\/en\/wp-json\/wp\/v2\/product_cat?post=8292"},{"taxonomy":"product_tag","embeddable":true,"href":"https:\/\/asproms.com\/en\/wp-json\/wp\/v2\/product_tag?post=8292"}],"curies":[{"name":"wp","href":"https:\/\/api.w.org\/{rel}","templated":true}]}}