{"id":8247,"date":"2026-02-20T11:09:12","date_gmt":"2026-02-20T08:09:12","guid":{"rendered":"https:\/\/asproms.com\/?post_type=product&#038;p=8247"},"modified":"2026-03-25T17:28:55","modified_gmt":"2026-03-25T14:28:55","slug":"asp-01952-siyah-20-mm-siva-alti-led-profil","status":"publish","type":"product","link":"https:\/\/asproms.com\/en\/product\/asp-01952-siyah-20-mm-siva-alti-led-profil\/","title":{"rendered":"ASPL-01952-S\u0130YAH (20 MM. SIVA ALTI LED PROF\u0130L)"},"content":{"rendered":"<p><strong>Materyal:<\/strong>\u00a0Y\u00fcksek \u0131s\u0131 iletkenli\u011fine sahip al\u00fcminyum<\/p>\n<p><strong>Y\u00fczey: Ral 9005 Boyal\u0131 Siyah Aluminyum<\/strong><\/p>\n<p><strong>Y\u00fckseklik:<\/strong>\u00a012,8 mm<\/p>\n<p><strong>Geni\u015flik:<\/strong>\u00a030,6 mm<\/p>\n<p><em><strong>\u00dcR\u00dcN \u0130ADES\u0130 YOKTUR.\u00a0<\/strong><\/em><\/p>\n","protected":false},"excerpt":{"rendered":"<div class=\"flex justify-between items-center\"><strong><span class=\"title\">\u00dcr\u00fcn A\u00e7\u0131klamas\u0131<\/span><\/strong><\/div>\n<div class=\"tab-content\">\n<p><strong>Paket \u0130\u00e7eri\u011fi:<\/strong><\/p>\n<ul>\n<li><strong>Al\u00fcminyum Profil:<\/strong>\u00a0Se\u00e7ti\u011finiz uzunluk ve adette g\u00f6nderilir.<\/li>\n<li><strong>Dif\u00fcz\u00f6r (I\u015f\u0131k Kapa\u011f\u0131):<\/strong>\u00a0Se\u00e7ti\u011finiz uzunluk ve adette g\u00f6nderilir.<\/li>\n<li><strong>2x Siyah Yan Kapak:<\/strong>\u00a0(Se\u00e7ti\u011finiz adet\/Boy adedi x 2) (Delikli ve deliksiz kapak olarak g\u00f6nderilecektir). \u00d6rne\u011fin, 3 metre 10\u2019lu paket sat\u0131n ald\u0131\u011f\u0131n\u0131zda 30 adet delikli ve 30 adet deliksiz olmak \u00fczere toplam 60 kapak g\u00f6nderilir.<\/li>\n<\/ul>\n<p><strong>ASLP-01952 Profili,<\/strong>\u00a0geni\u015fli\u011fi 20,3 mm olan LED PCB veya \u015ferit LED\u2019lere uyumlu \u015fekilde tasarlanm\u0131\u015ft\u0131r. S\u0131va alt\u0131 montaj\u0131 sayesinde dekoratif ayd\u0131nlatma projelerinde estetik bir g\u00f6r\u00fcn\u00fcm sunar. Profili tamamen g\u00f6mme yap\u0131s\u0131, \u0131\u015f\u0131k kayna\u011f\u0131n\u0131n zarif bir \u015fekilde saklanmas\u0131na olanak tan\u0131r ve mimari tasar\u0131mlarda temiz, modern bir g\u00f6r\u00fcn\u00fcm sa\u011flar.<\/p>\n<p><strong>\u00dcr\u00fcn\u00fcn Kullan\u0131m Alanlar\u0131:<\/strong><\/p>\n<ul>\n<li>\u0130\u00e7 mekan s\u0131va alt\u0131 ayd\u0131nlatma projeleri<\/li>\n<li>Tavan ve duvar ayd\u0131nlatmalar\u0131<\/li>\n<li>Ticari ve konut projelerinde homojen \u0131\u015f\u0131k yay\u0131l\u0131m\u0131 gereken alanlar<\/li>\n<li><em><strong>\u00dcR\u00dcN \u0130ADES\u0130 YOKTUR.\u00a0<\/strong><\/em><\/li>\n<\/ul>\n<\/div>\n","protected":false},"featured_media":8252,"template":"","meta":[],"product_brand":[],"product_cat":[63],"product_tag":[],"class_list":{"0":"post-8247","1":"product","2":"type-product","3":"status-publish","4":"has-post-thumbnail","6":"product_cat-led-profiller","8":"first","9":"instock","10":"purchasable","11":"product-type-variable"},"_links":{"self":[{"href":"https:\/\/asproms.com\/en\/wp-json\/wp\/v2\/product\/8247","targetHints":{"allow":["GET"]}}],"collection":[{"href":"https:\/\/asproms.com\/en\/wp-json\/wp\/v2\/product"}],"about":[{"href":"https:\/\/asproms.com\/en\/wp-json\/wp\/v2\/types\/product"}],"wp:featuredmedia":[{"embeddable":true,"href":"https:\/\/asproms.com\/en\/wp-json\/wp\/v2\/media\/8252"}],"wp:attachment":[{"href":"https:\/\/asproms.com\/en\/wp-json\/wp\/v2\/media?parent=8247"}],"wp:term":[{"taxonomy":"product_brand","embeddable":true,"href":"https:\/\/asproms.com\/en\/wp-json\/wp\/v2\/product_brand?post=8247"},{"taxonomy":"product_cat","embeddable":true,"href":"https:\/\/asproms.com\/en\/wp-json\/wp\/v2\/product_cat?post=8247"},{"taxonomy":"product_tag","embeddable":true,"href":"https:\/\/asproms.com\/en\/wp-json\/wp\/v2\/product_tag?post=8247"}],"curies":[{"name":"wp","href":"https:\/\/api.w.org\/{rel}","templated":true}]}}