{"id":8226,"date":"2026-02-20T10:53:53","date_gmt":"2026-02-20T07:53:53","guid":{"rendered":"https:\/\/asproms.com\/?post_type=product&#038;p=8226"},"modified":"2026-03-25T17:23:59","modified_gmt":"2026-03-25T14:23:59","slug":"asp-01951-siyah-20-mm-yuksek-siva-ustu-led-profil","status":"publish","type":"product","link":"https:\/\/asproms.com\/en\/product\/asp-01951-siyah-20-mm-yuksek-siva-ustu-led-profil\/","title":{"rendered":"ASPL-01951-S\u0130YAH (20 MM. Y\u00dcKSEK SIVA \u00dcST\u00dc LED PROF\u0130L)"},"content":{"rendered":"<p><strong>Materyal:<\/strong>\u00a0Y\u00fcksek \u0131s\u0131 iletkenli\u011fine sahip al\u00fcminyum<\/p>\n<p><b>Y\u00fczey:\u00a0Ral 9005 Siyah Boyal\u0131 Aluminyum Profil<\/b><\/p>\n<p><strong>Y\u00fckseklik:<\/strong>\u00a012,8 mm<\/p>\n<p><strong>Geni\u015flik:<\/strong>\u00a023,5 mm<\/p>\n<p><em><strong>\u00dcR\u00dcN \u0130ADES\u0130 YOKTUR.\u00a0<\/strong><\/em><\/p>\n","protected":false},"excerpt":{"rendered":"<div class=\"flex justify-between items-center\"><span class=\"title\">\u00dcr\u00fcn A\u00e7\u0131klamas\u0131<\/span><\/div>\n<div class=\"tab-content\">\n<p><strong>Paket \u0130\u00e7eri\u011fi:<\/strong><\/p>\n<ul>\n<li><strong>Al\u00fcminyum Profil:<\/strong>\u00a0Se\u00e7ti\u011finiz uzunluk ve adette g\u00f6nderilir.<\/li>\n<li><strong>Dif\u00fcz\u00f6r (I\u015f\u0131k Kapa\u011f\u0131):<\/strong>\u00a0Se\u00e7ti\u011finiz uzunluk ve adette g\u00f6nderilir.<\/li>\n<li><strong>2x Siyah Yan Kapak:<\/strong>\u00a0(Se\u00e7ti\u011finiz adet\/Boy adedi x 2) (Delikli ve deliksiz kapak olarak g\u00f6nderilecektir). \u00d6rne\u011fin, 3 metre 10\u2019lu paket sat\u0131n ald\u0131\u011f\u0131n\u0131zda 30 adet delikli ve 30 adet deliksiz olmak \u00fczere toplam 60 kapak g\u00f6nderilir.<\/li>\n<li><strong>2x Montaj Klipsi:<\/strong>\u00a0(Se\u00e7ti\u011finiz adet\/Boy adedi x 2).<\/li>\n<\/ul>\n<p><strong>ASPL-01951 Siyah ASL Profili,<\/strong>\u00a0geni\u015fli\u011fi 20,3 mm olan LED PCB veya \u015ferit LED\u2019lere uyumlu bir \u015fekilde tasarlanm\u0131\u015ft\u0131r. S\u0131va \u00fcst\u00fc montaj i\u00e7in uygun olan bu profil, i\u00e7 mekanlarda estetik ve modern bir g\u00f6r\u00fcn\u00fcm sunarak ayd\u0131nlatma \u00e7\u00f6z\u00fcmlerine zarif bir katk\u0131 sa\u011flar. Bu profil, mimari uygulamalarda tercih edilen \u015f\u0131k bir \u00e7\u00f6z\u00fcm sunmaktad\u0131r.<\/p>\n<p><strong>\u00dcr\u00fcn\u00fcn Kullan\u0131m Alanlar\u0131:<\/strong><\/p>\n<ul>\n<li>Tavan, duvar ve zemin \u00fcst\u00fc ayd\u0131nlatma uygulamalar\u0131<\/li>\n<li>Mutfak dolaplar\u0131, dolap i\u00e7i ve raf alt\u0131 dekoratif ayd\u0131nlatmalar<\/li>\n<li>Ofis ve otel gibi ticari alanlarda estetik ayd\u0131nlatma \u00e7\u00f6z\u00fcmleri<\/li>\n<li><em><strong>\u00dcR\u00dcN \u0130ADES\u0130 YOKTUR.\u00a0<\/strong><\/em><\/li>\n<\/ul>\n<\/div>\n","protected":false},"featured_media":8231,"template":"","meta":[],"product_brand":[],"product_cat":[107],"product_tag":[],"class_list":{"0":"post-8226","1":"product","2":"type-product","3":"status-publish","4":"has-post-thumbnail","6":"product_cat-led-profiles","8":"first","9":"instock","10":"purchasable","11":"product-type-variable"},"_links":{"self":[{"href":"https:\/\/asproms.com\/en\/wp-json\/wp\/v2\/product\/8226","targetHints":{"allow":["GET"]}}],"collection":[{"href":"https:\/\/asproms.com\/en\/wp-json\/wp\/v2\/product"}],"about":[{"href":"https:\/\/asproms.com\/en\/wp-json\/wp\/v2\/types\/product"}],"wp:featuredmedia":[{"embeddable":true,"href":"https:\/\/asproms.com\/en\/wp-json\/wp\/v2\/media\/8231"}],"wp:attachment":[{"href":"https:\/\/asproms.com\/en\/wp-json\/wp\/v2\/media?parent=8226"}],"wp:term":[{"taxonomy":"product_brand","embeddable":true,"href":"https:\/\/asproms.com\/en\/wp-json\/wp\/v2\/product_brand?post=8226"},{"taxonomy":"product_cat","embeddable":true,"href":"https:\/\/asproms.com\/en\/wp-json\/wp\/v2\/product_cat?post=8226"},{"taxonomy":"product_tag","embeddable":true,"href":"https:\/\/asproms.com\/en\/wp-json\/wp\/v2\/product_tag?post=8226"}],"curies":[{"name":"wp","href":"https:\/\/api.w.org\/{rel}","templated":true}]}}