{"id":8177,"date":"2026-02-20T09:56:45","date_gmt":"2026-02-20T06:56:45","guid":{"rendered":"https:\/\/asproms.com\/?post_type=product&#038;p=8177"},"modified":"2026-03-25T16:49:41","modified_gmt":"2026-03-25T13:49:41","slug":"asp-0971-siyah-17-mm-led-profil","status":"publish","type":"product","link":"https:\/\/asproms.com\/en\/product\/asp-0971-siyah-17-mm-led-profil\/","title":{"rendered":"ASPL-0971-S\u0130YAH (17 MM. LED PROF\u0130L)"},"content":{"rendered":"<div><b>\u00dcr\u00fcn \u00d6zellikleri:<\/b><\/div>\n<div>Malzeme: Aluminyum 6063-T5 \u2013 Dayan\u0131kl\u0131l\u0131\u011f\u0131 ve hafifli\u011fi ile bilinen bu malzeme, uzun \u00f6m\u00fcrl\u00fc kullan\u0131m sa\u011flar.<\/div>\n<div>Y\u00fczey:\u00a0<strong>Siyah Boy<\/strong>a \u2013 \u015e\u0131k ve modern bir g\u00f6r\u00fcn\u00fcm sunar, ayn\u0131 zamanda korozyona kar\u015f\u0131 y\u00fcksek diren\u00e7 sa\u011flar.<\/div>\n<div>Y\u00fckseklik: 15 mm \u2013 \u0130nce ve zarif tasar\u0131m\u0131 ile mek\u00e2nlar\u0131n\u0131za kusursuz bir uyum sa\u011flar.<\/div>\n<div>Geni\u015flik: 17 mm \u2013 Kompakt yap\u0131s\u0131 ile her t\u00fcrl\u00fc y\u00fczeye kolayca monte edilebilir.<\/div>\n<div>\u0130\u00e7 Geni\u015flik: 12,3 mm \u2013 LED \u015feritler i\u00e7in ideal geni\u015flik sunar.<\/div>\n","protected":false},"excerpt":{"rendered":"<div class=\"flex justify-between items-center\"><strong><span class=\"title\">\u00dcr\u00fcn A\u00e7\u0131klamas\u0131<\/span><\/strong><\/div>\n<div class=\"tab-content\">\n<div><b>Paket i\u00e7eri\u011findeki adetler a\u015fa\u011f\u0131daki gibi olacakt\u0131r.\u00a0<\/b><\/div>\n<ul>\n<li>Siyah Aluminyum Profil Se\u00e7ti\u011finiz Uzunluk ve Adette g\u00f6nderilir.<\/li>\n<li>Dif\u00fcz\u00f6r (I\u015f\u0131k kapa\u011f\u0131) Se\u00e7ti\u011finiz uzunluk ve adette g\u00f6nderilir.<\/li>\n<li>2x Siyah Yan kapak (Se\u00e7ti\u011finiz adet\/Boy adedi x 2) (Delikli ve Deliksiz kapak olarak g\u00f6nderilecektir) * \u00d6rne\u011fin 3 metre 10 lu paket sat\u0131n ald\u0131\u011f\u0131n\u0131z da 30 adet delikli ve 30 adet deliksiz toplam 60 paket kapak g\u00f6nderilir.<\/li>\n<li>2x Klips (Se\u00e7ti\u011finiz adet\/Boy adedi x 2 )<\/li>\n<\/ul>\n<div><\/div>\n<div>\n<div>Modern ayd\u0131nlatma \u00e7\u00f6z\u00fcmleriniz i\u00e7in estetik ve i\u015flevselli\u011fi bir arada sunan 17 mm Siyah Y\u00fcksek Led Profil \u2013 971B ASL ile tan\u0131\u015f\u0131n. Bu y\u00fcksek kaliteli LED profil, her t\u00fcrl\u00fc mekan i\u00e7in ideal bir ayd\u0131nlatma \u00e7\u00f6z\u00fcm\u00fc sunar.<\/div>\n<\/div>\n<\/div>\n<div>\u00dcR\u00dcN \u0130ADES\u0130 YOKTUR.<\/div>\n","protected":false},"featured_media":8178,"template":"","meta":[],"product_brand":[],"product_cat":[63],"product_tag":[],"class_list":{"0":"post-8177","1":"product","2":"type-product","3":"status-publish","4":"has-post-thumbnail","6":"product_cat-led-profiller","8":"first","9":"instock","10":"purchasable","11":"product-type-variable"},"_links":{"self":[{"href":"https:\/\/asproms.com\/en\/wp-json\/wp\/v2\/product\/8177","targetHints":{"allow":["GET"]}}],"collection":[{"href":"https:\/\/asproms.com\/en\/wp-json\/wp\/v2\/product"}],"about":[{"href":"https:\/\/asproms.com\/en\/wp-json\/wp\/v2\/types\/product"}],"wp:featuredmedia":[{"embeddable":true,"href":"https:\/\/asproms.com\/en\/wp-json\/wp\/v2\/media\/8178"}],"wp:attachment":[{"href":"https:\/\/asproms.com\/en\/wp-json\/wp\/v2\/media?parent=8177"}],"wp:term":[{"taxonomy":"product_brand","embeddable":true,"href":"https:\/\/asproms.com\/en\/wp-json\/wp\/v2\/product_brand?post=8177"},{"taxonomy":"product_cat","embeddable":true,"href":"https:\/\/asproms.com\/en\/wp-json\/wp\/v2\/product_cat?post=8177"},{"taxonomy":"product_tag","embeddable":true,"href":"https:\/\/asproms.com\/en\/wp-json\/wp\/v2\/product_tag?post=8177"}],"curies":[{"name":"wp","href":"https:\/\/api.w.org\/{rel}","templated":true}]}}