{"id":8149,"date":"2026-02-20T00:22:28","date_gmt":"2026-02-19T21:22:28","guid":{"rendered":"https:\/\/asproms.com\/?post_type=product&#038;p=8149"},"modified":"2026-03-27T00:00:45","modified_gmt":"2026-03-26T21:00:45","slug":"asp-01971-siyah-17-mm-led-profil","status":"publish","type":"product","link":"https:\/\/asproms.com\/en\/product\/asp-01971-siyah-17-mm-led-profil\/","title":{"rendered":"ASPL-01971-S\u0130YAH (17 MM. LED PROF\u0130L)"},"content":{"rendered":"","protected":false},"excerpt":{"rendered":"<div class=\"flex justify-between items-center\"><strong><span class=\"title\">\u00dcr\u00fcn A\u00e7\u0131klamas\u0131<\/span><\/strong><\/div>\n<div class=\"tab-content\">\n<div>Paket i\u00e7eri\u011findeki adetler a\u015fa\u011f\u0131daki gibi olacakt\u0131r.<\/div>\n<ul>\n<li>Siyah Boyal\u0131 Aluminyum Profil Se\u00e7ti\u011finiz Uzunluk ve Adette g\u00f6nderilir.<\/li>\n<li>Dif\u00fcz\u00f6r (I\u015f\u0131k kapa\u011f\u0131) Se\u00e7ti\u011finiz uzunluk ve adette g\u00f6nderilir.<\/li>\n<li>2x Siyah Yan kapak (Se\u00e7ti\u011finiz adet\/Boy adedi x 2) (Delikli ve Deliksiz kapak olarak g\u00f6nderilecektir) * \u00d6rne\u011fin 3 metre 10 lu paket sat\u0131n ald\u0131\u011f\u0131n\u0131z da 30 adet delikli ve 30 adet deliksiz toplam 60 paket kapak g\u00f6nderilir.<\/li>\n<li>2x Klips (Se\u00e7ti\u011finiz adet\/Boy adedi x 2 )<\/li>\n<li>\u00dcR\u00dcN \u0130ADES\u0130 YOKTUR.<\/li>\n<\/ul>\n<div>*G\u00f6rseldeki renkler farkl\u0131l\u0131k g\u00f6sterebilir \u00fcr\u00fcn ve kapaklar\u0131 siyah renklidir.<\/div>\n<div><\/div>\n<div>LED ayd\u0131nlatma \u00e7\u00f6z\u00fcmlerinde m\u00fckemmel bir se\u00e7enek olan ASPL-01971 Siyah LED Lineer Profil, estetik tasar\u0131m\u0131 ve y\u00fcksek kalite malzemesi ile dikkat \u00e7ekiyor. 16,7 mm geni\u015fli\u011finde ve 8 mm y\u00fcksekli\u011findeki bu profil, 12,3 mm i\u00e7 geni\u015fli\u011fi ile \u00e7e\u015fitli LED \u015feritlerin kolayca monte edilmesini sa\u011flar. ASPL-01971 LED Lineer Profil, hem profesyonel projelerde hem de ev i\u00e7i dekorasyonlarda kullan\u0131ma uygundur. Modern ve \u015f\u0131k ayd\u0131nlatma uygulamalar\u0131n\u0131z i\u00e7in ideal bir \u00e7\u00f6z\u00fcmd\u00fcr.<\/div>\n<div>Kullan\u0131m Alanlar\u0131: \u0130\u00e7 mekan dekorasyonlar\u0131, ma\u011faza vitrinleri, ofis ayd\u0131nlatmalar\u0131, mutfak tezgahlar\u0131, tavan ve duvar ayd\u0131nlatmalar\u0131<\/div>\n<\/div>\n","protected":false},"featured_media":8154,"template":"","meta":[],"product_brand":[],"product_cat":[63],"product_tag":[],"class_list":{"0":"post-8149","1":"product","2":"type-product","3":"status-publish","4":"has-post-thumbnail","6":"product_cat-led-profiller","8":"first","9":"instock","10":"purchasable","11":"product-type-variable"},"_links":{"self":[{"href":"https:\/\/asproms.com\/en\/wp-json\/wp\/v2\/product\/8149","targetHints":{"allow":["GET"]}}],"collection":[{"href":"https:\/\/asproms.com\/en\/wp-json\/wp\/v2\/product"}],"about":[{"href":"https:\/\/asproms.com\/en\/wp-json\/wp\/v2\/types\/product"}],"wp:featuredmedia":[{"embeddable":true,"href":"https:\/\/asproms.com\/en\/wp-json\/wp\/v2\/media\/8154"}],"wp:attachment":[{"href":"https:\/\/asproms.com\/en\/wp-json\/wp\/v2\/media?parent=8149"}],"wp:term":[{"taxonomy":"product_brand","embeddable":true,"href":"https:\/\/asproms.com\/en\/wp-json\/wp\/v2\/product_brand?post=8149"},{"taxonomy":"product_cat","embeddable":true,"href":"https:\/\/asproms.com\/en\/wp-json\/wp\/v2\/product_cat?post=8149"},{"taxonomy":"product_tag","embeddable":true,"href":"https:\/\/asproms.com\/en\/wp-json\/wp\/v2\/product_tag?post=8149"}],"curies":[{"name":"wp","href":"https:\/\/api.w.org\/{rel}","templated":true}]}}