{"id":8053,"date":"2025-05-16T14:30:12","date_gmt":"2025-05-16T11:30:12","guid":{"rendered":"https:\/\/asproms.com\/?post_type=product&#038;p=8053"},"modified":"2026-03-25T23:44:11","modified_gmt":"2026-03-25T20:44:11","slug":"915s-asl-lineer-led-profil","status":"publish","type":"product","link":"https:\/\/asproms.com\/en\/product\/915s-asl-lineer-led-profil\/","title":{"rendered":"ASPL-0915-S\u0130YAH (17 MM. ZEM\u0130NE MONTAJ LED PROF\u0130L)"},"content":{"rendered":"<p><strong>Materyal :<\/strong>\u00a0Y\u00fcksek \u0131s\u0131 iletkenli\u011fi olan Aluminyum<br \/>\n<strong>Y\u00fczey\u00a0 \u00a0 \u00a0:<\/strong>\u00a0Siyah Boyal\u0131 y\u00fczey<br \/>\n<strong>Y\u00fckseklik :<\/strong>\u00a015 mm<br \/>\n<strong>Geni\u015flik :<\/strong>\u00a016,80 mm<\/p>\n","protected":false},"excerpt":{"rendered":"<div class=\"top-content\">\n<div class=\"title\"><strong>\u00dcr\u00fcn A\u00e7\u0131klamalar\u0131<\/strong><\/div>\n<\/div>\n<div class=\"page-content text-center text-sm-start\">\n<h6 class=\"\">Paket i\u00e7eri\u011findeki adetler a\u015fa\u011f\u0131daki gibi olacakt\u0131r.<\/h6>\n<ul>\n<li>Siyah Aluminyum Profil Se\u00e7ti\u011finiz Uzunluk ve Adette g\u00f6nderilir.<\/li>\n<\/ul>\n<ul>\n<li>Dif\u00fcz\u00f6r (I\u015f\u0131k kapa\u011f\u0131) Se\u00e7ti\u011finiz uzunluk ve adette g\u00f6nderilir.<\/li>\n<\/ul>\n<ul>\n<li>2x Siyah Yan kapak (Se\u00e7ti\u011finiz adet\/Boy\u00a0adedi\u00a0x 2) (Delikli ve Deliksiz kapak olarak g\u00f6nderilecektir) * \u00d6rne\u011fin 3 metre 10 lu paket sat\u0131n ald\u0131\u011f\u0131n\u0131z da 30 adet delikli ve 30 adet deliksiz toplam 60 paket kapak g\u00f6nderilir.<\/li>\n<\/ul>\n<ul>\n<li>2x Klips (Se\u00e7ti\u011finiz adet\/Boy\u00a0adedi\u00a0x 2\u00a0)<\/li>\n<\/ul>\n<h6 class=\"\">17 mm Led\u00a0 Profili 14,60 mm geni\u015fli\u011finde led pcb ya da \u015ferit lede uyumlu \u015fekildedir. Y\u00fcksekli\u011fi 15 mmdir ve klipsi ve tasar\u0131m\u0131 sayesinde d\u00fcz zemine s\u0131f\u0131r montaj yap\u0131labilir.<\/h6>\n<h6 class=\"\">\u00dcr\u00fcn\u00fcn kullan\u0131m alanlar\u0131 raf alt\u0131 uygulamalar, ofis ayd\u0131nlatmas\u0131, mutfak dolab\u0131 ayd\u0131nlatmas\u0131, dolap ayd\u0131nlatmas\u0131 gibi dekoratif ayd\u0131nlatmalard\u0131r.<\/h6>\n<p>&nbsp;<\/p>\n<\/div>\n","protected":false},"featured_media":8054,"template":"","meta":[],"product_brand":[],"product_cat":[63],"product_tag":[],"class_list":{"0":"post-8053","1":"product","2":"type-product","3":"status-publish","4":"has-post-thumbnail","6":"product_cat-led-profiller","8":"first","9":"instock","10":"taxable","11":"shipping-taxable","12":"purchasable","13":"product-type-variable"},"_links":{"self":[{"href":"https:\/\/asproms.com\/en\/wp-json\/wp\/v2\/product\/8053","targetHints":{"allow":["GET"]}}],"collection":[{"href":"https:\/\/asproms.com\/en\/wp-json\/wp\/v2\/product"}],"about":[{"href":"https:\/\/asproms.com\/en\/wp-json\/wp\/v2\/types\/product"}],"wp:featuredmedia":[{"embeddable":true,"href":"https:\/\/asproms.com\/en\/wp-json\/wp\/v2\/media\/8054"}],"wp:attachment":[{"href":"https:\/\/asproms.com\/en\/wp-json\/wp\/v2\/media?parent=8053"}],"wp:term":[{"taxonomy":"product_brand","embeddable":true,"href":"https:\/\/asproms.com\/en\/wp-json\/wp\/v2\/product_brand?post=8053"},{"taxonomy":"product_cat","embeddable":true,"href":"https:\/\/asproms.com\/en\/wp-json\/wp\/v2\/product_cat?post=8053"},{"taxonomy":"product_tag","embeddable":true,"href":"https:\/\/asproms.com\/en\/wp-json\/wp\/v2\/product_tag?post=8053"}],"curies":[{"name":"wp","href":"https:\/\/api.w.org\/{rel}","templated":true}]}}