{"id":7971,"date":"2025-03-12T14:13:18","date_gmt":"2025-03-12T11:13:18","guid":{"rendered":"https:\/\/asproms.com\/?post_type=product&#038;p=7971"},"modified":"2026-03-25T16:14:33","modified_gmt":"2026-03-25T13:14:33","slug":"1964-asl-3030-raf-alti-kose-led-profili","status":"publish","type":"product","link":"https:\/\/asproms.com\/en\/product\/1964-asl-3030-raf-alti-kose-led-profili\/","title":{"rendered":"ASPL-01964-ELOKSALLI (30*30 RAF ALTI K\u00d6\u015eE LED PROF\u0130L)"},"content":{"rendered":"<p><strong>Materyal<\/strong>:\u00a0Y\u00fcksek \u0131s\u0131 iletkenli\u011fine sahip al\u00fcminyum<\/p>\n<p><strong>Y\u00fczey<\/strong>:\u00a0Mat Beyaz Eloksal kaplamal\u0131 y\u00fczey<\/p>\n<p><strong>\u00dcR\u00dcN \u0130ADES\u0130 MEVCUT DE\u011e\u0130LD\u0130R.\u00a0<\/strong><\/p>\n","protected":false},"excerpt":{"rendered":"<div class=\"flex justify-between items-center\"><strong><span class=\"title\">\u00dcr\u00fcn A\u00e7\u0131klamas\u0131<\/span><\/strong><\/div>\n<div class=\"tab-content\">\n<p><strong>Paket \u0130\u00e7eri\u011fi:<\/strong><\/p>\n<ul>\n<li>Al\u00fcminyum Profil:\u00a0Se\u00e7ti\u011finiz uzunluk ve adette g\u00f6nderilir.<\/li>\n<li>Dif\u00fcz\u00f6r (I\u015f\u0131k Kapa\u011f\u0131):\u00a0Se\u00e7ti\u011finiz uzunluk ve adette g\u00f6nderilir.<\/li>\n<li>2x Yan Kapak:\u00a0(Se\u00e7ti\u011finiz adet\/Boy adedi x 2) (Delikli ve deliksiz olarak g\u00f6nderilecektir).<\/li>\n<li>2x Montaj Klipsi:\u00a0(Se\u00e7ti\u011finiz adet\/Boy adedi x 2).<\/li>\n<\/ul>\n<p>1964 ASL raf alt\u0131 LED profili, raf ve dolap alt\u0131 ayd\u0131nlatmalar i\u00e7in \u00f6zel olarak tasarlanm\u0131\u015f zarif bir \u00e7\u00f6z\u00fcmd\u00fcr. V-\u015feklindeki yap\u0131s\u0131 sayesinde \u0131\u015f\u0131\u011f\u0131 geni\u015f bir alana yayarak homojen bir ayd\u0131nlatma sa\u011flar. Y\u00fcksek kaliteli al\u00fcminyum malzemesi ve opak dif\u00fcz\u00f6r ile LED\u2019lerden gelen \u0131\u015f\u0131\u011f\u0131 yumu\u015fatarak g\u00f6z yorgunlu\u011funu en aza indirir.<\/p>\n<p><strong>Kullan\u0131m Alanlar\u0131:<\/strong><\/p>\n<ul>\n<li>Mutfak dolaplar\u0131<\/li>\n<li>Raf alt\u0131 ayd\u0131nlatma<\/li>\n<li>Dolap i\u00e7i dekoratif ayd\u0131nlatmalar<\/li>\n<li>Vitrin ve sergi ayd\u0131nlatmalar\u0131<\/li>\n<li><strong>\u00dcR\u00dcN \u0130ADES\u0130 MEVCUT DE\u011e\u0130LD\u0130R.\u00a0<\/strong><\/li>\n<\/ul>\n<\/div>\n","protected":false},"featured_media":7972,"template":"","meta":[],"product_brand":[],"product_cat":[63],"product_tag":[],"class_list":{"0":"post-7971","1":"product","2":"type-product","3":"status-publish","4":"has-post-thumbnail","6":"product_cat-led-profiller","8":"first","9":"instock","10":"purchasable","11":"product-type-variable"},"_links":{"self":[{"href":"https:\/\/asproms.com\/en\/wp-json\/wp\/v2\/product\/7971","targetHints":{"allow":["GET"]}}],"collection":[{"href":"https:\/\/asproms.com\/en\/wp-json\/wp\/v2\/product"}],"about":[{"href":"https:\/\/asproms.com\/en\/wp-json\/wp\/v2\/types\/product"}],"wp:featuredmedia":[{"embeddable":true,"href":"https:\/\/asproms.com\/en\/wp-json\/wp\/v2\/media\/7972"}],"wp:attachment":[{"href":"https:\/\/asproms.com\/en\/wp-json\/wp\/v2\/media?parent=7971"}],"wp:term":[{"taxonomy":"product_brand","embeddable":true,"href":"https:\/\/asproms.com\/en\/wp-json\/wp\/v2\/product_brand?post=7971"},{"taxonomy":"product_cat","embeddable":true,"href":"https:\/\/asproms.com\/en\/wp-json\/wp\/v2\/product_cat?post=7971"},{"taxonomy":"product_tag","embeddable":true,"href":"https:\/\/asproms.com\/en\/wp-json\/wp\/v2\/product_tag?post=7971"}],"curies":[{"name":"wp","href":"https:\/\/api.w.org\/{rel}","templated":true}]}}