{"id":7922,"date":"2025-02-16T12:25:22","date_gmt":"2025-02-16T09:25:22","guid":{"rendered":"https:\/\/asproms.com\/?post_type=product&#038;p=7922"},"modified":"2025-02-16T12:25:24","modified_gmt":"2025-02-16T09:25:24","slug":"1420-as-set","status":"publish","type":"product","link":"https:\/\/asproms.com\/en\/product\/1420-as-set\/","title":{"rendered":"1420 AS SET"},"content":{"rendered":"<p>1420 AS-Set \u00fcr\u00fcn\u00fc, y\u00fcksek performansl\u0131 so\u011futma gerektiren devrelerde kullan\u0131l\u0131r. End\u00fcstride &#8220;zorlanm\u0131\u015f konveksiyon&#8221; olarak bilinen ve \u00f6zellikle g\u00fc\u00e7 kaynaklar\u0131 gibi devrelerde kullan\u0131lan fan ile \u0131s\u0131nan havay\u0131 do\u011frudan d\u0131\u015far\u0131 atabilmeniz i\u00e7in tasarlanm\u0131\u015ft\u0131r. Tasar\u0131m\u0131ndan dolay\u0131 istenilen boy ve geni\u015fliklerde yap\u0131labilmektedir. \u00d6zel ihtiya\u00e7lar\u0131n\u0131z i\u00e7in CNC ve freze i\u015flemleri yap\u0131labilir. Kategori: Y\u00fcksek Yo\u011funluklu So\u011futma Kapasitesi<\/p>\n<p>Malzeme: Al\u00fcminyum 6063-T5<\/p>\n<p>Kaplama: Pres ve Ham<\/p>\n<p>Y\u00fckseklik: 120mm<\/p>\n<p>Geni\u015flik gerekti\u011fi gibi \u00f6zelle\u015ftirilebilir.<\/p>\n<p>Bu \u00fcr\u00fcnle ilgili detayl\u0131 sorular\u0131n\u0131z ve \u00f6zel i\u015flem talepleriniz i\u00e7in bizimle ileti\u015fime ge\u00e7ebilirsiniz.<\/p>\n","protected":false},"excerpt":{"rendered":"<p>1420 AS-Set \u00fcr\u00fcn\u00fc, y\u00fcksek performansl\u0131 so\u011futma gerektiren devrelerde kullan\u0131l\u0131r. End\u00fcstride &#8220;zorlanm\u0131\u015f konveksiyon&#8221; olarak bilinen ve \u00f6zellikle g\u00fc\u00e7 kaynaklar\u0131 gibi devrelerde kullan\u0131lan fan ile \u0131s\u0131nan havay\u0131 do\u011frudan d\u0131\u015far\u0131 atabilmeniz i\u00e7in tasarlanm\u0131\u015ft\u0131r. Tasar\u0131m\u0131ndan dolay\u0131 istenilen boy ve geni\u015fliklerde yap\u0131labilmektedir. \u00d6zel ihtiya\u00e7lar\u0131n\u0131z i\u00e7in CNC ve freze i\u015flemleri yap\u0131labilir. Kategori: Y\u00fcksek Yo\u011funluklu So\u011futma Kapasitesi<\/p>\n<p>Malzeme: Al\u00fcminyum 6063-T5<\/p>\n<p>Kaplama: Pres ve Ham<\/p>\n<p>Y\u00fckseklik: 120mm<\/p>\n<p>Geni\u015flik gerekti\u011fi gibi \u00f6zelle\u015ftirilebilir.<\/p>\n<p>Bu \u00fcr\u00fcnle ilgili detayl\u0131 sorular\u0131n\u0131z ve \u00f6zel i\u015flem talepleriniz i\u00e7in bizimle ileti\u015fime ge\u00e7ebilirsiniz.<\/p>\n","protected":false},"featured_media":7923,"template":"","meta":[],"product_brand":[],"product_cat":[58,62],"product_tag":[],"class_list":{"0":"post-7922","1":"product","2":"type-product","3":"status-publish","4":"has-post-thumbnail","6":"product_cat-sogutucu-profilleri","7":"product_cat-yuksek-performansli-sogutucular","9":"first","10":"instock","11":"taxable","12":"shipping-taxable","13":"product-type-simple"},"_links":{"self":[{"href":"https:\/\/asproms.com\/en\/wp-json\/wp\/v2\/product\/7922","targetHints":{"allow":["GET"]}}],"collection":[{"href":"https:\/\/asproms.com\/en\/wp-json\/wp\/v2\/product"}],"about":[{"href":"https:\/\/asproms.com\/en\/wp-json\/wp\/v2\/types\/product"}],"wp:featuredmedia":[{"embeddable":true,"href":"https:\/\/asproms.com\/en\/wp-json\/wp\/v2\/media\/7923"}],"wp:attachment":[{"href":"https:\/\/asproms.com\/en\/wp-json\/wp\/v2\/media?parent=7922"}],"wp:term":[{"taxonomy":"product_brand","embeddable":true,"href":"https:\/\/asproms.com\/en\/wp-json\/wp\/v2\/product_brand?post=7922"},{"taxonomy":"product_cat","embeddable":true,"href":"https:\/\/asproms.com\/en\/wp-json\/wp\/v2\/product_cat?post=7922"},{"taxonomy":"product_tag","embeddable":true,"href":"https:\/\/asproms.com\/en\/wp-json\/wp\/v2\/product_tag?post=7922"}],"curies":[{"name":"wp","href":"https:\/\/api.w.org\/{rel}","templated":true}]}}