{"id":7903,"date":"2024-08-06T13:06:40","date_gmt":"2024-08-06T10:06:40","guid":{"rendered":"https:\/\/asproms.com\/?post_type=product&#038;p=7903"},"modified":"2024-08-06T13:06:41","modified_gmt":"2024-08-06T10:06:41","slug":"140-as","status":"publish","type":"product","link":"https:\/\/asproms.com\/en\/product\/140-as\/","title":{"rendered":"140 AS"},"content":{"rendered":"<div class=\"top-content\">\n<div class=\"title\"><strong>\u00dcr\u00fcn A\u00e7\u0131klamalar\u0131<\/strong><\/div>\n<\/div>\n<div class=\"page-content text-center text-sm-start\">\n<p>Materyal : Aluminyum 6063-T5<br \/>\nY\u00fczey : Aluminyum Pres<br \/>\nBoy Uzunlu\u011fu : 6100 mm<br \/>\nY\u00fckseklik : 55 mm<br \/>\nGeni\u015flik : 139 mm<\/p>\n<\/div>\n","protected":false},"excerpt":{"rendered":"<div class=\"top-content\">\n<div class=\"title\"><strong>\u00dcr\u00fcn A\u00e7\u0131klamalar\u0131<\/strong><\/div>\n<\/div>\n<div class=\"page-content text-center text-sm-start\">\n<p>Materyal : Aluminyum 6063-T5<br \/>\nY\u00fczey : Aluminyum Pres<br \/>\nBoy Uzunlu\u011fu : 6100 mm<br \/>\nY\u00fckseklik : 55 mm<br \/>\nGeni\u015flik : 139 mm<\/p>\n<\/div>\n","protected":false},"featured_media":7904,"template":"","meta":[],"product_brand":[],"product_cat":[15],"product_tag":[],"class_list":{"0":"post-7903","1":"product","2":"type-product","3":"status-publish","4":"has-post-thumbnail","6":"product_cat-other","8":"first","9":"instock","10":"taxable","11":"shipping-taxable","12":"product-type-simple"},"_links":{"self":[{"href":"https:\/\/asproms.com\/en\/wp-json\/wp\/v2\/product\/7903","targetHints":{"allow":["GET"]}}],"collection":[{"href":"https:\/\/asproms.com\/en\/wp-json\/wp\/v2\/product"}],"about":[{"href":"https:\/\/asproms.com\/en\/wp-json\/wp\/v2\/types\/product"}],"wp:featuredmedia":[{"embeddable":true,"href":"https:\/\/asproms.com\/en\/wp-json\/wp\/v2\/media\/7904"}],"wp:attachment":[{"href":"https:\/\/asproms.com\/en\/wp-json\/wp\/v2\/media?parent=7903"}],"wp:term":[{"taxonomy":"product_brand","embeddable":true,"href":"https:\/\/asproms.com\/en\/wp-json\/wp\/v2\/product_brand?post=7903"},{"taxonomy":"product_cat","embeddable":true,"href":"https:\/\/asproms.com\/en\/wp-json\/wp\/v2\/product_cat?post=7903"},{"taxonomy":"product_tag","embeddable":true,"href":"https:\/\/asproms.com\/en\/wp-json\/wp\/v2\/product_tag?post=7903"}],"curies":[{"name":"wp","href":"https:\/\/api.w.org\/{rel}","templated":true}]}}