{"id":7844,"date":"2024-01-16T10:15:41","date_gmt":"2024-01-16T07:15:41","guid":{"rendered":"https:\/\/asproms.com\/?post_type=product&#038;p=7844"},"modified":"2026-04-18T16:23:41","modified_gmt":"2026-04-18T13:23:41","slug":"etj50-50mm-polikarbon-etanj-led-profil","status":"publish","type":"product","link":"https:\/\/asproms.com\/en\/product\/etj50-50mm-polikarbon-etanj-led-profil\/","title":{"rendered":"ETJ50 (50mm) Polikarbon Etanj Led Profil"},"content":{"rendered":"<p><em><strong>Paket i\u00e7eri\u011findeki adetler a\u015fa\u011f\u0131daki gibidir:<\/strong><\/em><\/p>\n<table class=\"table-striped\">\n<tbody>\n<tr>\n<td><strong>Polikarbon Profil<\/strong><\/td>\n<td>1 Adet (120 cm boyunda g\u00f6vde ve dif\u00fcz\u00f6r b\u00fct\u00fcnle\u015fik)<\/td>\n<\/tr>\n<tr>\n<td><strong>\u0130\u00e7 Ta\u015f\u0131y\u0131c\u0131 Ray<\/strong><\/td>\n<td>Profil i\u00e7ine ge\u00e7en LED yap\u0131\u015ft\u0131rma zemini dahildir.<\/td>\n<\/tr>\n<tr>\n<td><strong>Yan Kapak<\/strong><\/td>\n<td>Her 120 cm lik \u00fcr\u00fcn i\u00e7in 2 adet yan kapak g\u00f6nderilir.<\/td>\n<\/tr>\n<\/tbody>\n<\/table>\n","protected":false},"excerpt":{"rendered":"<p>Tamamen\u00a0<strong>Polikarbon<\/strong>\u00a0malzemeden \u00fcretilen bu\u00a0<strong>50&#215;50 mm\u00a0<\/strong>profil, metal g\u00f6vde i\u00e7ermeyen yap\u0131s\u0131yla kesintisiz ve p\u00fcr\u00fczs\u00fcz bir \u0131\u015f\u0131k t\u00fcp\u00fc g\u00f6r\u00fcn\u00fcm\u00fc sa\u011flar.<\/p>\n<p>Koekstr\u00fczyon teknolojisiyle \u00fcretilen 120 cm boyundaki bu \u00fcr\u00fcn,\u00a0<strong>hafif yap\u0131s\u0131<\/strong>\u00a0ve\u00a0<strong>y\u00fcksek \u0131\u015f\u0131k ge\u00e7irgenli\u011fi\u00a0<\/strong>ile dekoratif ve modern ayd\u0131nlatma uygulamalar\u0131 i\u00e7in idealdir.<\/p>\n<p><strong>120 cm lik set olarak verilmektedir.\u00a0<\/strong><\/p>\n<p>0mm Polikarbon Profil, geleneksel al\u00fcminyum profillerin aksine,\u00a0<strong>metal g\u00f6vde i\u00e7ermeyen<\/strong>\u00a0%100 polikarbon yap\u0131s\u0131yla ayr\u0131\u015fan \u00f6zel bir ayd\u0131nlatma eleman\u0131d\u0131r. 50 mm geni\u015fli\u011fi ve 50 mm y\u00fcksekli\u011findeki \u201cD-Form\u201d (Yar\u0131m Daire\/Kubbe) yap\u0131s\u0131, koekstr\u00fczyon teknolojisi (farkl\u0131 plastik katmanlar\u0131n tek seferde \u00fcretilmesi) ile imal edilmi\u015ftir. Bu teknoloji sayesinde \u00fcr\u00fcn\u00fcn taban\u0131 montaj i\u00e7in gerekli sertli\u011fe sahipken, \u00fcst k\u0131sm\u0131 \u0131\u015f\u0131\u011f\u0131 m\u00fckemmel \u015fekilde yayan opal bir dokuya sahiptir. Metal kasa kullan\u0131lmad\u0131\u011f\u0131 i\u00e7in \u00fcr\u00fcn olduk\u00e7a hafiftir, korozyon riski ta\u015f\u0131maz ve \u0131\u015f\u0131\u011f\u0131 g\u00f6vdenin tamam\u0131ndan yayarak havada as\u0131l\u0131 bir \u201cI\u015f\u0131k T\u00fcp\u00fc\u201d (Neon Effect) etkisi yarat\u0131r. \u0130\u00e7erisindeki rayl\u0131 yatak sistemi, \u015ferit LED\u2019in d\u00fczg\u00fcn bir zemine yap\u0131\u015fmas\u0131n\u0131 sa\u011flarken, metalin yaratt\u0131\u011f\u0131 g\u00f6lgelenmeleri tamamen ortadan kald\u0131r\u0131r.<\/p>\n<p><strong>\u00d6ne \u00c7\u0131kan \u00d6zellikler<\/strong><\/p>\n<ul>\n<li><strong>Metal \u0130\u00e7ermeyen Yap\u0131:<\/strong>\u00a0\u00dcr\u00fcn g\u00f6vdesi tamamen polikarbon bazl\u0131d\u0131r; hafiftir, paslanmaz ve elektriksel yal\u0131tkanl\u0131k sa\u011flar.<\/li>\n<li><strong>Koekstr\u00fczyon Teknolojisi:<\/strong>\u00a0G\u00f6vde ve dif\u00fcz\u00f6r tek par\u00e7a halinde \u00fcretilmi\u015ftir; s\u0131zd\u0131rmazl\u0131k ve dayan\u0131kl\u0131l\u0131k avantaj\u0131 sunar.<\/li>\n<li><strong>50\u00d750 mm D-Form:<\/strong>\u00a0Geni\u015f ve dolgun yap\u0131s\u0131yla mek\u00e2nda hacimli ve dekoratif bir duru\u015f sergiler.<\/li>\n<li><strong>360 Dereceye Yak\u0131n I\u015f\u0131k:<\/strong>\u00a0Metal kasa \u0131\u015f\u0131\u011f\u0131 kesmedi\u011fi i\u00e7in (taban hari\u00e7) geni\u015f a\u00e7\u0131l\u0131 ve yumu\u015fak bir ayd\u0131nlatma sa\u011flar.<\/li>\n<li><strong>\u0130\u00e7 S\u00fcrg\u00fc Sistemi:<\/strong>\u00a0LED \u015feridin yap\u0131\u015ft\u0131r\u0131laca\u011f\u0131 i\u00e7 zemin, pratik montaj i\u00e7in s\u00fcrg\u00fcl\u00fc yap\u0131dad\u0131r.<\/li>\n<\/ul>\n<p><strong>Kullan\u0131m Alanlar\u0131<\/strong><\/p>\n<ul>\n<li>Dekoratif sark\u0131t \u0131\u015f\u0131k t\u00fcpleri<\/li>\n<li>Nemli alanlar (Spa, Hamam \u2013 uygun izolasyonla)<\/li>\n<li>Mimari \u201cNeon\u201d uygulamalar\u0131 ve tabela ayd\u0131nlatmalar\u0131<\/li>\n<li>Hafiflik gerektiren fuar stantlar\u0131 ve ge\u00e7ici yap\u0131lar<\/li>\n<\/ul>\n<p>&nbsp;<\/p>\n","protected":false},"featured_media":7851,"template":"","meta":[],"product_brand":[],"product_cat":[63],"product_tag":[],"class_list":{"0":"post-7844","1":"product","2":"type-product","3":"status-publish","4":"has-post-thumbnail","6":"product_cat-led-profiller","8":"first","9":"instock","10":"purchasable","11":"product-type-variable"},"_links":{"self":[{"href":"https:\/\/asproms.com\/en\/wp-json\/wp\/v2\/product\/7844","targetHints":{"allow":["GET"]}}],"collection":[{"href":"https:\/\/asproms.com\/en\/wp-json\/wp\/v2\/product"}],"about":[{"href":"https:\/\/asproms.com\/en\/wp-json\/wp\/v2\/types\/product"}],"wp:featuredmedia":[{"embeddable":true,"href":"https:\/\/asproms.com\/en\/wp-json\/wp\/v2\/media\/7851"}],"wp:attachment":[{"href":"https:\/\/asproms.com\/en\/wp-json\/wp\/v2\/media?parent=7844"}],"wp:term":[{"taxonomy":"product_brand","embeddable":true,"href":"https:\/\/asproms.com\/en\/wp-json\/wp\/v2\/product_brand?post=7844"},{"taxonomy":"product_cat","embeddable":true,"href":"https:\/\/asproms.com\/en\/wp-json\/wp\/v2\/product_cat?post=7844"},{"taxonomy":"product_tag","embeddable":true,"href":"https:\/\/asproms.com\/en\/wp-json\/wp\/v2\/product_tag?post=7844"}],"curies":[{"name":"wp","href":"https:\/\/api.w.org\/{rel}","templated":true}]}}