{"id":7834,"date":"2024-01-16T10:05:33","date_gmt":"2024-01-16T07:05:33","guid":{"rendered":"https:\/\/asproms.com\/?post_type=product&#038;p=7834"},"modified":"2024-02-24T22:01:51","modified_gmt":"2024-02-24T19:01:51","slug":"840-as","status":"publish","type":"product","link":"https:\/\/asproms.com\/en\/product\/840-as\/","title":{"rendered":"840 AS"},"content":{"rendered":"<p>840 AS Aluminium cooler profile has a width of 40mm and a height of 11.1mm.<\/p>\n<p>SMD components are suitable for PGB processors.<\/p>\n<p>Provides effective cooling with its lightweight design. It can be directly adhered to the component with thermal adhesive. Special processing can be applied according to customer needs.<\/p>\n<p>Category: \u00a0\u00a0\u00a0\u00a0\u00a0\u00a0\u00a0\u00a0Aluminum Cooler<br \/>\nSurface: \u00a0\u00a0\u00a0\u00a0\u00a0\u00a0\u00a0\u00a0\u00a0\u00a0\u00a0Raw<br \/>\nHeight: 11.1mm<br \/>\nWidth: 40mm<\/p>\n","protected":false},"excerpt":{"rendered":"<p><strong>840 AS <\/strong>Aluminyum so\u011futucu profili 40mm geni\u015flik ve 11,1mm y\u00fcksekl\u011fe sahiptir.<\/p>\n<p>SMD komponentler, PGB i\u015flemciler i\u00e7in uygundur.<\/p>\n<p>Hafifletilmi\u015f tasar\u0131m\u0131 ile etkili so\u011futma sa\u011flar.\u00a0 Termal yap\u0131\u015ft\u0131r\u0131c\u0131 ile komponente direkt olarak yap\u0131\u015ft\u0131r\u0131labilir. M\u00fc\u015fteri ihtiyac\u0131na g\u00f6re \u00f6zel i\u015flem uygulanabilir.<\/p>\n<p>Kategori: \u00a0\u00a0\u00a0\u00a0\u00a0\u00a0\u00a0\u00a0<strong>Aluminyum So\u011futucu<\/strong><br \/>\nY\u00fczey:\u00a0 \u00a0 \u00a0 \u00a0 \u00a0 \u00a0\u00a0<strong>Press<\/strong><br \/>\nY\u00fckseklik: \u00a0 \u00a0 \u00a0\u00a0<strong>11.1mm\u00a0<\/strong><br \/>\nGeni\u015flik:\u00a0 \u00a0 \u00a0 \u00a0 \u00a0<strong>40mm\u00a0<\/strong><\/p>\n","protected":false},"featured_media":7835,"template":"","meta":[],"product_brand":[],"product_cat":[58],"product_tag":[],"class_list":{"0":"post-7834","1":"product","2":"type-product","3":"status-publish","4":"has-post-thumbnail","6":"product_cat-sogutucu-profilleri","8":"first","9":"instock","10":"taxable","11":"shipping-taxable","12":"product-type-simple"},"_links":{"self":[{"href":"https:\/\/asproms.com\/en\/wp-json\/wp\/v2\/product\/7834","targetHints":{"allow":["GET"]}}],"collection":[{"href":"https:\/\/asproms.com\/en\/wp-json\/wp\/v2\/product"}],"about":[{"href":"https:\/\/asproms.com\/en\/wp-json\/wp\/v2\/types\/product"}],"wp:featuredmedia":[{"embeddable":true,"href":"https:\/\/asproms.com\/en\/wp-json\/wp\/v2\/media\/7835"}],"wp:attachment":[{"href":"https:\/\/asproms.com\/en\/wp-json\/wp\/v2\/media?parent=7834"}],"wp:term":[{"taxonomy":"product_brand","embeddable":true,"href":"https:\/\/asproms.com\/en\/wp-json\/wp\/v2\/product_brand?post=7834"},{"taxonomy":"product_cat","embeddable":true,"href":"https:\/\/asproms.com\/en\/wp-json\/wp\/v2\/product_cat?post=7834"},{"taxonomy":"product_tag","embeddable":true,"href":"https:\/\/asproms.com\/en\/wp-json\/wp\/v2\/product_tag?post=7834"}],"curies":[{"name":"wp","href":"https:\/\/api.w.org\/{rel}","templated":true}]}}