{"id":7802,"date":"2023-12-25T10:14:55","date_gmt":"2023-12-25T07:14:55","guid":{"rendered":"https:\/\/asproms.com\/?post_type=product&#038;p=7802"},"modified":"2026-03-28T23:08:53","modified_gmt":"2026-03-28T20:08:53","slug":"660-asl-trimless-indirekt-siva-alti-profili","status":"publish","type":"product","link":"https:\/\/asproms.com\/en\/product\/660-asl-trimless-indirekt-siva-alti-profili\/","title":{"rendered":"ASPT-0660 (14 MM. \u0130ND\u0130REKT SIVA ALTI AL\u00c7IPAN TRIMLESS PROF\u0130L)"},"content":{"rendered":"<p><strong>Teknik \u00d6zellikler<\/strong><\/p>\n<p><strong>Malzeme:<\/strong>\u00a0Al\u00fcminyum 6063-T5<\/p>\n<p><strong>Boy Uzunlu\u011fu:<\/strong> 1 metre \/ 3 metre<\/p>\n<p><strong>Geni\u015flik:<\/strong>\u00a018,5 mm<\/p>\n<p><strong>Y\u00fckseklik:<\/strong>\u00a057,5 mm<\/p>\n<p><strong>LED Kanal Geni\u015fli\u011fi:<\/strong>\u00a012,4 mm<\/p>\n<p><strong>Dif\u00fcz\u00f6r Geni\u015fli\u011fi:<\/strong>\u00a014 mm<\/p>\n<p><strong>\u00dcR\u00dcN \u0130ADES\u0130 MEVCUT DE\u011e\u0130LD\u0130R.\u00a0<\/strong><\/p>\n","protected":false},"excerpt":{"rendered":"<p><em><strong>Paket i\u00e7eri\u011findeki adetler a\u015fa\u011f\u0131daki gibi olacakt\u0131r.<\/strong><\/em><\/p>\n<p>Aluminyum Profil Se\u00e7ti\u011finiz Uzunluk ve Adette g\u00f6nderilir.<\/p>\n<p>Opak Dif\u00fcz\u00f6r (I\u015f\u0131k kapa\u011f\u0131) Se\u00e7ti\u011finiz uzunluk ve adette g\u00f6nderilir.<\/p>\n<p><strong>ASPT-0660<\/strong>\u00a0kodlu indirekt trimless led profil, estetik ve fonksiyonel ayd\u0131nlatma \u00e7\u00f6z\u00fcmleri sunmak \u00fczere tasarlanm\u0131\u015f bir \u00fcr\u00fcnd\u00fcr. Bu profil, dekoratif ayd\u0131nlatma projelerinde, \u00f6zellikle tavan ve duvar birle\u015fim yerlerinde m\u00fckemmel sonu\u00e7lar verir. Al\u00fcminyum g\u00f6vdesi ve mat beyaz eloksal y\u00fczeyi sayesinde modern ve zarif bir g\u00f6r\u00fcn\u00fcm sa\u011flar.<\/p>\n<p><strong>Kullan\u0131m Alanlar\u0131<\/strong><\/p>\n<p><strong>ASLP-0660<\/strong>\u00a0indirekt trimless led profil, y\u00fcksek tavanl\u0131 alanlarda, otellerde, ofislerde, ma\u011fazalarda ve modern konut projelerinde kullan\u0131ma uygundur. \u0130ndirekt ayd\u0131nlatma tekni\u011fi ile \u0131\u015f\u0131\u011f\u0131 duvardan yans\u0131tarak homojen ve yumu\u015fak bir ayd\u0131nlatma sa\u011flar. Bu da mekanlarda daha s\u0131cak ve davetkar bir atmosfer yarat\u0131r.<\/p>\n<p><strong>\u00d6rnek Kullan\u0131m Alanlar\u0131:<\/strong><\/p>\n<p>Oteller:\u00a0Lobi, koridorlar, restoranlar ve misafir odalar\u0131nda estetik bir ayd\u0131nlatma sa\u011flar.<\/p>\n<p>Ofisler:\u00a0\u00c7al\u0131\u015fma alanlar\u0131, toplant\u0131 odalar\u0131 ve resepsiyon alanlar\u0131nda modern ve profesyonel bir atmosfer yarat\u0131r.<\/p>\n<p>Ma\u011fazalar:\u00a0\u00dcr\u00fcn sergileme alanlar\u0131 ve vitrinlerde dikkat \u00e7ekici bir ayd\u0131nlatma sunar.<\/p>\n<p>Konutlar:\u00a0Oturma odas\u0131, yatak odas\u0131, mutfak gibi ya\u015fam alanlar\u0131nda dekoratif ve fonksiyonel bir ayd\u0131nlatma sa\u011flar.<\/p>\n<p>Restoran ve Kafeler:\u00a0M\u00fc\u015fterilere daha s\u0131cak ve davetkar bir ortam sunmak i\u00e7in kullan\u0131l\u0131r.<\/p>\n<p>Sanat Galerileri ve Sergi Alanlar\u0131:\u00a0Sanat eserlerinin \u00f6n plana \u00e7\u0131kmas\u0131n\u0131 sa\u011flar ve mekana modern bir dokunu\u015f katar.<\/p>\n<p><strong>Avantajlar\u0131<\/strong><\/p>\n<p>Estetik G\u00f6r\u00fcn\u00fcm:\u00a0Trimless tasar\u0131m\u0131 sayesinde, duvar ve tavan birle\u015fimlerinde g\u00f6r\u00fcnmez hale gelir ve minimal bir estetik sunar.<\/p>\n<p>Kolay Kurulum:\u00a0Profillerin kurulumunu kolayla\u015ft\u0131ran entegre montaj delikleri bulunmaktad\u0131r.<\/p>\n<p>Dayan\u0131kl\u0131l\u0131k:\u00a0Al\u00fcminyum g\u00f6vde, uzun \u00f6m\u00fcrl\u00fc kullan\u0131m sa\u011flar ve korozyona kar\u015f\u0131 dayan\u0131kl\u0131d\u0131r.<\/p>\n<p>Esnek Ayd\u0131nlatma: Farkl\u0131 led \u015feritleri ile uyumludur ve de\u011fi\u015fik renk ve \u0131\u015f\u0131k yo\u011funluklar\u0131nda ayd\u0131nlatma sa\u011flar.<\/p>\n<p><strong>\u00dcR\u00dcN \u0130ADES\u0130 MEVCUT DE\u011e\u0130LD\u0130R.\u00a0<\/strong><\/p>\n<p>&nbsp;<\/p>\n<p>&nbsp;<\/p>\n","protected":false},"featured_media":7805,"template":"","meta":[],"product_brand":[],"product_cat":[139],"product_tag":[],"class_list":{"0":"post-7802","1":"product","2":"type-product","3":"status-publish","4":"has-post-thumbnail","6":"product_cat-alcipan-trimless-profiller","8":"first","9":"instock","10":"purchasable","11":"product-type-variable"},"_links":{"self":[{"href":"https:\/\/asproms.com\/en\/wp-json\/wp\/v2\/product\/7802","targetHints":{"allow":["GET"]}}],"collection":[{"href":"https:\/\/asproms.com\/en\/wp-json\/wp\/v2\/product"}],"about":[{"href":"https:\/\/asproms.com\/en\/wp-json\/wp\/v2\/types\/product"}],"wp:featuredmedia":[{"embeddable":true,"href":"https:\/\/asproms.com\/en\/wp-json\/wp\/v2\/media\/7805"}],"wp:attachment":[{"href":"https:\/\/asproms.com\/en\/wp-json\/wp\/v2\/media?parent=7802"}],"wp:term":[{"taxonomy":"product_brand","embeddable":true,"href":"https:\/\/asproms.com\/en\/wp-json\/wp\/v2\/product_brand?post=7802"},{"taxonomy":"product_cat","embeddable":true,"href":"https:\/\/asproms.com\/en\/wp-json\/wp\/v2\/product_cat?post=7802"},{"taxonomy":"product_tag","embeddable":true,"href":"https:\/\/asproms.com\/en\/wp-json\/wp\/v2\/product_tag?post=7802"}],"curies":[{"name":"wp","href":"https:\/\/api.w.org\/{rel}","templated":true}]}}