{"id":7794,"date":"2023-12-04T09:00:02","date_gmt":"2023-12-04T06:00:02","guid":{"rendered":"https:\/\/asproms.com\/?post_type=product&#038;p=7794"},"modified":"2026-03-25T23:35:07","modified_gmt":"2026-03-25T20:35:07","slug":"580-asl-50mm-lineer-led-profil","status":"publish","type":"product","link":"https:\/\/asproms.com\/en\/product\/580-asl-50mm-lineer-led-profil\/","title":{"rendered":"ASPL-0580-S\u0130YAH (50*80 MM. L\u0130NEER LED PROF\u0130L)"},"content":{"rendered":"<p><em><strong>580 ASL Linear Black Led Profile :<\/strong><\/em><\/p>\n<div class=\"top-content\">\n<div class=\"title\"><em><strong>Product Descriptions :\u00a0<\/strong><\/em><\/div>\n<\/div>\n<div class=\"page-content text-center text-sm-start\">\n<p><em><strong>Material: Aluminum 6063-T5<\/strong><\/em><\/p>\n<p><em><strong>Surface :\u00a0Black<\/strong><\/em><\/p>\n<p><em><strong>Height:\u00a078 mm<\/strong><\/em><\/p>\n<p><em><strong>Width\u00a0 \u00a0:\u00a049,8 mm<\/strong><\/em><\/p>\n<\/div>\n","protected":false},"excerpt":{"rendered":"<div class=\"flex justify-between items-center\"><strong><span class=\"title\">\u00dcr\u00fcn A\u00e7\u0131klamas\u0131<\/span><\/strong><\/div>\n<div class=\"tab-content\">\n<p>Bu \u00fcr\u00fcn\u00fcm\u00fcz\u00a0 sipari\u015f verdi\u011finiz uzunlukta aluminyum profil , dif\u00fcz\u00f6r , 2 adet yan kapak ve 2 adet \u00c7elik Ask\u0131 aparat\u0131 ile gelmektedir.<\/p>\n<p>Farkl\u0131 ihtiya\u00e7lar\u0131n\u0131z mevcut ise aksesuarlar b\u00f6l\u00fcm\u00fcnden sipari\u015f edebilirsiniz.<\/p>\n<p>Bu \u00fcr\u00fcn sadece kasa ve aksesuarlar\u0131n\u0131 i\u00e7ermektedir, ayd\u0131nlatma ekipmanlar\u0131(led,g\u00fc\u00e7 kayna\u011f\u0131,s\u00fcr\u00fcc\u00fc) gibi elektronik aksamlar\u0131\u00a0<u>i\u00e7ermemektedir.<\/u><\/p>\n<p>Bu \u00fcr\u00fcn stoklar\u0131m\u0131zda siyah renkli olarak bulunmaktad\u0131r.\u00a0 DF-50 \u00fcr\u00fcn kodlu dif\u00fcz\u00f6r\u00fcm\u00fcz ve AST kodlu Ask\u0131 aparat\u0131 ile tavana asabilirsiniz.<\/p>\n<p><em><strong>\u00dcR\u00dcN \u0130ADES\u0130 YOKTUR.\u00a0<\/strong><\/em><\/p>\n<\/div>\n<p>&nbsp;<\/p>\n","protected":false},"featured_media":7797,"template":"","meta":[],"product_brand":[],"product_cat":[63],"product_tag":[],"class_list":{"0":"post-7794","1":"product","2":"type-product","3":"status-publish","4":"has-post-thumbnail","6":"product_cat-led-profiller","8":"first","9":"instock","10":"purchasable","11":"product-type-variable"},"_links":{"self":[{"href":"https:\/\/asproms.com\/en\/wp-json\/wp\/v2\/product\/7794","targetHints":{"allow":["GET"]}}],"collection":[{"href":"https:\/\/asproms.com\/en\/wp-json\/wp\/v2\/product"}],"about":[{"href":"https:\/\/asproms.com\/en\/wp-json\/wp\/v2\/types\/product"}],"wp:featuredmedia":[{"embeddable":true,"href":"https:\/\/asproms.com\/en\/wp-json\/wp\/v2\/media\/7797"}],"wp:attachment":[{"href":"https:\/\/asproms.com\/en\/wp-json\/wp\/v2\/media?parent=7794"}],"wp:term":[{"taxonomy":"product_brand","embeddable":true,"href":"https:\/\/asproms.com\/en\/wp-json\/wp\/v2\/product_brand?post=7794"},{"taxonomy":"product_cat","embeddable":true,"href":"https:\/\/asproms.com\/en\/wp-json\/wp\/v2\/product_cat?post=7794"},{"taxonomy":"product_tag","embeddable":true,"href":"https:\/\/asproms.com\/en\/wp-json\/wp\/v2\/product_tag?post=7794"}],"curies":[{"name":"wp","href":"https:\/\/api.w.org\/{rel}","templated":true}]}}