{"id":7785,"date":"2023-11-23T09:20:38","date_gmt":"2023-11-23T06:20:38","guid":{"rendered":"https:\/\/asproms.com\/?post_type=product&#038;p=7785"},"modified":"2024-02-24T22:06:01","modified_gmt":"2024-02-24T19:06:01","slug":"100-as-aluminyum-sogutucu","status":"publish","type":"product","link":"https:\/\/asproms.com\/en\/product\/100-as-aluminyum-sogutucu\/","title":{"rendered":"100 AS Al\u00fcminyum So\u011futucu"},"content":{"rendered":"<div class=\"top-content\">\n<div class=\"title\"><em><strong>Product Descriptions :<\/strong><\/em><\/div>\n<div class=\"title\"><em><strong><span style=\"color: #333333\">Material : Aluminum 6063-T5<\/span><\/strong><\/em><\/div>\n<\/div>\n<div class=\"page-content text-center text-sm-start\">\n<p><em><strong>Surface : Aluminum Press<\/strong><\/em><\/p>\n<p><em><strong>Press Length : 3100 mm<\/strong><\/em><\/p>\n<p><em><strong>Height : 25 mm<\/strong><\/em><\/p>\n<p><em><strong>Width : 100 mm<\/strong><\/em><\/p>\n<\/div>\n","protected":false},"excerpt":{"rendered":"<p><em><strong>100 AS \u00dcr\u00fcn a\u00e7\u0131klamalar\u0131 :<\/strong><\/em><\/p>\n<p><em><strong>Y\u00fckseklik : 25 mm<\/strong><\/em><\/p>\n<p><em><strong>Geni\u015flik : 100 mm<\/strong><\/em><\/p>\n<p><em><strong>Materyal : Al\u00fcminyum 6063-T5<\/strong><\/em><\/p>\n<p><em><strong>Y\u00fczey : Aluminyum Press<\/strong><\/em><\/p>\n<p><em><strong>Pres Boy Uzunlu\u011fu : 3100 mm<\/strong><\/em><\/p>\n","protected":false},"featured_media":7786,"template":"","meta":[],"product_brand":[],"product_cat":[58,74],"product_tag":[],"class_list":{"0":"post-7785","1":"product","2":"type-product","3":"status-publish","4":"has-post-thumbnail","6":"product_cat-sogutucu-profilleri","7":"product_cat-top-10","9":"first","10":"instock","11":"taxable","12":"shipping-taxable","13":"product-type-simple"},"_links":{"self":[{"href":"https:\/\/asproms.com\/en\/wp-json\/wp\/v2\/product\/7785","targetHints":{"allow":["GET"]}}],"collection":[{"href":"https:\/\/asproms.com\/en\/wp-json\/wp\/v2\/product"}],"about":[{"href":"https:\/\/asproms.com\/en\/wp-json\/wp\/v2\/types\/product"}],"wp:featuredmedia":[{"embeddable":true,"href":"https:\/\/asproms.com\/en\/wp-json\/wp\/v2\/media\/7786"}],"wp:attachment":[{"href":"https:\/\/asproms.com\/en\/wp-json\/wp\/v2\/media?parent=7785"}],"wp:term":[{"taxonomy":"product_brand","embeddable":true,"href":"https:\/\/asproms.com\/en\/wp-json\/wp\/v2\/product_brand?post=7785"},{"taxonomy":"product_cat","embeddable":true,"href":"https:\/\/asproms.com\/en\/wp-json\/wp\/v2\/product_cat?post=7785"},{"taxonomy":"product_tag","embeddable":true,"href":"https:\/\/asproms.com\/en\/wp-json\/wp\/v2\/product_tag?post=7785"}],"curies":[{"name":"wp","href":"https:\/\/api.w.org\/{rel}","templated":true}]}}