{"id":7776,"date":"2023-11-10T15:26:12","date_gmt":"2023-11-10T12:26:12","guid":{"rendered":"https:\/\/asproms.com\/?post_type=product&#038;p=7776"},"modified":"2026-03-25T17:11:24","modified_gmt":"2026-03-25T14:11:24","slug":"1082-asl-80mm-sivaalti-lineer-led-profili","status":"publish","type":"product","link":"https:\/\/asproms.com\/en\/product\/1082-asl-80mm-sivaalti-lineer-led-profili\/","title":{"rendered":"ASPL-01082-ELOKSALLI (85 MM. SIVAALTI L\u0130NEER LED PROF\u0130L)"},"content":{"rendered":"<div class=\"top-content\">\n<div class=\"title\"><em><strong>\u00dcr\u00fcn A\u00e7\u0131klamalar\u0131 :<\/strong><\/em><\/div>\n<\/div>\n<div class=\"page-content text-center text-sm-start\">\n<table class=\"table\">\n<tbody>\n<tr>\n<td><em><strong>Materyal :<\/strong><\/em><\/td>\n<td><em><strong>Aluminyum 6063-T5<\/strong><\/em><\/td>\n<\/tr>\n<tr>\n<td><em><strong>Y\u00fczey :<\/strong><\/em><\/td>\n<td><em><strong>Mat Beyaz Eloksal<\/strong><\/em><\/td>\n<\/tr>\n<tr>\n<td><em><strong>Boy Uzunlu\u011fu :<\/strong><\/em><\/td>\n<td><em><strong>6100 mm<\/strong><\/em><\/td>\n<\/tr>\n<tr>\n<td><em><strong>Y\u00fckseklik :<\/strong><\/em><\/td>\n<td><em><strong>36 mm<\/strong><\/em><\/td>\n<\/tr>\n<tr>\n<td><em><strong>Geni\u015flik :<\/strong><\/em><\/td>\n<td><em><strong>85 mm<\/strong><\/em><\/td>\n<\/tr>\n<\/tbody>\n<\/table>\n<p>&nbsp;<\/p>\n<\/div>\n","protected":false},"excerpt":{"rendered":"<p><strong>ASP-01082 <\/strong>\u00fcr\u00fcn\u00fc ile birlikte dif\u00fcz\u00f6r olarak PDF-82\u2019yi kullanabilirsiniz. D\u00fcz zemin montaj\u0131nda ASLP-963 montaj profilini, \u00e7elik halat ile ask\u0131l\u0131 olarak kullan\u0131lacak ise AST kodlu Ask\u0131 telini s\u0131va alt\u0131 montaj\u0131 yap\u0131lacak ise CL.LP.SAY kodlu s\u0131va alt\u0131 yay\u0131n\u0131 kullanabilirsiniz<strong>.\u00a0<\/strong><\/p>\n<div class=\"top-content\">\n<div class=\"title\"><strong>\u00dcr\u00fcn A\u00e7\u0131klamalar\u0131:<\/strong><\/div>\n<\/div>\n<div class=\"page-content text-center text-sm-start\">\n<table class=\"table\">\n<tbody>\n<tr>\n<td><strong>Materyal :<\/strong><\/td>\n<td><strong>Aluminyum 6063-T5<\/strong><\/td>\n<\/tr>\n<tr>\n<td><strong>Y\u00fczey :<\/strong><\/td>\n<td><strong>Mat Beyaz Eloksal<\/strong><\/td>\n<\/tr>\n<tr>\n<td><strong>Boy Uzunlu\u011fu :<\/strong><\/td>\n<td><strong>6100 mm<\/strong><\/td>\n<\/tr>\n<tr>\n<td><strong>Y\u00fckseklik :<\/strong><\/td>\n<td><strong>36 mm<\/strong><\/td>\n<\/tr>\n<tr>\n<td><strong>Geni\u015flik :<\/strong><\/td>\n<td><strong>85 mm<\/strong><\/td>\n<\/tr>\n<\/tbody>\n<\/table>\n<\/div>\n","protected":false},"featured_media":7777,"template":"","meta":[],"product_brand":[],"product_cat":[63],"product_tag":[],"class_list":{"0":"post-7776","1":"product","2":"type-product","3":"status-publish","4":"has-post-thumbnail","6":"product_cat-led-profiller","8":"first","9":"instock","10":"purchasable","11":"product-type-variable"},"_links":{"self":[{"href":"https:\/\/asproms.com\/en\/wp-json\/wp\/v2\/product\/7776","targetHints":{"allow":["GET"]}}],"collection":[{"href":"https:\/\/asproms.com\/en\/wp-json\/wp\/v2\/product"}],"about":[{"href":"https:\/\/asproms.com\/en\/wp-json\/wp\/v2\/types\/product"}],"wp:featuredmedia":[{"embeddable":true,"href":"https:\/\/asproms.com\/en\/wp-json\/wp\/v2\/media\/7777"}],"wp:attachment":[{"href":"https:\/\/asproms.com\/en\/wp-json\/wp\/v2\/media?parent=7776"}],"wp:term":[{"taxonomy":"product_brand","embeddable":true,"href":"https:\/\/asproms.com\/en\/wp-json\/wp\/v2\/product_brand?post=7776"},{"taxonomy":"product_cat","embeddable":true,"href":"https:\/\/asproms.com\/en\/wp-json\/wp\/v2\/product_cat?post=7776"},{"taxonomy":"product_tag","embeddable":true,"href":"https:\/\/asproms.com\/en\/wp-json\/wp\/v2\/product_tag?post=7776"}],"curies":[{"name":"wp","href":"https:\/\/api.w.org\/{rel}","templated":true}]}}