{"id":7769,"date":"2023-11-10T15:23:57","date_gmt":"2023-11-10T12:23:57","guid":{"rendered":"https:\/\/asproms.com\/?post_type=product&#038;p=7769"},"modified":"2026-03-25T17:07:56","modified_gmt":"2026-03-25T14:07:56","slug":"1080-asl-80mm-lineer-led-profili","status":"publish","type":"product","link":"https:\/\/asproms.com\/en\/product\/1080-asl-80mm-lineer-led-profili\/","title":{"rendered":"ASPL-01080-ELOKSALLI (85 MM. L\u0130NEER LED PROF\u0130L)"},"content":{"rendered":"<div class=\"top-content\">\n<div class=\"title\"><em><strong>\u00dcr\u00fcn A\u00e7\u0131klamalar\u0131:<\/strong><\/em><\/div>\n<\/div>\n<div class=\"page-content text-center text-sm-start\">\n<table class=\"table\">\n<tbody>\n<tr>\n<td><em><strong>Materyal :<\/strong><\/em><\/td>\n<td><em><strong>Aluminyum 6063-T5<\/strong><\/em><\/td>\n<\/tr>\n<tr>\n<td><em><strong>Y\u00fczey :<\/strong><\/em><\/td>\n<td><em><strong>Mat Beyaz Eloksal<\/strong><\/em><\/td>\n<\/tr>\n<tr>\n<td><em><strong>Boy Uzunlu\u011fu :<\/strong><\/em><\/td>\n<td><em><strong>6100 mm<\/strong><\/em><\/td>\n<\/tr>\n<tr>\n<td><em><strong>Y\u00fckseklik :<\/strong><\/em><\/td>\n<td><em><strong>36 mm<\/strong><\/em><\/td>\n<\/tr>\n<tr>\n<td><em><strong>Geni\u015flik :<\/strong><\/em><\/td>\n<td><em><strong>85 mm<\/strong><\/em><\/td>\n<\/tr>\n<\/tbody>\n<\/table>\n<p><em><strong>1080 ASL \u00fcr\u00fcn\u00fc ile birlikte dif\u00fcz\u00f6r olarak DF-82&#8217;yi kullanabilirsiniz. D\u00fcz zemin montaj\u0131nda ASL.963 montaj profilini, \u00e7elik halat ile ask\u0131l\u0131 olarak kullan\u0131lacak ise AST kodlu Ask\u0131 telini s\u0131va alt\u0131 montaj\u0131 yap\u0131lacak ise CL.LP.SAY kodlu s\u0131va alt\u0131 yay\u0131n\u0131 kullanabilirsiniz.\u00a0<\/strong><\/em><\/p>\n<\/div>\n","protected":false},"excerpt":{"rendered":"<div class=\"top-content\">\n<div class=\"title\"><em><strong>\u00dcr\u00fcn A\u00e7\u0131klamalar\u0131:\u00a0<\/strong><\/em><\/div>\n<div><em><strong>ASP-01080<\/strong>\u00a0<strong>Lineer LED Profil<\/strong><\/em>, 85mm geni\u015f g\u00f6vdesiyle g\u00fc\u00e7l\u00fc \u00e7izgisel ayd\u0131nlatma hatlar\u0131 i\u00e7in tasarlanm\u0131\u015f bir profil \u00e7\u00f6z\u00fcm\u00fcd\u00fcr. DF-82 dif\u00fcz\u00f6rle birlikte kullan\u0131ma uygundur; d\u00fcz zemin, sark\u0131t veya s\u0131va alt\u0131 uygulamalar i\u00e7in farkl\u0131 montaj se\u00e7enekleri sunar.<\/div>\n<\/div>\n<div class=\"page-content text-center text-sm-start\"><strong><em>ASP-1080 \u00fcr\u00fcn\u00fc ile birlikte dif\u00fcz\u00f6r olarak PDF-82&#8217;yi kullanabilirsiniz. D\u00fcz zemin montaj\u0131nda ASL.963 montaj profilini, \u00e7elik halat ile ask\u0131l\u0131 olarak kullan\u0131lacak ise AST kodlu Ask\u0131 telini s\u0131va alt\u0131 montaj\u0131 yap\u0131lacak ise CL.LP.SAY kodlu s\u0131va alt\u0131 yay\u0131n\u0131 kullanabilirsiniz.\u00a0<\/em><\/strong><\/div>\n","protected":false},"featured_media":7770,"template":"","meta":[],"product_brand":[],"product_cat":[63],"product_tag":[],"class_list":{"0":"post-7769","1":"product","2":"type-product","3":"status-publish","4":"has-post-thumbnail","6":"product_cat-led-profiller","8":"first","9":"instock","10":"purchasable","11":"product-type-variable"},"_links":{"self":[{"href":"https:\/\/asproms.com\/en\/wp-json\/wp\/v2\/product\/7769","targetHints":{"allow":["GET"]}}],"collection":[{"href":"https:\/\/asproms.com\/en\/wp-json\/wp\/v2\/product"}],"about":[{"href":"https:\/\/asproms.com\/en\/wp-json\/wp\/v2\/types\/product"}],"wp:featuredmedia":[{"embeddable":true,"href":"https:\/\/asproms.com\/en\/wp-json\/wp\/v2\/media\/7770"}],"wp:attachment":[{"href":"https:\/\/asproms.com\/en\/wp-json\/wp\/v2\/media?parent=7769"}],"wp:term":[{"taxonomy":"product_brand","embeddable":true,"href":"https:\/\/asproms.com\/en\/wp-json\/wp\/v2\/product_brand?post=7769"},{"taxonomy":"product_cat","embeddable":true,"href":"https:\/\/asproms.com\/en\/wp-json\/wp\/v2\/product_cat?post=7769"},{"taxonomy":"product_tag","embeddable":true,"href":"https:\/\/asproms.com\/en\/wp-json\/wp\/v2\/product_tag?post=7769"}],"curies":[{"name":"wp","href":"https:\/\/api.w.org\/{rel}","templated":true}]}}