{"id":7738,"date":"2023-10-09T15:37:58","date_gmt":"2023-10-09T12:37:58","guid":{"rendered":"https:\/\/asproms.com\/?post_type=product&#038;p=7738"},"modified":"2024-02-24T23:30:17","modified_gmt":"2024-02-24T20:30:17","slug":"839-840-kt","status":"publish","type":"product","link":"https:\/\/asproms.com\/en\/product\/839-840-kt\/","title":{"rendered":"839-840 KT"},"content":{"rendered":"","protected":false},"excerpt":{"rendered":"<div class=\"top-content\">\n<div class=\"title\">\u00dcr\u00fcn A\u00e7\u0131klamalar\u0131<\/div>\n<\/div>\n<div class=\"page-content text-center text-sm-start\">\n<p>Material : Aluminyum 6063-T5<\/p>\n<p>Height : -75,2mm<\/p>\n<p>Width\u00a0 : 120,7 mm<\/p>\n<p>Length : 6100mm \/ 240.15&#8243;<\/p>\n<\/div>\n","protected":false},"featured_media":7739,"template":"","meta":[],"product_brand":[],"product_cat":[79],"product_tag":[],"class_list":{"0":"post-7738","1":"product","2":"type-product","3":"status-publish","4":"has-post-thumbnail","6":"product_cat-driver-kutu-profilleri","8":"first","9":"instock","10":"taxable","11":"shipping-taxable","12":"product-type-simple"},"_links":{"self":[{"href":"https:\/\/asproms.com\/en\/wp-json\/wp\/v2\/product\/7738","targetHints":{"allow":["GET"]}}],"collection":[{"href":"https:\/\/asproms.com\/en\/wp-json\/wp\/v2\/product"}],"about":[{"href":"https:\/\/asproms.com\/en\/wp-json\/wp\/v2\/types\/product"}],"wp:featuredmedia":[{"embeddable":true,"href":"https:\/\/asproms.com\/en\/wp-json\/wp\/v2\/media\/7739"}],"wp:attachment":[{"href":"https:\/\/asproms.com\/en\/wp-json\/wp\/v2\/media?parent=7738"}],"wp:term":[{"taxonomy":"product_brand","embeddable":true,"href":"https:\/\/asproms.com\/en\/wp-json\/wp\/v2\/product_brand?post=7738"},{"taxonomy":"product_cat","embeddable":true,"href":"https:\/\/asproms.com\/en\/wp-json\/wp\/v2\/product_cat?post=7738"},{"taxonomy":"product_tag","embeddable":true,"href":"https:\/\/asproms.com\/en\/wp-json\/wp\/v2\/product_tag?post=7738"}],"curies":[{"name":"wp","href":"https:\/\/api.w.org\/{rel}","templated":true}]}}