{"id":7714,"date":"2023-10-09T15:25:40","date_gmt":"2023-10-09T12:25:40","guid":{"rendered":"https:\/\/asproms.com\/?post_type=product&#038;p=7714"},"modified":"2023-10-09T15:26:05","modified_gmt":"2023-10-09T12:26:05","slug":"844-kt-2","status":"publish","type":"product","link":"https:\/\/asproms.com\/en\/product\/844-kt-2\/","title":{"rendered":"844 KT"},"content":{"rendered":"<div class=\"top-content\">\n<div class=\"title\">\n<table style=\"color: #333333\" border=\"0\">\n<tbody>\n<tr>\n<td><em><strong>Material<\/strong><\/em><\/td>\n<td><em><strong>Aluminyum 6063-T5<\/strong><\/em><\/td>\n<\/tr>\n<tr>\n<td><em><strong>Height<\/strong><\/em><\/td>\n<td><em><strong>34,9mm \/ 1.37&#8243;<\/strong><\/em><\/td>\n<\/tr>\n<tr>\n<td><em><strong>Width\u00a0<\/strong><\/em><\/td>\n<td><em><strong>99,33mm \/ 3.91&#8243;<\/strong><\/em><\/td>\n<\/tr>\n<tr>\n<td><em><strong>Length<\/strong><\/em><\/td>\n<td><em><strong>6100mm \/\u00a0 240.15&#8243;<\/strong><\/em><\/td>\n<\/tr>\n<\/tbody>\n<\/table>\n<\/div>\n<\/div>\n","protected":false},"excerpt":{"rendered":"<div class=\"top-content\">\n<div class=\"title\">\u00dcr\u00fcn A\u00e7\u0131klamalar\u0131<\/div>\n<\/div>\n<div class=\"page-content text-center text-sm-start\">\n<table border=\"0\">\n<tbody>\n<tr>\n<td><em><strong>Materyal<\/strong><\/em><\/td>\n<td><em><strong>Aluminyum 6063-T5<\/strong><\/em><\/td>\n<\/tr>\n<tr>\n<td><em><strong>Y\u00fckseklik<\/strong><\/em><\/td>\n<td><em><strong>34,9mm\u00a0<\/strong><\/em><\/td>\n<\/tr>\n<tr>\n<td><em><strong>Geni\u015flik<\/strong><\/em><\/td>\n<td>\n<table border=\"0\">\n<tbody>\n<tr>\n<td><em><strong>99,33mm\u00a0<\/strong><\/em><\/td>\n<\/tr>\n<\/tbody>\n<\/table>\n<\/td>\n<\/tr>\n<tr>\n<td><\/td>\n<td><\/td>\n<\/tr>\n<\/tbody>\n<\/table>\n<\/div>\n","protected":false},"featured_media":7715,"template":"","meta":[],"product_brand":[],"product_cat":[79],"product_tag":[],"class_list":{"0":"post-7714","1":"product","2":"type-product","3":"status-publish","4":"has-post-thumbnail","6":"product_cat-driver-kutu-profilleri","8":"first","9":"instock","10":"taxable","11":"shipping-taxable","12":"product-type-simple"},"_links":{"self":[{"href":"https:\/\/asproms.com\/en\/wp-json\/wp\/v2\/product\/7714","targetHints":{"allow":["GET"]}}],"collection":[{"href":"https:\/\/asproms.com\/en\/wp-json\/wp\/v2\/product"}],"about":[{"href":"https:\/\/asproms.com\/en\/wp-json\/wp\/v2\/types\/product"}],"wp:featuredmedia":[{"embeddable":true,"href":"https:\/\/asproms.com\/en\/wp-json\/wp\/v2\/media\/7715"}],"wp:attachment":[{"href":"https:\/\/asproms.com\/en\/wp-json\/wp\/v2\/media?parent=7714"}],"wp:term":[{"taxonomy":"product_brand","embeddable":true,"href":"https:\/\/asproms.com\/en\/wp-json\/wp\/v2\/product_brand?post=7714"},{"taxonomy":"product_cat","embeddable":true,"href":"https:\/\/asproms.com\/en\/wp-json\/wp\/v2\/product_cat?post=7714"},{"taxonomy":"product_tag","embeddable":true,"href":"https:\/\/asproms.com\/en\/wp-json\/wp\/v2\/product_tag?post=7714"}],"curies":[{"name":"wp","href":"https:\/\/api.w.org\/{rel}","templated":true}]}}