{"id":7708,"date":"2023-10-09T15:17:50","date_gmt":"2023-10-09T12:17:50","guid":{"rendered":"https:\/\/asproms.com\/?post_type=product&#038;p=7708"},"modified":"2023-10-09T15:17:51","modified_gmt":"2023-10-09T12:17:51","slug":"2200-kt","status":"publish","type":"product","link":"https:\/\/asproms.com\/en\/product\/2200-kt\/","title":{"rendered":"2200 KT"},"content":{"rendered":"<pre id=\"tw-target-text\" class=\"tw-data-text tw-text-large tw-ta\" dir=\"ltr\" data-placeholder=\"\u00c7eviri\" data-ved=\"2ahUKEwiajIP09-iBAxXGVvEDHejzA-8Q3ewLegQICBAQ\"><em><strong><span class=\"Y2IQFc\" lang=\"en\">Product Descriptions\r\nMaterial: Aluminum 6063-T5\r\nHeight: 30 mm\r\nWidth: 97.7 mm<\/span><\/strong><\/em><\/pre>\n","protected":false},"excerpt":{"rendered":"<div class=\"top-content\">\n<div class=\"title\"><em><strong>\u00dcr\u00fcn A\u00e7\u0131klamalar\u0131<\/strong><\/em><\/div>\n<div class=\"title\"><em><strong><span style=\"color: #333333\">Materyal : Aluminyum 6063-T5<\/span><\/strong><\/em><\/div>\n<\/div>\n<div class=\"page-content text-center text-sm-start\">\n<p><em><strong>Y\u00fckseklik :30 mm<\/strong><\/em><\/p>\n<p><em><strong>Geni\u015flik : 97,7 mm<\/strong><\/em><\/p>\n<\/div>\n","protected":false},"featured_media":7709,"template":"","meta":[],"product_brand":[],"product_cat":[79],"product_tag":[],"class_list":{"0":"post-7708","1":"product","2":"type-product","3":"status-publish","4":"has-post-thumbnail","6":"product_cat-driver-kutu-profilleri","8":"first","9":"instock","10":"taxable","11":"shipping-taxable","12":"product-type-simple"},"_links":{"self":[{"href":"https:\/\/asproms.com\/en\/wp-json\/wp\/v2\/product\/7708","targetHints":{"allow":["GET"]}}],"collection":[{"href":"https:\/\/asproms.com\/en\/wp-json\/wp\/v2\/product"}],"about":[{"href":"https:\/\/asproms.com\/en\/wp-json\/wp\/v2\/types\/product"}],"wp:featuredmedia":[{"embeddable":true,"href":"https:\/\/asproms.com\/en\/wp-json\/wp\/v2\/media\/7709"}],"wp:attachment":[{"href":"https:\/\/asproms.com\/en\/wp-json\/wp\/v2\/media?parent=7708"}],"wp:term":[{"taxonomy":"product_brand","embeddable":true,"href":"https:\/\/asproms.com\/en\/wp-json\/wp\/v2\/product_brand?post=7708"},{"taxonomy":"product_cat","embeddable":true,"href":"https:\/\/asproms.com\/en\/wp-json\/wp\/v2\/product_cat?post=7708"},{"taxonomy":"product_tag","embeddable":true,"href":"https:\/\/asproms.com\/en\/wp-json\/wp\/v2\/product_tag?post=7708"}],"curies":[{"name":"wp","href":"https:\/\/api.w.org\/{rel}","templated":true}]}}