{"id":7664,"date":"2023-06-15T11:12:36","date_gmt":"2023-06-15T08:12:36","guid":{"rendered":"https:\/\/asproms.com\/?post_type=product&#038;p=7664"},"modified":"2024-02-24T22:13:29","modified_gmt":"2024-02-24T19:13:29","slug":"2099-asl-aluminyum-led-profil","status":"publish","type":"product","link":"https:\/\/asproms.com\/en\/product\/2099-asl-aluminyum-led-profil\/","title":{"rendered":"2099 ASL Al\u00fcminyum Led Profil"},"content":{"rendered":"<p>\u00c7ap : \u00d8 99,50<\/p>\n<p>Materyal : Aluminyum 6063-T5<\/p>\n<p>Boy Uzunlu\u011fu : 3100 mm<\/p>\n","protected":false},"excerpt":{"rendered":"<p>\u00c7ap : \u00d8 99,50<\/p>\n<p>Materyal : Aluminyum 6063-T5<\/p>\n<p>Boy Uzunlu\u011fu : 3100 mm<\/p>\n","protected":false},"featured_media":7665,"template":"","meta":[],"product_brand":[],"product_cat":[101],"product_tag":[],"class_list":{"0":"post-7664","1":"product","2":"type-product","3":"status-publish","4":"has-post-thumbnail","6":"product_cat-round-led-heatsinks","8":"first","9":"instock","10":"taxable","11":"shipping-taxable","12":"product-type-simple"},"_links":{"self":[{"href":"https:\/\/asproms.com\/en\/wp-json\/wp\/v2\/product\/7664","targetHints":{"allow":["GET"]}}],"collection":[{"href":"https:\/\/asproms.com\/en\/wp-json\/wp\/v2\/product"}],"about":[{"href":"https:\/\/asproms.com\/en\/wp-json\/wp\/v2\/types\/product"}],"wp:featuredmedia":[{"embeddable":true,"href":"https:\/\/asproms.com\/en\/wp-json\/wp\/v2\/media\/7665"}],"wp:attachment":[{"href":"https:\/\/asproms.com\/en\/wp-json\/wp\/v2\/media?parent=7664"}],"wp:term":[{"taxonomy":"product_brand","embeddable":true,"href":"https:\/\/asproms.com\/en\/wp-json\/wp\/v2\/product_brand?post=7664"},{"taxonomy":"product_cat","embeddable":true,"href":"https:\/\/asproms.com\/en\/wp-json\/wp\/v2\/product_cat?post=7664"},{"taxonomy":"product_tag","embeddable":true,"href":"https:\/\/asproms.com\/en\/wp-json\/wp\/v2\/product_tag?post=7664"}],"curies":[{"name":"wp","href":"https:\/\/api.w.org\/{rel}","templated":true}]}}