{"id":7654,"date":"2023-06-15T11:07:19","date_gmt":"2023-06-15T08:07:19","guid":{"rendered":"https:\/\/asproms.com\/?post_type=product&#038;p=7654"},"modified":"2024-02-24T22:15:54","modified_gmt":"2024-02-24T19:15:54","slug":"2070-asl-aluminyum-led-profil","status":"publish","type":"product","link":"https:\/\/asproms.com\/en\/product\/2070-asl-aluminyum-led-profil\/","title":{"rendered":"2070 ASL Al\u00fcminyum Led Profil"},"content":{"rendered":"<p>\u00c7ap : \u00d8 70<\/p>\n<p>Materyal : Aluminyum 6063-T5<\/p>\n<p>Boy Uzunlu\u011fu : 3100 mm<\/p>\n","protected":false},"excerpt":{"rendered":"<p>\u00c7ap : \u00d8 70<\/p>\n<p>Materyal : Aluminyum 6063-T5<\/p>\n<p>Boy Uzunlu\u011fu : 3100 mm<\/p>\n","protected":false},"featured_media":7655,"template":"","meta":[],"product_brand":[],"product_cat":[60],"product_tag":[],"class_list":{"0":"post-7654","1":"product","2":"type-product","3":"status-publish","4":"has-post-thumbnail","6":"product_cat-dairesel-sogutucular","8":"first","9":"instock","10":"taxable","11":"shipping-taxable","12":"product-type-simple"},"_links":{"self":[{"href":"https:\/\/asproms.com\/en\/wp-json\/wp\/v2\/product\/7654","targetHints":{"allow":["GET"]}}],"collection":[{"href":"https:\/\/asproms.com\/en\/wp-json\/wp\/v2\/product"}],"about":[{"href":"https:\/\/asproms.com\/en\/wp-json\/wp\/v2\/types\/product"}],"wp:featuredmedia":[{"embeddable":true,"href":"https:\/\/asproms.com\/en\/wp-json\/wp\/v2\/media\/7655"}],"wp:attachment":[{"href":"https:\/\/asproms.com\/en\/wp-json\/wp\/v2\/media?parent=7654"}],"wp:term":[{"taxonomy":"product_brand","embeddable":true,"href":"https:\/\/asproms.com\/en\/wp-json\/wp\/v2\/product_brand?post=7654"},{"taxonomy":"product_cat","embeddable":true,"href":"https:\/\/asproms.com\/en\/wp-json\/wp\/v2\/product_cat?post=7654"},{"taxonomy":"product_tag","embeddable":true,"href":"https:\/\/asproms.com\/en\/wp-json\/wp\/v2\/product_tag?post=7654"}],"curies":[{"name":"wp","href":"https:\/\/api.w.org\/{rel}","templated":true}]}}