{"id":7622,"date":"2023-06-01T14:09:36","date_gmt":"2023-06-01T11:09:36","guid":{"rendered":"https:\/\/asproms.com\/?post_type=product&#038;p=7622"},"modified":"2026-03-28T23:06:29","modified_gmt":"2026-03-28T20:06:29","slug":"635-asl-trimless-siva-alti-profili","status":"publish","type":"product","link":"https:\/\/asproms.com\/en\/product\/635-asl-trimless-siva-alti-profili\/","title":{"rendered":"ASPT-0635 (35 MM. SIVA ALTI AL\u00c7IPAN TRIMLESS PROF\u0130L)"},"content":{"rendered":"<p><strong>Teknik \u00d6zellikler<\/strong><\/p>\n<p><strong>Boy Uzunlu\u011fu:<\/strong>\u00a0 3 Metre olarak alabilirsiniz.<\/p>\n<p><strong>Y\u00fckseklik:<\/strong>\u00a015 mm (dif\u00fcz\u00f6r ile 16,5 mm)<\/p>\n<p><strong>Geni\u015flik:<\/strong>\u00a016,7 mm (i\u00e7 geni\u015flik 34,1 mm)<\/p>\n<p><strong>Montaj Derinli\u011fi:<\/strong>\u00a018,5 mm<\/p>\n<p><strong>\u00dcR\u00dcN \u0130ADES\u0130 MEVCUT DE\u011e\u0130LD\u0130R.\u00a0<\/strong><\/p>\n","protected":false},"excerpt":{"rendered":"<p><strong>Paketin i\u00e7eri\u011fi a\u015fa\u011f\u0131daki gibidir.<\/strong><\/p>\n<ul>\n<li>Aluminyum Profil Se\u00e7ti\u011finiz Uzunluk ve Adette g\u00f6nderilir.<\/li>\n<li>Dif\u00fcz\u00f6r (I\u015f\u0131k kapa\u011f\u0131) Se\u00e7ti\u011finiz uzunluk ve adette g\u00f6nderilir.<\/li>\n<\/ul>\n<p>35 mm trimless LED profilimiz, \u00f6zellikle modern ve \u015f\u0131k i\u00e7 mekan ayd\u0131nlatma \u00e7\u00f6z\u00fcmleri arayanlar i\u00e7in tasarlanm\u0131\u015ft\u0131r. \u00dcr\u00fcn kodu 635 ASL olan bu LED profil, y\u00fcksek kaliteli aluminyum malzemeden \u00fcretilmi\u015f olup, uzun \u00f6m\u00fcrl\u00fc ve dayan\u0131kl\u0131d\u0131r. Profilin trimless yap\u0131s\u0131 sayesinde montaj sonras\u0131nda g\u00f6r\u00fcn\u00fcr bir kenar kalmaz, b\u00f6ylece estetik ve temiz bir g\u00f6r\u00fcn\u00fcm elde edilir.<\/p>\n<p><strong>Avantajlar<\/strong><\/p>\n<p>Estetik G\u00f6r\u00fcn\u00fcm: Trimless tasar\u0131m\u0131 sayesinde duvar veya tavan ile b\u00fct\u00fcnle\u015fir ve g\u00f6r\u00fcn\u00fcr bir kenar b\u0131rakmaz.<\/p>\n<p>Dayan\u0131kl\u0131l\u0131k: Y\u00fcksek kaliteli aluminyum malzeme, uzun \u00f6m\u00fcr ve dayan\u0131kl\u0131l\u0131k sa\u011flar.<\/p>\n<p>Esnek Kullan\u0131m: Hem dif\u00fcz\u00f6rl\u00fc hem de dif\u00fcz\u00f6rs\u00fcz kullan\u0131m imkan\u0131 sunar, bu da farkl\u0131 ayd\u0131nlatma ihtiya\u00e7lar\u0131na uygun \u00e7\u00f6z\u00fcmler sunar.<\/p>\n<p>Kolay Montaj: Tasar\u0131m\u0131 sayesinde kolayca monte edilebilir ve uygulanabilir.<\/p>\n<p><strong>Uygulama Alanlar\u0131<\/strong><\/p>\n<p>35 mm trimless LED profil, ofisler, oteller, al\u0131\u015fveri\u015f merkezleri, restoranlar ve konut projeleri gibi \u00e7e\u015fitli i\u00e7 mekan ayd\u0131nlatma uygulamalar\u0131nda kullan\u0131labilir. \u00d6zellikle modern ve minimalistik tasar\u0131mlar arayan mimar ve i\u00e7 mimarlar i\u00e7in ideal bir \u00e7\u00f6z\u00fcmd\u00fcr.<\/p>\n<p><strong>\u00dcR\u00dcN \u0130ADES\u0130 MEVCUT DE\u011e\u0130LD\u0130R.\u00a0<\/strong><\/p>\n","protected":false},"featured_media":7623,"template":"","meta":[],"product_brand":[],"product_cat":[139],"product_tag":[],"class_list":{"0":"post-7622","1":"product","2":"type-product","3":"status-publish","4":"has-post-thumbnail","6":"product_cat-alcipan-trimless-profiller","8":"first","9":"instock","10":"purchasable","11":"product-type-variable"},"_links":{"self":[{"href":"https:\/\/asproms.com\/en\/wp-json\/wp\/v2\/product\/7622","targetHints":{"allow":["GET"]}}],"collection":[{"href":"https:\/\/asproms.com\/en\/wp-json\/wp\/v2\/product"}],"about":[{"href":"https:\/\/asproms.com\/en\/wp-json\/wp\/v2\/types\/product"}],"wp:featuredmedia":[{"embeddable":true,"href":"https:\/\/asproms.com\/en\/wp-json\/wp\/v2\/media\/7623"}],"wp:attachment":[{"href":"https:\/\/asproms.com\/en\/wp-json\/wp\/v2\/media?parent=7622"}],"wp:term":[{"taxonomy":"product_brand","embeddable":true,"href":"https:\/\/asproms.com\/en\/wp-json\/wp\/v2\/product_brand?post=7622"},{"taxonomy":"product_cat","embeddable":true,"href":"https:\/\/asproms.com\/en\/wp-json\/wp\/v2\/product_cat?post=7622"},{"taxonomy":"product_tag","embeddable":true,"href":"https:\/\/asproms.com\/en\/wp-json\/wp\/v2\/product_tag?post=7622"}],"curies":[{"name":"wp","href":"https:\/\/api.w.org\/{rel}","templated":true}]}}