{"id":7615,"date":"2023-06-01T14:03:23","date_gmt":"2023-06-01T11:03:23","guid":{"rendered":"https:\/\/asproms.com\/?post_type=product&#038;p=7615"},"modified":"2026-03-28T23:08:10","modified_gmt":"2026-03-28T20:08:10","slug":"655-asl-trimless-siva-alti-profili","status":"publish","type":"product","link":"https:\/\/asproms.com\/en\/product\/655-asl-trimless-siva-alti-profili\/","title":{"rendered":"ASPT-0655 (50 MM. AL\u00c7IPAN TRIMLESS PROF\u0130L)"},"content":{"rendered":"<p><strong>Teknik \u00d6zellikler:<\/strong><\/p>\n<ul>\n<li><strong>Boy Uzunlu\u011fu:<\/strong> 3 metre olarak sipari\u015f edilebilir.<\/li>\n<li><strong>Y\u00fckseklik:<\/strong>\u00a016,5 mm (dif\u00fcz\u00f6r ile 18,5 mm)<\/li>\n<li><strong>Geni\u015flik:\u00a0<\/strong>98,6 mm (i\u00e7 geni\u015flik 45,2 mm)<\/li>\n<li><strong>Montaj Derinli\u011fi:<\/strong>\u00a018,5 mm<\/li>\n<li><strong>Dif\u00fcz\u00f6r:<\/strong>\u00a0Opal<\/li>\n<li><strong>\u00dcR\u00dcN \u0130ADES\u0130 MEVCUT DE\u011e\u0130LD\u0130R.\u00a0<\/strong><\/li>\n<\/ul>\n","protected":false},"excerpt":{"rendered":"<p><strong>ASPLT-0655<\/strong>\u00a0trimless s\u0131va alt\u0131 LED profilimiz, \u00f6zellikle modern ve estetik i\u00e7 mekan ayd\u0131nlatma \u00e7\u00f6z\u00fcmleri arayanlar i\u00e7in tasarlanm\u0131\u015ft\u0131r. Y\u00fcksek kaliteli al\u00fcminyum malzemeden \u00fcretilen bu profil, uzun \u00f6m\u00fcrl\u00fc ve dayan\u0131kl\u0131d\u0131r. Trimless yap\u0131s\u0131 sayesinde montaj sonras\u0131 g\u00f6r\u00fcn\u00fcr bir kenar kalmaz, bu da temiz ve \u015f\u0131k bir g\u00f6r\u00fcn\u00fcm sunar. Homojen ve yumu\u015fak \u0131\u015f\u0131k da\u011f\u0131l\u0131m\u0131 sa\u011flayarak i\u00e7 mekanlarda hem dekoratif hem de fonksiyonel bir ayd\u0131nlatma sa\u011flar.<\/p>\n<p><strong>Paket \u0130\u00e7eri\u011fi:<\/strong><\/p>\n<ul>\n<li>Al\u00fcminyum Profil:\u00a0Se\u00e7ti\u011finiz uzunluk ve adette g\u00f6nderilir.<\/li>\n<li>Dif\u00fcz\u00f6r (I\u015f\u0131k Kapa\u011f\u0131): Se\u00e7ti\u011finiz uzunluk ve adette g\u00f6nderilir.<\/li>\n<li><strong>Avantajlar:<\/strong>\n<ul>\n<li>Estetik G\u00f6r\u00fcn\u00fcm:\u00a0Trimless tasar\u0131m sayesinde duvar veya tavan ile b\u00fct\u00fcnle\u015fir, g\u00f6r\u00fcn\u00fcr bir kenar b\u0131rakmaz ve yaln\u0131zca \u0131\u015f\u0131k \u00e7izgisi g\u00f6r\u00fcn\u00fcr.<\/li>\n<li>Dayan\u0131kl\u0131l\u0131k:\u00a0Y\u00fcksek kaliteli al\u00fcminyum yap\u0131s\u0131 ile uzun \u00f6m\u00fcrl\u00fc ve paslanmazd\u0131r.<\/li>\n<li>Esnek Kullan\u0131m:\u00a0Hem dif\u00fcz\u00f6rl\u00fc hem de dif\u00fcz\u00f6rs\u00fcz kullan\u0131m imkan\u0131 sunar.<\/li>\n<li>Kolay Montaj:\u00a0Montaj aksesuarlar\u0131 ile pratik kurulum sa\u011flar.<\/li>\n<li>Uygulama Alanlar\u0131:<strong>\u00a0ASPLT-0655<\/strong>\u00a0trimless LED profil, ofisler, oteller, al\u0131\u015fveri\u015f merkezleri, restoranlar ve konut projeleri gibi \u00e7e\u015fitli i\u00e7 mekan ayd\u0131nlatma uygulamalar\u0131 i\u00e7in idealdir. \u00d6zellikle modern ve minimalist tasar\u0131mlara sahip projelerde mimar ve i\u00e7 mimarlar i\u00e7in m\u00fckemmel bir \u00e7\u00f6z\u00fcm sunar.<\/li>\n<li><strong>\u00dcR\u00dcN \u0130ADES\u0130 MEVCUT DE\u011e\u0130LD\u0130R.<\/strong><\/li>\n<\/ul>\n<\/li>\n<\/ul>\n","protected":false},"featured_media":7618,"template":"","meta":[],"product_brand":[],"product_cat":[139],"product_tag":[],"class_list":{"0":"post-7615","1":"product","2":"type-product","3":"status-publish","4":"has-post-thumbnail","6":"product_cat-alcipan-trimless-profiller","8":"first","9":"instock","10":"purchasable","11":"product-type-variable"},"_links":{"self":[{"href":"https:\/\/asproms.com\/en\/wp-json\/wp\/v2\/product\/7615","targetHints":{"allow":["GET"]}}],"collection":[{"href":"https:\/\/asproms.com\/en\/wp-json\/wp\/v2\/product"}],"about":[{"href":"https:\/\/asproms.com\/en\/wp-json\/wp\/v2\/types\/product"}],"wp:featuredmedia":[{"embeddable":true,"href":"https:\/\/asproms.com\/en\/wp-json\/wp\/v2\/media\/7618"}],"wp:attachment":[{"href":"https:\/\/asproms.com\/en\/wp-json\/wp\/v2\/media?parent=7615"}],"wp:term":[{"taxonomy":"product_brand","embeddable":true,"href":"https:\/\/asproms.com\/en\/wp-json\/wp\/v2\/product_brand?post=7615"},{"taxonomy":"product_cat","embeddable":true,"href":"https:\/\/asproms.com\/en\/wp-json\/wp\/v2\/product_cat?post=7615"},{"taxonomy":"product_tag","embeddable":true,"href":"https:\/\/asproms.com\/en\/wp-json\/wp\/v2\/product_tag?post=7615"}],"curies":[{"name":"wp","href":"https:\/\/api.w.org\/{rel}","templated":true}]}}