{"id":7605,"date":"2023-06-01T13:58:21","date_gmt":"2023-06-01T10:58:21","guid":{"rendered":"https:\/\/asproms.com\/?post_type=product&#038;p=7605"},"modified":"2026-03-25T17:21:15","modified_gmt":"2026-03-25T14:21:15","slug":"1932-asl-30mm-siva-alti-led-profil","status":"publish","type":"product","link":"https:\/\/asproms.com\/en\/product\/1932-asl-30mm-siva-alti-led-profil\/","title":{"rendered":"ASPL-01932-ELOKSALLI (30 MM. SIVA ALTI LED PROF\u0130L)"},"content":{"rendered":"<p><strong>Materyal:<\/strong>\u00a0Y\u00fcksek \u0131s\u0131 iletkenli\u011fine sahip al\u00fcminyum<\/p>\n<p><strong>Y\u00fczey:<\/strong>\u00a0Mat Beyaz Eloksal kaplamal\u0131 y\u00fczey<\/p>\n<p><strong>Y\u00fckseklik:<\/strong>\u00a014,4 mm<\/p>\n<p><strong>Geni\u015flik:<\/strong>\u00a033,2 mm<\/p>\n<p><strong>\u00dcR\u00dcN \u0130ADES\u0130 MEVCUT DE\u011e\u0130LD\u0130R.\u00a0<\/strong><\/p>\n","protected":false},"excerpt":{"rendered":"<p><strong>Paket \u0130\u00e7eri\u011fi:<\/strong><\/p>\n<ul>\n<li><strong>Al\u00fcminyum Profil:<\/strong>\u00a0Se\u00e7ti\u011finiz uzunluk ve adette g\u00f6nderilir.<\/li>\n<li><strong>Dif\u00fcz\u00f6r (I\u015f\u0131k Kapa\u011f\u0131):<\/strong>\u00a0Se\u00e7ti\u011finiz uzunluk ve adette g\u00f6nderilir.<\/li>\n<li><strong>2x Gri Yan Kapak:<\/strong>\u00a0(Se\u00e7ti\u011finiz adet\/Boy adedi x 2) (Delikli ve deliksiz kapak olarak g\u00f6nderilecektir). \u00d6rne\u011fin, 3 metre 10\u2019lu paket sat\u0131n ald\u0131\u011f\u0131n\u0131zda 30 adet delikli ve 30 adet deliksiz olmak \u00fczere toplam 60 kapak g\u00f6nderilir.<\/li>\n<li><strong>2x Montaj Klipsi:<\/strong>\u00a0(Se\u00e7ti\u011finiz adet\/Boy adedi x 2).<\/li>\n<\/ul>\n<p><strong>ASPL-01932 Profili,<\/strong>\u00a0geni\u015fli\u011fi 27,75 mm olan LED PCB veya \u015ferit LED\u2019lere uyumlu bir \u015fekilde tasarlanm\u0131\u015ft\u0131r. S\u0131va alt\u0131 montaj i\u00e7in uygun olan bu profil, i\u00e7 mekanlarda estetik ve minimal bir g\u00f6r\u00fcn\u00fcm sunarak LED \u0131\u015f\u0131k kayna\u011f\u0131n\u0131 g\u00f6zden uzak tutar. \u00d6zellikle mimari projelerde \u015f\u0131k bir ayd\u0131nlatma \u00e7\u00f6z\u00fcm\u00fc sunar.<\/p>\n<p><strong>\u00dcr\u00fcn\u00fcn Kullan\u0131m Alanlar\u0131:<\/strong><\/p>\n<ul>\n<li>S\u0131va alt\u0131 ayd\u0131nlatma uygulamalar\u0131<\/li>\n<li>Ofis, otel ve koridor dekorasyonlar\u0131<\/li>\n<li>Tavan ve duvarlarda estetik ve homojen \u0131\u015f\u0131k yay\u0131l\u0131m\u0131 gereken yerler<\/li>\n<li><strong>\u00dcR\u00dcN \u0130ADES\u0130 MEVCUT DE\u011e\u0130LD\u0130R<\/strong><\/li>\n<\/ul>\n<p>&nbsp;<\/p>\n","protected":false},"featured_media":7608,"template":"","meta":[],"product_brand":[],"product_cat":[63],"product_tag":[],"class_list":{"0":"post-7605","1":"product","2":"type-product","3":"status-publish","4":"has-post-thumbnail","6":"product_cat-led-profiller","8":"first","9":"instock","10":"purchasable","11":"product-type-variable"},"_links":{"self":[{"href":"https:\/\/asproms.com\/en\/wp-json\/wp\/v2\/product\/7605","targetHints":{"allow":["GET"]}}],"collection":[{"href":"https:\/\/asproms.com\/en\/wp-json\/wp\/v2\/product"}],"about":[{"href":"https:\/\/asproms.com\/en\/wp-json\/wp\/v2\/types\/product"}],"wp:featuredmedia":[{"embeddable":true,"href":"https:\/\/asproms.com\/en\/wp-json\/wp\/v2\/media\/7608"}],"wp:attachment":[{"href":"https:\/\/asproms.com\/en\/wp-json\/wp\/v2\/media?parent=7605"}],"wp:term":[{"taxonomy":"product_brand","embeddable":true,"href":"https:\/\/asproms.com\/en\/wp-json\/wp\/v2\/product_brand?post=7605"},{"taxonomy":"product_cat","embeddable":true,"href":"https:\/\/asproms.com\/en\/wp-json\/wp\/v2\/product_cat?post=7605"},{"taxonomy":"product_tag","embeddable":true,"href":"https:\/\/asproms.com\/en\/wp-json\/wp\/v2\/product_tag?post=7605"}],"curies":[{"name":"wp","href":"https:\/\/api.w.org\/{rel}","templated":true}]}}