{"id":7423,"date":"2023-05-15T14:08:11","date_gmt":"2023-05-15T11:08:11","guid":{"rendered":"https:\/\/asproms.com\/?post_type=product&#038;p=7423"},"modified":"2026-03-25T23:57:52","modified_gmt":"2026-03-25T20:57:52","slug":"981-asl-ultra-ince-led-profil","status":"publish","type":"product","link":"https:\/\/asproms.com\/en\/product\/981-asl-ultra-ince-led-profil\/","title":{"rendered":"ASPL-0981-ELOKSALLI (15 MM. ULTRA \u0130NCE RAF ALTI LED PROF\u0130L)"},"content":{"rendered":"<p><strong>Materyal<\/strong>\u00a0: Y\u00fcksek \u0131s\u0131 iletkenli\u011fi olan Aluminyum<br \/>\n<strong>Y\u00fczey\u00a0 \u00a0 \u00a0<\/strong>: Mat Beyaz Eloksal kaplamal\u0131 y\u00fczey<br \/>\n<strong>Y\u00fckseklik<\/strong>\u00a0: 5,9 mm<br \/>\n<strong>Geni\u015flik<\/strong>\u00a0: 14,90 mm<\/p>\n","protected":false},"excerpt":{"rendered":"<p><strong>Paket i\u00e7eri\u011findeki adetler a\u015fa\u011f\u0131daki gibi olacakt\u0131r<\/strong><\/p>\n<ul>\n<li>Aluminyum Profil Se\u00e7ti\u011finiz Uzunluk ve Adette g\u00f6nderilir.<\/li>\n<li>Dif\u00fcz\u00f6r (I\u015f\u0131k kapa\u011f\u0131) Se\u00e7ti\u011finiz uzunluk ve adette g\u00f6nderilir.<\/li>\n<\/ul>\n<ul>\n<li>2x Gri Yan kapak (Se\u00e7ti\u011finiz adet\/Boy\u00a0adedi\u00a0x 2) (Delikli ve Deliksiz kapak olarak g\u00f6nderilecektir) * \u00d6rne\u011fin 3 metre 10 lu paket sat\u0131n ald\u0131\u011f\u0131n\u0131z da 30 adet delikli ve 30 adet deliksiz toplam 60 paket kapak g\u00f6nderilir.<\/li>\n<\/ul>\n<ul>\n<li>2x Klips (Se\u00e7ti\u011finiz adet\/Boy\u00a0adedi\u00a0x 2\u00a0)<\/li>\n<\/ul>\n<p>15 mm Led ince Profili 12,70 mm geni\u015fli\u011finde led pcb ya da \u015ferit lede uyumlu \u015fekildedir. Y\u00fcksekli\u011fi \u00e7ok d\u00fc\u015f\u00fck oldu\u011fu i\u00e7in mimari uygulamalarda en \u00e7ok tercih edilen \u00fcr\u00fcnd\u00fcr.<\/p>\n<p>\u00dcr\u00fcn\u00fcn kullan\u0131m alanlar\u0131 raf alt\u0131 uygulamalar, mutfak dolab\u0131 ayd\u0131nlatmas\u0131, dolap ayd\u0131nlatmas\u0131 gibi dekoratif ayd\u0131nlatmalard\u0131r.<\/p>\n<p>&nbsp;<\/p>\n","protected":false},"featured_media":7424,"template":"","meta":[],"product_brand":[],"product_cat":[63],"product_tag":[],"class_list":{"0":"post-7423","1":"product","2":"type-product","3":"status-publish","4":"has-post-thumbnail","6":"product_cat-led-profiller","8":"first","9":"instock","10":"purchasable","11":"product-type-variable"},"_links":{"self":[{"href":"https:\/\/asproms.com\/en\/wp-json\/wp\/v2\/product\/7423","targetHints":{"allow":["GET"]}}],"collection":[{"href":"https:\/\/asproms.com\/en\/wp-json\/wp\/v2\/product"}],"about":[{"href":"https:\/\/asproms.com\/en\/wp-json\/wp\/v2\/types\/product"}],"wp:featuredmedia":[{"embeddable":true,"href":"https:\/\/asproms.com\/en\/wp-json\/wp\/v2\/media\/7424"}],"wp:attachment":[{"href":"https:\/\/asproms.com\/en\/wp-json\/wp\/v2\/media?parent=7423"}],"wp:term":[{"taxonomy":"product_brand","embeddable":true,"href":"https:\/\/asproms.com\/en\/wp-json\/wp\/v2\/product_brand?post=7423"},{"taxonomy":"product_cat","embeddable":true,"href":"https:\/\/asproms.com\/en\/wp-json\/wp\/v2\/product_cat?post=7423"},{"taxonomy":"product_tag","embeddable":true,"href":"https:\/\/asproms.com\/en\/wp-json\/wp\/v2\/product_tag?post=7423"}],"curies":[{"name":"wp","href":"https:\/\/api.w.org\/{rel}","templated":true}]}}