{"id":5322,"date":"2023-04-28T06:40:00","date_gmt":"2023-04-28T03:40:00","guid":{"rendered":"https:\/\/asproms.medya.agency\/?post_type=product&#038;p=5322"},"modified":"2023-04-28T06:41:30","modified_gmt":"2023-04-28T03:41:30","slug":"isi-transfer-banti","status":"publish","type":"product","link":"https:\/\/asproms.com\/en\/product\/isi-transfer-banti\/","title":{"rendered":"Is\u0131 Transfer Bant\u0131"},"content":{"rendered":"<p>10,12,15,17,20, 25 MM 50 METRE \u00c7\u0130FT TARAFLI ISI TRANSFER BANDI stoklar\u0131m\u0131zda bulunmaktad\u0131r.<\/p>\n<ul>\n<li>LED UYGULAMALARI VE ISI TRANSFER\u0130 KONUSUNDA SIKLIKLA KULLANILAN EKONOM\u0130K \u00dcR\u00dcN d\u00fcr.<\/li>\n<li>\u00c7ok ama\u00e7l\u0131 kullan\u0131ma uygun akrilik \u015feffaf ve \u00e7ift tarafl\u0131d\u0131r.<\/li>\n<li>Pcb lerde olu\u015fan \u0131s\u0131y\u0131 zahmetsiz \u015fekilde \u015faseye iletmeye yarar.<\/li>\n<li>Led ayd\u0131nlatma sekt\u00f6r\u00fcnde, hacimli olarak kullan\u0131lan bir \u00fcr\u00fcnd\u00fcr. Pcb leri, armat\u00fcrlere kolay bir \u015fekilde, vida ve delik i\u015f\u00e7ili\u011fi olmadan montaj etmeye yarar.<\/li>\n<li>Farkl\u0131 \u00f6l\u00e7\u00fcler i\u00e7in l\u00fctfen taraf\u0131m\u0131za ula\u015f\u0131n\u0131z. Toptan sat\u0131\u015f\u0131m\u0131z mevcuttur.<\/li>\n<\/ul>\n","protected":false},"excerpt":{"rendered":"<p>10,12,15,17,20, 25 MM 50 METRE \u00c7\u0130FT TARAFLI ISI TRANSFER BANDI stoklar\u0131m\u0131zda bulunmaktad\u0131r.<\/p>\n","protected":false},"featured_media":5323,"template":"","meta":[],"product_brand":[],"product_cat":[72],"product_tag":[],"class_list":{"0":"post-5322","1":"product","2":"type-product","3":"status-publish","4":"has-post-thumbnail","6":"product_cat-aksesuarlar","8":"first","9":"instock","10":"taxable","11":"shipping-taxable","12":"product-type-simple"},"_links":{"self":[{"href":"https:\/\/asproms.com\/en\/wp-json\/wp\/v2\/product\/5322","targetHints":{"allow":["GET"]}}],"collection":[{"href":"https:\/\/asproms.com\/en\/wp-json\/wp\/v2\/product"}],"about":[{"href":"https:\/\/asproms.com\/en\/wp-json\/wp\/v2\/types\/product"}],"wp:featuredmedia":[{"embeddable":true,"href":"https:\/\/asproms.com\/en\/wp-json\/wp\/v2\/media\/5323"}],"wp:attachment":[{"href":"https:\/\/asproms.com\/en\/wp-json\/wp\/v2\/media?parent=5322"}],"wp:term":[{"taxonomy":"product_brand","embeddable":true,"href":"https:\/\/asproms.com\/en\/wp-json\/wp\/v2\/product_brand?post=5322"},{"taxonomy":"product_cat","embeddable":true,"href":"https:\/\/asproms.com\/en\/wp-json\/wp\/v2\/product_cat?post=5322"},{"taxonomy":"product_tag","embeddable":true,"href":"https:\/\/asproms.com\/en\/wp-json\/wp\/v2\/product_tag?post=5322"}],"curies":[{"name":"wp","href":"https:\/\/api.w.org\/{rel}","templated":true}]}}