{"id":5280,"date":"2023-04-27T09:58:01","date_gmt":"2023-04-27T06:58:01","guid":{"rendered":"https:\/\/asproms.medya.agency\/?post_type=product&#038;p=5280"},"modified":"2023-04-27T09:58:43","modified_gmt":"2023-04-27T06:58:43","slug":"mini-pc-led-etanj-surgusuz","status":"publish","type":"product","link":"https:\/\/asproms.com\/en\/product\/mini-pc-led-etanj-surgusuz\/","title":{"rendered":"Mini PC Led Etanj- S\u00fcrg\u00fcs\u00fcz"},"content":{"rendered":"<p>Mini LED Etanj Armat\u00fcr &#8211; Aluminyum S\u00fcrg\u00fcs\u00fcz<\/p>\n<p><strong>PCB Geni\u015flik :\u00a0<\/strong>Max 30 mm<\/p>\n<p><strong>Materyal :<\/strong>\u00a0PC<\/p>\n<p><strong>Boy Uzunlu\u011fu :<\/strong>\u00a03100 mm<\/p>\n<p><strong>Y\u00fckseklik :<\/strong>\u00a050 mm<\/p>\n<p><strong>Geni\u015flik\u00a0 \u00a0:<\/strong>\u00a056 mm<\/p>\n","protected":false},"excerpt":{"rendered":"<p>Mini LED Etanj Armat\u00fcr &#8211; Aluminyum S\u00fcrg\u00fcs\u00fcz<\/p>\n<p><strong>PCB Geni\u015flik :\u00a0<\/strong>Max 30 mm<\/p>\n<p><strong>Materyal :<\/strong>\u00a0PC<\/p>\n<p><strong>Boy Uzunlu\u011fu :<\/strong>\u00a03100 mm<\/p>\n<p><strong>Y\u00fckseklik :<\/strong>\u00a050 mm<\/p>\n<p><strong>Geni\u015flik\u00a0 \u00a0:<\/strong>\u00a056 mm<\/p>\n","protected":false},"featured_media":5282,"template":"","meta":[],"product_brand":[],"product_cat":[63],"product_tag":[],"class_list":{"0":"post-5280","1":"product","2":"type-product","3":"status-publish","4":"has-post-thumbnail","6":"product_cat-led-profiller","8":"first","9":"instock","10":"taxable","11":"shipping-taxable","12":"product-type-simple"},"_links":{"self":[{"href":"https:\/\/asproms.com\/en\/wp-json\/wp\/v2\/product\/5280","targetHints":{"allow":["GET"]}}],"collection":[{"href":"https:\/\/asproms.com\/en\/wp-json\/wp\/v2\/product"}],"about":[{"href":"https:\/\/asproms.com\/en\/wp-json\/wp\/v2\/types\/product"}],"wp:featuredmedia":[{"embeddable":true,"href":"https:\/\/asproms.com\/en\/wp-json\/wp\/v2\/media\/5282"}],"wp:attachment":[{"href":"https:\/\/asproms.com\/en\/wp-json\/wp\/v2\/media?parent=5280"}],"wp:term":[{"taxonomy":"product_brand","embeddable":true,"href":"https:\/\/asproms.com\/en\/wp-json\/wp\/v2\/product_brand?post=5280"},{"taxonomy":"product_cat","embeddable":true,"href":"https:\/\/asproms.com\/en\/wp-json\/wp\/v2\/product_cat?post=5280"},{"taxonomy":"product_tag","embeddable":true,"href":"https:\/\/asproms.com\/en\/wp-json\/wp\/v2\/product_tag?post=5280"}],"curies":[{"name":"wp","href":"https:\/\/api.w.org\/{rel}","templated":true}]}}