{"id":5270,"date":"2023-04-27T09:54:36","date_gmt":"2023-04-27T06:54:36","guid":{"rendered":"https:\/\/asproms.medya.agency\/?post_type=product&#038;p=5270"},"modified":"2026-03-25T23:05:07","modified_gmt":"2026-03-25T20:05:07","slug":"1972-asl-siva-alti-led-profil","status":"publish","type":"product","link":"https:\/\/asproms.com\/en\/product\/1972-asl-siva-alti-led-profil\/","title":{"rendered":"ASPL-01972-ELOKSALLI (17 MM. SIVA ALTI LED PROF\u0130L)"},"content":{"rendered":"<p><strong>Kullan\u0131m Alanlar\u0131:<\/strong><\/p>\n<p>Ofis ayd\u0131nlatmalar\u0131<\/p>\n<p>Otel ve restoran dekoratif ayd\u0131nlatmalar\u0131<\/p>\n<p>Konut i\u00e7 mekan ayd\u0131nlatmalar\u0131<\/p>\n<p>Ma\u011faza vitrin ve raf ayd\u0131nlatmalar\u0131<\/p>\n<p><em><strong>\u00dcR\u00dcN \u0130ADES\u0130 YOKTUR.\u00a0<\/strong><\/em><\/p>\n","protected":false},"excerpt":{"rendered":"<div class=\"flex justify-between items-center\"><strong><span class=\"title\">\u00dcr\u00fcn A\u00e7\u0131klamas\u0131<\/span><\/strong><\/div>\n<div class=\"tab-content\">\n<div><b>Paket i\u00e7eri\u011findeki adetler a\u015fa\u011f\u0131daki gibi olacakt\u0131r.\u00a0<\/b><\/div>\n<ul>\n<li>Aluminyum Profil Se\u00e7ti\u011finiz Uzunluk ve Adette g\u00f6nderilir.<\/li>\n<li>Dif\u00fcz\u00f6r (I\u015f\u0131k kapa\u011f\u0131) Se\u00e7ti\u011finiz uzunluk ve adette g\u00f6nderilir.<\/li>\n<li>2x Gri Yan kapak (Se\u00e7ti\u011finiz adet\/Boy adedi x 2) (Delikli ve Deliksiz kapak olarak g\u00f6nderilecektir) * \u00d6rne\u011fin 3 metre 10 lu paket sat\u0131n ald\u0131\u011f\u0131n\u0131z da 30 adet delikli ve 30 adet deliksiz toplam 60 paket kapak g\u00f6nderilir.<\/li>\n<\/ul>\n<p>1972 ASL S\u0131va Alt\u0131 Led Profil, i\u00e7 mekan ayd\u0131nlatma projeleri i\u00e7in m\u00fckemmel bir \u00e7\u00f6z\u00fcmd\u00fcr. Eloksal Kaplamal\u0131, y\u00fcksek \u0131s\u0131 iletkenli\u011fine sahip Al\u00fcminyum ve ideal \u0131\u015f\u0131k ge\u00e7irgenli\u011fine sahip polikarbonat malzemelerden \u00fcretilen bu profil, 14.7 mm ve 12.3 mm geni\u015fli\u011finde PCB\u2019lere uygundur. \u00dcr\u00fcn, s\u0131va alt\u0131 montaj i\u00e7in tasarlanm\u0131\u015ft\u0131r ve estetik, modern bir ayd\u0131nlatma sa\u011flar<\/p>\n<p><em><strong>\u00dcR\u00dcN \u0130ADES\u0130 YOKTUR.<\/strong><\/em><\/p>\n<\/div>\n","protected":false},"featured_media":5272,"template":"","meta":[],"product_brand":[],"product_cat":[63],"product_tag":[],"class_list":{"0":"post-5270","1":"product","2":"type-product","3":"status-publish","4":"has-post-thumbnail","6":"product_cat-led-profiller","8":"first","9":"instock","10":"purchasable","11":"product-type-variable"},"_links":{"self":[{"href":"https:\/\/asproms.com\/en\/wp-json\/wp\/v2\/product\/5270","targetHints":{"allow":["GET"]}}],"collection":[{"href":"https:\/\/asproms.com\/en\/wp-json\/wp\/v2\/product"}],"about":[{"href":"https:\/\/asproms.com\/en\/wp-json\/wp\/v2\/types\/product"}],"wp:featuredmedia":[{"embeddable":true,"href":"https:\/\/asproms.com\/en\/wp-json\/wp\/v2\/media\/5272"}],"wp:attachment":[{"href":"https:\/\/asproms.com\/en\/wp-json\/wp\/v2\/media?parent=5270"}],"wp:term":[{"taxonomy":"product_brand","embeddable":true,"href":"https:\/\/asproms.com\/en\/wp-json\/wp\/v2\/product_brand?post=5270"},{"taxonomy":"product_cat","embeddable":true,"href":"https:\/\/asproms.com\/en\/wp-json\/wp\/v2\/product_cat?post=5270"},{"taxonomy":"product_tag","embeddable":true,"href":"https:\/\/asproms.com\/en\/wp-json\/wp\/v2\/product_tag?post=5270"}],"curies":[{"name":"wp","href":"https:\/\/api.w.org\/{rel}","templated":true}]}}