{"id":5264,"date":"2023-04-27T09:53:29","date_gmt":"2023-04-27T06:53:29","guid":{"rendered":"https:\/\/asproms.medya.agency\/?post_type=product&#038;p=5264"},"modified":"2026-03-25T22:59:45","modified_gmt":"2026-03-25T19:59:45","slug":"1971-asl-led-lineer-profil","status":"publish","type":"product","link":"https:\/\/asproms.com\/en\/product\/1971-asl-led-lineer-profil\/","title":{"rendered":"ASPL-01971-ELOKSALLI (17 MM. LED PROF\u0130L)"},"content":{"rendered":"<p><strong>Pcb Geni\u015flik :<\/strong>\u00a014.7\u00a0mm\u00a0\u2013 12.3 mm<br \/>\n<strong>Materyal :<\/strong>\u00a0Aluminyum + PC<br \/>\n<strong>Boy Uzunlu\u011fu :<\/strong>\u00a06100 mm<br \/>\n<strong>Y\u00fckseklik :<\/strong>\u00a08 mm<br \/>\n<strong>Geni\u015flik\u00a0 \u00a0:<\/strong>\u00a016.7\u00a0mm<\/p>\n","protected":false},"excerpt":{"rendered":"<div class=\"flex justify-between items-center\"><strong><span class=\"title\">\u00dcr\u00fcn A\u00e7\u0131klamas\u0131<\/span><\/strong><\/div>\n<div class=\"tab-content\">\n<h6 class=\"\">Paket i\u00e7eri\u011findeki adetler a\u015fa\u011f\u0131daki gibi olacakt\u0131r.<\/h6>\n<ul>\n<li>Aluminyum Profil Se\u00e7ti\u011finiz Uzunluk ve Adette g\u00f6nderilir.<\/li>\n<\/ul>\n<ul>\n<li>Dif\u00fcz\u00f6r (I\u015f\u0131k kapa\u011f\u0131) Se\u00e7ti\u011finiz uzunluk ve adette g\u00f6nderilir.<\/li>\n<\/ul>\n<ul>\n<li>2x Gri Yan kapak (Se\u00e7ti\u011finiz adet\/Boy\u00a0adedi\u00a0x 2) (Delikli ve Deliksiz kapak olarak g\u00f6nderilecektir) * \u00d6rne\u011fin 3 metre 10 lu paket sat\u0131n ald\u0131\u011f\u0131n\u0131z da 30 adet delikli ve 30 adet deliksiz toplam 60 paket kapak g\u00f6nderilir.<\/li>\n<\/ul>\n<ul>\n<li>2x Klips (Se\u00e7ti\u011finiz adet\/Boy\u00a0adedi\u00a0x 2\u00a0)<\/li>\n<li>\u00dcR\u00dcN \u0130ADES\u0130 YOKTUR.<\/li>\n<\/ul>\n<h6 class=\"\">LED ayd\u0131nlatma \u00e7\u00f6z\u00fcmlerinde m\u00fckemmel bir se\u00e7enek olan 1971 ASL LED Lineer Profil, estetik tasar\u0131m\u0131 ve y\u00fcksek kalite malzemesi ile dikkat \u00e7ekiyor. 16,7 mm geni\u015fli\u011finde ve 8 mm y\u00fcksekli\u011findeki bu profil, 12,3 mm i\u00e7 geni\u015fli\u011fi ile \u00e7e\u015fitli LED \u015feritlerin kolayca monte edilmesini sa\u011flar. 1971 ASL LED Lineer Profil, hem profesyonel projelerde hem de ev i\u00e7i dekorasyonlarda kullan\u0131ma uygundur. Modern ve \u015f\u0131k ayd\u0131nlatma uygulamalar\u0131n\u0131z i\u00e7in ideal bir \u00e7\u00f6z\u00fcmd\u00fcr.<\/h6>\n<h6 class=\"\"><strong>Kullan\u0131m Alanlar\u0131:<\/strong>\u00a0\u0130\u00e7 mekan dekorasyonlar\u0131, ma\u011faza vitrinleri, ofis ayd\u0131nlatmalar\u0131, mutfak tezgahlar\u0131, tavan ve duvar ayd\u0131nlatmalar\u0131<\/h6>\n<\/div>\n","protected":false},"featured_media":5265,"template":"","meta":[],"product_brand":[],"product_cat":[63],"product_tag":[],"class_list":{"0":"post-5264","1":"product","2":"type-product","3":"status-publish","4":"has-post-thumbnail","6":"product_cat-led-profiller","8":"first","9":"instock","10":"purchasable","11":"product-type-variable"},"_links":{"self":[{"href":"https:\/\/asproms.com\/en\/wp-json\/wp\/v2\/product\/5264","targetHints":{"allow":["GET"]}}],"collection":[{"href":"https:\/\/asproms.com\/en\/wp-json\/wp\/v2\/product"}],"about":[{"href":"https:\/\/asproms.com\/en\/wp-json\/wp\/v2\/types\/product"}],"wp:featuredmedia":[{"embeddable":true,"href":"https:\/\/asproms.com\/en\/wp-json\/wp\/v2\/media\/5265"}],"wp:attachment":[{"href":"https:\/\/asproms.com\/en\/wp-json\/wp\/v2\/media?parent=5264"}],"wp:term":[{"taxonomy":"product_brand","embeddable":true,"href":"https:\/\/asproms.com\/en\/wp-json\/wp\/v2\/product_brand?post=5264"},{"taxonomy":"product_cat","embeddable":true,"href":"https:\/\/asproms.com\/en\/wp-json\/wp\/v2\/product_cat?post=5264"},{"taxonomy":"product_tag","embeddable":true,"href":"https:\/\/asproms.com\/en\/wp-json\/wp\/v2\/product_tag?post=5264"}],"curies":[{"name":"wp","href":"https:\/\/api.w.org\/{rel}","templated":true}]}}