{"id":5256,"date":"2023-04-27T09:51:58","date_gmt":"2023-04-27T06:51:58","guid":{"rendered":"https:\/\/asproms.medya.agency\/?post_type=product&#038;p=5256"},"modified":"2026-03-25T22:55:11","modified_gmt":"2026-03-25T19:55:11","slug":"1961-asl-lineer-led-profil","status":"publish","type":"product","link":"https:\/\/asproms.com\/en\/product\/1961-asl-lineer-led-profil\/","title":{"rendered":"ASPL-01961-ELOKSALLI (18 MM. SIVA \u00dcST\u00dc HAF\u0130F LED PROF\u0130L)"},"content":{"rendered":"<p><strong>Teknik \u00d6zellikler:<\/strong><\/p>\n<ul>\n<li><strong>Boy Uzunlu\u011fu:<\/strong>\u00a01 metre \/ 2 metre \/ 3 metre olarak temin edilebilir.<\/li>\n<li><strong>Y\u00fckseklik:<\/strong>\u00a012,7 mm<\/li>\n<li><strong>Geni\u015flik:<\/strong>\u00a018,5 mm (\u0130\u00e7 geni\u015flik 16,7 mm)<\/li>\n<li><strong>Montaj Derinli\u011fi:<\/strong>\u00a018,5 mm<\/li>\n<li><strong>Dif\u00fcz\u00f6r:<\/strong>\u00a0Opak<\/li>\n<li><strong>Y\u00fczey:<\/strong>\u00a0Mat beyaz eloksal kaplama<\/li>\n<li><strong>Malzeme:<\/strong>\u00a0Al\u00fcminyum 6063-T5<\/li>\n<li><em><strong>\u00dcR\u00dcN \u0130ADES\u0130 YOKTUR.\u00a0<\/strong><\/em><\/li>\n<\/ul>\n","protected":false},"excerpt":{"rendered":"<div class=\"flex justify-between items-center\"><strong><span class=\"title\">\u00dcr\u00fcn A\u00e7\u0131klamas\u0131<\/span><\/strong><\/div>\n<div class=\"tab-content\">\n<div><strong>Paket \u0130\u00e7eri\u011fi:<\/strong><\/div>\n<p>Paket i\u00e7eri\u011findeki adetler a\u015fa\u011f\u0131daki gibi olacakt\u0131r.<\/p>\n<p>Aluminyum Profil Se\u00e7ti\u011finiz Uzunluk ve Adette g\u00f6nderilir.<\/p>\n<p>Dif\u00fcz\u00f6r (I\u015f\u0131k kapa\u011f\u0131) Se\u00e7ti\u011finiz uzunluk ve adette g\u00f6nderilir.<\/p>\n<p>2x Gri Yan kapak (Se\u00e7ti\u011finiz adet\/Boy adedi x 2)\u00a0 * \u00d6rne\u011fin 3 metre 10 lu paket sat\u0131n ald\u0131\u011f\u0131n\u0131z da 30 adet delikli ve 30 adet deliksiz toplam 60 paket kapak g\u00f6nderilir.<\/p>\n<p>2x Klips (Se\u00e7ti\u011finiz adet\/Boy adedi x 2 )<\/p>\n<p>Genel Tan\u0131t\u0131m:<\/p>\n<p>ASP-01961 Lineer LED profil, modern i\u00e7 mekan ayd\u0131nlatma projelerinde ideal bir \u00e7\u00f6z\u00fcm sunan y\u00fcksek kaliteli al\u00fcminyum profildir. Estetik ve fonksiyonelli\u011fi bir araya getiren bu profil, ince ve zarif tasar\u0131m\u0131 ile i\u00e7 mekanlara minimalist bir ayd\u0131nlatma dokunu\u015fu kazand\u0131r\u0131r. Mat beyaz eloksal kaplamal\u0131 al\u00fcminyum yap\u0131s\u0131, uzun \u00f6m\u00fcrl\u00fc dayan\u0131kl\u0131l\u0131k sunarken, homojen \u0131\u015f\u0131k da\u011f\u0131l\u0131m\u0131 sa\u011flayan dif\u00fcz\u00f6r ile m\u00fckemmel ayd\u0131nlatma sa\u011flar.<\/p>\n<p><strong>Avantajlar:<\/strong><\/p>\n<ul>\n<li><strong>Minimalist Tasar\u0131m:<\/strong>\u00a0\u0130nce ve zarif yap\u0131s\u0131 sayesinde mek\u00e2nlara modern bir g\u00f6r\u00fcn\u00fcm kazand\u0131r\u0131r.<\/li>\n<li><strong>Dayan\u0131kl\u0131l\u0131k:<\/strong>\u00a0Y\u00fcksek kaliteli al\u00fcminyum malzemesi sayesinde uzun \u00f6m\u00fcrl\u00fcd\u00fcr ve paslanmaz.<\/li>\n<li><strong>Esnek Kullan\u0131m:<\/strong>\u00a0Hem dif\u00fcz\u00f6rl\u00fc hem de dif\u00fcz\u00f6rs\u00fcz kullan\u0131m imk\u00e2n\u0131 sunar, bu da projelerde \u00e7e\u015fitli ayd\u0131nlatma ihtiya\u00e7lar\u0131na uyum sa\u011flar.<\/li>\n<li><strong>Kolay Montaj:<\/strong>\u00a0Pratik montaj aksesuarlar\u0131 ile kullan\u0131c\u0131 dostu bir kurulum sa\u011flar.<\/li>\n<\/ul>\n<p><strong>Kullan\u0131m Alanlar\u0131:<\/strong> ASP-01961Lineer LED profil, ofislerden otellere, al\u0131\u015fveri\u015f merkezlerinden konut projelerine kadar geni\u015f bir kullan\u0131m alan\u0131na sahiptir. \u00d6zellikle modern ve minimalist tasar\u0131m arayan mimarlar ve i\u00e7 mimarlar i\u00e7in idealdir. Hem duvar hem de tavan ayd\u0131nlatma \u00e7\u00f6z\u00fcmleri i\u00e7in m\u00fckemmel bir tercihtir.<\/p>\n<p><em><strong>\u00dcR\u00dcN \u0130ADES\u0130 YOKTUR.\u00a0<\/strong><\/em><\/p>\n<\/div>\n","protected":false},"featured_media":5259,"template":"","meta":[],"product_brand":[],"product_cat":[63],"product_tag":[],"class_list":{"0":"post-5256","1":"product","2":"type-product","3":"status-publish","4":"has-post-thumbnail","6":"product_cat-led-profiller","8":"first","9":"instock","10":"purchasable","11":"product-type-variable"},"_links":{"self":[{"href":"https:\/\/asproms.com\/en\/wp-json\/wp\/v2\/product\/5256","targetHints":{"allow":["GET"]}}],"collection":[{"href":"https:\/\/asproms.com\/en\/wp-json\/wp\/v2\/product"}],"about":[{"href":"https:\/\/asproms.com\/en\/wp-json\/wp\/v2\/types\/product"}],"wp:featuredmedia":[{"embeddable":true,"href":"https:\/\/asproms.com\/en\/wp-json\/wp\/v2\/media\/5259"}],"wp:attachment":[{"href":"https:\/\/asproms.com\/en\/wp-json\/wp\/v2\/media?parent=5256"}],"wp:term":[{"taxonomy":"product_brand","embeddable":true,"href":"https:\/\/asproms.com\/en\/wp-json\/wp\/v2\/product_brand?post=5256"},{"taxonomy":"product_cat","embeddable":true,"href":"https:\/\/asproms.com\/en\/wp-json\/wp\/v2\/product_cat?post=5256"},{"taxonomy":"product_tag","embeddable":true,"href":"https:\/\/asproms.com\/en\/wp-json\/wp\/v2\/product_tag?post=5256"}],"curies":[{"name":"wp","href":"https:\/\/api.w.org\/{rel}","templated":true}]}}