{"id":5229,"date":"2023-04-27T09:42:34","date_gmt":"2023-04-27T06:42:34","guid":{"rendered":"https:\/\/asproms.medya.agency\/?post_type=product&#038;p=5229"},"modified":"2026-03-25T17:16:48","modified_gmt":"2026-03-25T14:16:48","slug":"1112-asl-100-mm-sivaalti-lineer-led-profili","status":"publish","type":"product","link":"https:\/\/asproms.com\/en\/product\/1112-asl-100-mm-sivaalti-lineer-led-profili\/","title":{"rendered":"ASPL-01112-ELOKSALLI (100 MM. SIVAALTI L\u0130NEER LED PROF\u0130L)"},"content":{"rendered":"<p><em><strong>ASP-01112 <\/strong><\/em>\u00fcr\u00fcn\u00fc ile birlikte dif\u00fcz\u00f6r olarak DF-100&#8217;\u00fc kullanabilirsiniz. D\u00fcz zemin montaj\u0131nda ASL.963 montaj profilini, \u00e7elik halat ile ask\u0131l\u0131 olarak kullan\u0131lacak ise AST kodlu Ask\u0131 telini s\u0131va alt\u0131 montaj\u0131 yap\u0131lacak ise CL.LP.SAY kodlu s\u0131va alt\u0131 yay\u0131n\u0131 kullanabilirsiniz.<\/p>\n<table class=\"table\">\n<tbody>\n<tr>\n<td>Materyal :<\/td>\n<td>Aluminyum 6063-T5<\/td>\n<\/tr>\n<tr>\n<td>Y\u00fczey :<\/td>\n<td>Mat Beyaz Eloksal<\/td>\n<\/tr>\n<tr>\n<td>Boy Uzunlu\u011fu :<\/td>\n<td>6100 mm<\/td>\n<\/tr>\n<tr>\n<td>Y\u00fckseklik :<\/td>\n<td>37,50 mm<\/td>\n<\/tr>\n<tr>\n<td>Geni\u015flik :<\/td>\n<td>112,8\u00a0mm<\/td>\n<\/tr>\n<\/tbody>\n<\/table>\n","protected":false},"excerpt":{"rendered":"<p><em><strong>ASP-01112 <\/strong><\/em>\u00a0\u00fcr\u00fcn\u00fc ile birlikte dif\u00fcz\u00f6r olarak DF-100&#8217;\u00fc kullanabilirsiniz. D\u00fcz zemin montaj\u0131nda ASL.963 montaj profilini, \u00e7elik halat ile ask\u0131l\u0131 olarak kullan\u0131lacak ise AST kodlu Ask\u0131 telini s\u0131va alt\u0131 montaj\u0131 yap\u0131lacak ise CL.LP.SAY kodlu s\u0131va alt\u0131 yay\u0131n\u0131 kullanabilirsiniz.<\/p>\n<table class=\"table\">\n<tbody>\n<tr>\n<td>Materyal :<\/td>\n<td>Aluminyum 6063-T5<\/td>\n<\/tr>\n<tr>\n<td>Y\u00fczey :<\/td>\n<td>Mat Beyaz Eloksal<\/td>\n<\/tr>\n<tr>\n<td>Boy Uzunlu\u011fu :<\/td>\n<td>6100 mm<\/td>\n<\/tr>\n<tr>\n<td>Y\u00fckseklik :<\/td>\n<td>37,50 mm<\/td>\n<\/tr>\n<tr>\n<td>Geni\u015flik :<\/td>\n<td>112,8\u00a0mm<\/td>\n<\/tr>\n<\/tbody>\n<\/table>\n","protected":false},"featured_media":5230,"template":"","meta":[],"product_brand":[],"product_cat":[63],"product_tag":[],"class_list":{"0":"post-5229","1":"product","2":"type-product","3":"status-publish","4":"has-post-thumbnail","6":"product_cat-led-profiller","8":"first","9":"instock","10":"purchasable","11":"product-type-variable"},"_links":{"self":[{"href":"https:\/\/asproms.com\/en\/wp-json\/wp\/v2\/product\/5229","targetHints":{"allow":["GET"]}}],"collection":[{"href":"https:\/\/asproms.com\/en\/wp-json\/wp\/v2\/product"}],"about":[{"href":"https:\/\/asproms.com\/en\/wp-json\/wp\/v2\/types\/product"}],"wp:featuredmedia":[{"embeddable":true,"href":"https:\/\/asproms.com\/en\/wp-json\/wp\/v2\/media\/5230"}],"wp:attachment":[{"href":"https:\/\/asproms.com\/en\/wp-json\/wp\/v2\/media?parent=5229"}],"wp:term":[{"taxonomy":"product_brand","embeddable":true,"href":"https:\/\/asproms.com\/en\/wp-json\/wp\/v2\/product_brand?post=5229"},{"taxonomy":"product_cat","embeddable":true,"href":"https:\/\/asproms.com\/en\/wp-json\/wp\/v2\/product_cat?post=5229"},{"taxonomy":"product_tag","embeddable":true,"href":"https:\/\/asproms.com\/en\/wp-json\/wp\/v2\/product_tag?post=5229"}],"curies":[{"name":"wp","href":"https:\/\/api.w.org\/{rel}","templated":true}]}}