{"id":5199,"date":"2023-04-27T09:33:13","date_gmt":"2023-04-27T06:33:13","guid":{"rendered":"https:\/\/asproms.medya.agency\/?post_type=product&#038;p=5199"},"modified":"2026-03-25T23:55:12","modified_gmt":"2026-03-25T20:55:12","slug":"972-asl-lineer-sivaalti-profil","status":"publish","type":"product","link":"https:\/\/asproms.com\/en\/product\/972-asl-lineer-sivaalti-profil\/","title":{"rendered":"ASPL-0972-ELOKSALLI (17 MM. DER\u0130N SIVA ALTI LED PROF\u0130L)"},"content":{"rendered":"<p><b>Kullan\u0131m Alanlar\u0131<\/b><\/p>\n<p><b>Ev Ayd\u0131nlatmas\u0131:\u00a0<\/b>Oturma odas\u0131, mutfak, koridor gibi alanlarda modern ve estetik bir ayd\u0131nlatma sa\u011flar.<\/p>\n<p><b>Ticari Alanlar:\u00a0<\/b>Ofisler, ma\u011fazalar ve showroomlarda \u015f\u0131k ve profesyonel bir g\u00f6r\u00fcn\u00fcm yarat\u0131r.<\/p>\n<p><b>Hizmet Sekt\u00f6r\u00fc:<\/b>\u00a0Oteller, restoranlar ve kafelerde hem dekoratif hem de i\u015flevsel ayd\u0131nlatma \u00e7\u00f6z\u00fcmleri sunar<\/p>\n<p><em><strong>\u00dcR\u00dcN \u0130ADES\u0130 MEVCUT DE\u011e\u0130LD\u0130R.\u00a0<\/strong><\/em><\/p>\n","protected":false},"excerpt":{"rendered":"<div class=\"flex justify-between items-center\"><span class=\"title\">\u00dcr\u00fcn A\u00e7\u0131klamas\u0131<\/span><\/div>\n<div class=\"tab-content\">\n<div><b>Paket i\u00e7eri\u011findeki adetler a\u015fa\u011f\u0131daki gibi olacakt\u0131r<\/b>.<\/div>\n<div><\/div>\n<ul>\n<li>Aluminyum Profil Se\u00e7ti\u011finiz Uzunluk ve Adette g\u00f6nderilir.<\/li>\n<li>Dif\u00fcz\u00f6r (I\u015f\u0131k kapa\u011f\u0131) Se\u00e7ti\u011finiz uzunluk ve adette g\u00f6nderilir.<\/li>\n<li>2x Gri Yan kapak (Se\u00e7ti\u011finiz adet\/Boy adedi x 2) (Delikli ve Deliksiz kapak olarak g\u00f6nderilecektir) * \u00d6rne\u011fin 3 metre 10 lu paket sat\u0131n ald\u0131\u011f\u0131n\u0131z da 30 adet delikli ve 30 adet deliksiz toplam 60 paket kapak g\u00f6nderilir.<\/li>\n<\/ul>\n<p>17 mm Derin S\u0131vaalt\u0131 Led Profili \u2013 ASP-0972, i\u00e7 mekan ayd\u0131nlatma projeleriniz i\u00e7in m\u00fckemmel bir se\u00e7imdir. Y\u00fcksek kaliteli al\u00fcminyum malzemeden \u00fcretilmi\u015f olan bu profil, uzun \u00f6m\u00fcrl\u00fc ve dayan\u0131kl\u0131d\u0131r. S\u0131va alt\u0131 montaj\u0131 sayesinde estetik bir g\u00f6r\u00fcn\u00fcm sunar ve mekanlar\u0131n\u0131za modern bir dokunu\u015f katar.<\/p>\n<p><b>Avantajlar\u0131<\/b><\/p>\n<p><b>Estetik Tasar\u0131m:<\/b>\u00a0S\u0131va alt\u0131 montaj\u0131 sayesinde y\u00fczeyde minimal bir g\u00f6r\u00fcn\u00fcm sa\u011flar.<\/p>\n<p><b>Dayan\u0131kl\u0131l\u0131k:\u00a0<\/b>Y\u00fcksek kaliteli al\u00fcminyum malzemesi ile uzun \u00f6m\u00fcrl\u00fc kullan\u0131m sunar.<\/p>\n<p><b>Homojen I\u015f\u0131k Da\u011f\u0131l\u0131m\u0131:<\/b>\u00a0Opak dif\u00fcz\u00f6r, LED \u0131\u015f\u0131klar\u0131n\u0131n homojen bir \u015fekilde da\u011f\u0131lmas\u0131n\u0131 sa\u011flar.<\/p>\n<p><em><strong>\u00dcE\u00dcN \u0130ADES\u0130 MEVCUT DE\u011e\u0130LD\u0130R.\u00a0<\/strong><\/em><\/p>\n<\/div>\n","protected":false},"featured_media":5204,"template":"","meta":[],"product_brand":[],"product_cat":[63],"product_tag":[],"class_list":{"0":"post-5199","1":"product","2":"type-product","3":"status-publish","4":"has-post-thumbnail","6":"product_cat-led-profiller","8":"first","9":"instock","10":"purchasable","11":"product-type-variable"},"_links":{"self":[{"href":"https:\/\/asproms.com\/en\/wp-json\/wp\/v2\/product\/5199","targetHints":{"allow":["GET"]}}],"collection":[{"href":"https:\/\/asproms.com\/en\/wp-json\/wp\/v2\/product"}],"about":[{"href":"https:\/\/asproms.com\/en\/wp-json\/wp\/v2\/types\/product"}],"wp:featuredmedia":[{"embeddable":true,"href":"https:\/\/asproms.com\/en\/wp-json\/wp\/v2\/media\/5204"}],"wp:attachment":[{"href":"https:\/\/asproms.com\/en\/wp-json\/wp\/v2\/media?parent=5199"}],"wp:term":[{"taxonomy":"product_brand","embeddable":true,"href":"https:\/\/asproms.com\/en\/wp-json\/wp\/v2\/product_brand?post=5199"},{"taxonomy":"product_cat","embeddable":true,"href":"https:\/\/asproms.com\/en\/wp-json\/wp\/v2\/product_cat?post=5199"},{"taxonomy":"product_tag","embeddable":true,"href":"https:\/\/asproms.com\/en\/wp-json\/wp\/v2\/product_tag?post=5199"}],"curies":[{"name":"wp","href":"https:\/\/api.w.org\/{rel}","templated":true}]}}