{"id":5192,"date":"2023-04-27T09:31:46","date_gmt":"2023-04-27T06:31:46","guid":{"rendered":"https:\/\/asproms.medya.agency\/?post_type=product&#038;p=5192"},"modified":"2026-03-25T16:51:26","modified_gmt":"2026-03-25T13:51:26","slug":"971-asl-lineer-led-bar-profili","status":"publish","type":"product","link":"https:\/\/asproms.com\/en\/product\/971-asl-lineer-led-bar-profili\/","title":{"rendered":"ASPL-0971-ELOKSALLI (17 MM. LED PROF\u0130L)"},"content":{"rendered":"<p><b>\u00d6zellikler:<\/b><\/p>\n<p>Malzeme: Aluminyum 6063-T5 \u2013 Dayan\u0131kl\u0131l\u0131\u011f\u0131 ve hafifli\u011fi ile bilinen bu malzeme, uzun \u00f6m\u00fcrl\u00fc kullan\u0131m sa\u011flar.<\/p>\n<p>Y\u00fczey: Mat Beyaz Eloksal \u2013 \u015e\u0131k ve sofistike bir g\u00f6r\u00fcn\u00fcm sunar. Ayn\u0131 zamanda korozyona kar\u015f\u0131 y\u00fcksek diren\u00e7 sa\u011flar.<\/p>\n<p>Y\u00fckseklik: 15 mm (Dif\u00fcz\u00f6r ile) \u2013 \u0130nce ve zarif tasar\u0131m\u0131 ile mek\u00e2nlar\u0131n\u0131za kusursuz bir uyum sa\u011flar.<\/p>\n<p>Geni\u015flik: 17 mm \u2013 Kompakt yap\u0131s\u0131 ile her t\u00fcrl\u00fc y\u00fczeye kolayca monte edilebilir<\/p>\n","protected":false},"excerpt":{"rendered":"<div class=\"flex justify-between items-center\"><span class=\"title\">\u00dcr\u00fcn A\u00e7\u0131klamas\u0131<\/span><\/div>\n<div class=\"tab-content\">\n<div><b>Paket i\u00e7eri\u011findeki adetler a\u015fa\u011f\u0131daki gibi olacakt\u0131r.<\/b><\/div>\n<ul>\n<li>Aluminyum Profil Se\u00e7ti\u011finiz Uzunluk ve Adette g\u00f6nderilir.<\/li>\n<li>Dif\u00fcz\u00f6r (I\u015f\u0131k kapa\u011f\u0131) Se\u00e7ti\u011finiz uzunluk ve adette g\u00f6nderilir.<\/li>\n<li>2x Gri Yan kapak (Se\u00e7ti\u011finiz adet\/Boy adedi x 2) (Delikli ve Deliksiz kapak olarak g\u00f6nderilecektir) * \u00d6rne\u011fin 3 metre 10 lu paket sat\u0131n ald\u0131\u011f\u0131n\u0131z da 30 adet delikli ve 30 adet deliksiz toplam 60 paket kapak g\u00f6nderilir.<\/li>\n<li>2x Klips (Se\u00e7ti\u011finiz adet\/Boy adedi x 2 )<\/li>\n<\/ul>\n<p>17 mm Y\u00fcksek LED Profil 971ASL, ayd\u0131nlatma projelerinizde hem estetik hem de fonksiyonel \u00e7\u00f6z\u00fcmler sunar. Y\u00fcksek kaliteli malzemeler ve dikkat \u00e7ekici tasar\u0131m\u0131 ile mek\u00e2nlar\u0131n\u0131za modern bir dokunu\u015f kat\u0131n.<\/p>\n<p>\u00dcR\u00dcN \u0130ADES\u0130 MEVCUT DE\u011e\u0130LD\u0130R.<\/p>\n<\/div>\n","protected":false},"featured_media":5193,"template":"","meta":[],"product_brand":[],"product_cat":[63],"product_tag":[],"class_list":{"0":"post-5192","1":"product","2":"type-product","3":"status-publish","4":"has-post-thumbnail","6":"product_cat-led-profiller","8":"first","9":"instock","10":"purchasable","11":"product-type-variable"},"_links":{"self":[{"href":"https:\/\/asproms.com\/en\/wp-json\/wp\/v2\/product\/5192","targetHints":{"allow":["GET"]}}],"collection":[{"href":"https:\/\/asproms.com\/en\/wp-json\/wp\/v2\/product"}],"about":[{"href":"https:\/\/asproms.com\/en\/wp-json\/wp\/v2\/types\/product"}],"wp:featuredmedia":[{"embeddable":true,"href":"https:\/\/asproms.com\/en\/wp-json\/wp\/v2\/media\/5193"}],"wp:attachment":[{"href":"https:\/\/asproms.com\/en\/wp-json\/wp\/v2\/media?parent=5192"}],"wp:term":[{"taxonomy":"product_brand","embeddable":true,"href":"https:\/\/asproms.com\/en\/wp-json\/wp\/v2\/product_brand?post=5192"},{"taxonomy":"product_cat","embeddable":true,"href":"https:\/\/asproms.com\/en\/wp-json\/wp\/v2\/product_cat?post=5192"},{"taxonomy":"product_tag","embeddable":true,"href":"https:\/\/asproms.com\/en\/wp-json\/wp\/v2\/product_tag?post=5192"}],"curies":[{"name":"wp","href":"https:\/\/api.w.org\/{rel}","templated":true}]}}