{"id":5187,"date":"2023-04-27T09:30:22","date_gmt":"2023-04-27T06:30:22","guid":{"rendered":"https:\/\/asproms.medya.agency\/?post_type=product&#038;p=5187"},"modified":"2026-03-28T23:07:16","modified_gmt":"2026-03-28T20:07:16","slug":"650-asl-trimless-sivaalti-gizli-isik-profili","status":"publish","type":"product","link":"https:\/\/asproms.com\/en\/product\/650-asl-trimless-sivaalti-gizli-isik-profili\/","title":{"rendered":"ASPT-0650 (12 MM. SIVA ALTI KOR\u0130DOR G\u0130ZL\u0130 AYDINLATMA TRIMLESS)"},"content":{"rendered":"<p><strong>Teknik \u00d6zellikler:<\/strong><\/p>\n<ul>\n<li><strong>Boy Uzunlu\u011fu:<\/strong>\u00a0 300 cm olarak sipari\u015f verilebilir<\/li>\n<li><strong>Y\u00fckseklik:<\/strong>\u00a018,5 mm<\/li>\n<li><strong>Geni\u015flik:<\/strong>\u00a0119 mm<\/li>\n<li><strong>Materyal:<\/strong>\u00a0Y\u00fcksek \u0131s\u0131 iletkenli\u011fi olan aluminyum<\/li>\n<\/ul>\n<p><strong>\u00dcR\u00dcN \u0130ADES\u0130 MEVCUT DE\u011e\u0130LD\u0130R.\u00a0<\/strong><\/p>\n","protected":false},"excerpt":{"rendered":"<p><strong>ASPT-0650<\/strong>\u00a0Trimless S\u0131va Alt\u0131 Gizli I\u015f\u0131k Profili, modern ve zarif ayd\u0131nlatma \u00e7\u00f6z\u00fcmleri sunar. Yap\u0131s\u0131 itibar\u0131yla duvar ve tavan i\u00e7i uygulamalarda tercih edilen bu profil, s\u0131va alt\u0131na g\u00f6m\u00fclerek montajlan\u0131r ve g\u00f6r\u00fcnmez bir ayd\u0131nlatma sa\u011flar. B\u00f6ylece, i\u00e7 mek\u00e2n tasar\u0131mlar\u0131nda kesintisiz bir \u0131\u015f\u0131k kayna\u011f\u0131 sunarak \u015f\u0131kl\u0131\u011f\u0131 ve i\u015flevselli\u011fi bir arada sunar. Mimari projelerde kullan\u0131lan bu profil, duvar ve tavan birle\u015fim noktalar\u0131na yerle\u015ftirilebilir.<\/p>\n<p><strong>Paket \u0130\u00e7eri\u011fi:<\/strong><\/p>\n<ul>\n<li>Aluminyum Profil (Se\u00e7ti\u011finiz uzunluk ve adet)<\/li>\n<li>Dif\u00fcz\u00f6r (I\u015f\u0131k kapa\u011f\u0131) (Se\u00e7ti\u011finiz uzunluk ve adet)<\/li>\n<\/ul>\n<p><strong>Kullan\u0131m Alanlar\u0131:<\/strong><\/p>\n<ul>\n<li>\u0130\u00e7 mek\u00e2n gizli ayd\u0131nlatma uygulamalar\u0131<\/li>\n<li>Tavan ve duvar birle\u015fim noktalar\u0131nda \u015f\u0131k ve estetik ayd\u0131nlatma projeleri<\/li>\n<li>Koridorlar, oteller, restoranlar ve modern ofislerde kesintisiz \u0131\u015f\u0131k tasar\u0131m\u0131<\/li>\n<\/ul>\n<p><strong>\u00d6ne \u00c7\u0131kan \u00d6zellikler:<\/strong><\/p>\n<ul>\n<li>Mat beyaz eloksal kaplama ile uzun \u00f6m\u00fcrl\u00fc dayan\u0131kl\u0131l\u0131k<\/li>\n<li>Kolay montaj i\u00e7in delikli kenar tasar\u0131m\u0131<\/li>\n<li>I\u015f\u0131k da\u011f\u0131l\u0131m\u0131n\u0131 optimize eden dif\u00fcz\u00f6r kapak ile homojen \u0131\u015f\u0131k yay\u0131l\u0131m\u0131 sa\u011flar<\/li>\n<li>Trimless tasar\u0131m\u0131 sayesinde s\u0131va alt\u0131nda tamamen gizli kal\u0131r.<\/li>\n<\/ul>\n<p>Bu \u00fcr\u00fcn, sade ve \u015f\u0131k bir g\u00f6r\u00fcn\u00fcm arayanlar i\u00e7in m\u00fckemmel bir tercih olup, i\u00e7 mek\u00e2nlara zarif bir dokunu\u015f katmak isteyen projelerde tercih edilmektedir.<\/p>\n<p><strong>\u00dcR\u00dcN \u0130ADES\u0130 MEVCUT DE\u011e\u0130LD\u0130R.\u00a0<\/strong><\/p>\n","protected":false},"featured_media":5188,"template":"","meta":[],"product_brand":[],"product_cat":[139],"product_tag":[],"class_list":{"0":"post-5187","1":"product","2":"type-product","3":"status-publish","4":"has-post-thumbnail","6":"product_cat-alcipan-trimless-profiller","8":"first","9":"instock","10":"purchasable","11":"product-type-variable"},"_links":{"self":[{"href":"https:\/\/asproms.com\/en\/wp-json\/wp\/v2\/product\/5187","targetHints":{"allow":["GET"]}}],"collection":[{"href":"https:\/\/asproms.com\/en\/wp-json\/wp\/v2\/product"}],"about":[{"href":"https:\/\/asproms.com\/en\/wp-json\/wp\/v2\/types\/product"}],"wp:featuredmedia":[{"embeddable":true,"href":"https:\/\/asproms.com\/en\/wp-json\/wp\/v2\/media\/5188"}],"wp:attachment":[{"href":"https:\/\/asproms.com\/en\/wp-json\/wp\/v2\/media?parent=5187"}],"wp:term":[{"taxonomy":"product_brand","embeddable":true,"href":"https:\/\/asproms.com\/en\/wp-json\/wp\/v2\/product_brand?post=5187"},{"taxonomy":"product_cat","embeddable":true,"href":"https:\/\/asproms.com\/en\/wp-json\/wp\/v2\/product_cat?post=5187"},{"taxonomy":"product_tag","embeddable":true,"href":"https:\/\/asproms.com\/en\/wp-json\/wp\/v2\/product_tag?post=5187"}],"curies":[{"name":"wp","href":"https:\/\/api.w.org\/{rel}","templated":true}]}}