{"id":5183,"date":"2023-04-27T09:26:20","date_gmt":"2023-04-27T06:26:20","guid":{"rendered":"https:\/\/asproms.medya.agency\/?post_type=product&#038;p=5183"},"modified":"2026-03-28T23:05:47","modified_gmt":"2026-03-28T20:05:47","slug":"620-asl-trimless-siva-alti-profili","status":"publish","type":"product","link":"https:\/\/asproms.com\/en\/product\/620-asl-trimless-siva-alti-profili\/","title":{"rendered":"ASPT-0620 (20 MM. SIVA ALTI AL\u00c7IPAN TRIMLESS PROF\u0130L)"},"content":{"rendered":"<p>Bu \u00fcr\u00fcn S\u0131va alt\u0131 al\u00e7\u0131pan uygulamalar\u0131nda led ayd\u0131nlatma kanal\u0131 olarak kullan\u0131lmaktad\u0131r. \u00dcr\u00fcn fiyatlar\u0131nda \u00fcr\u00fcn kasas\u0131 ve dif\u00fcz\u00f6r\u00fc dahildir.<\/p>\n<p><strong>Y\u00fczey :<\/strong>\u00a0Mat Beyaz Eloksal<br \/>\n<strong>Boy Uzunlu\u011fu :<\/strong>\u00a03050 mm<br \/>\n<strong>Y\u00fckseklik :<\/strong>\u00a018,50 mm<br \/>\n<strong>Geni\u015flik :<\/strong>\u00a072,1 mm<\/p>\n<p><strong>\u00dcR\u00dcN \u0130ADES\u0130 MEVCUT DE\u011e\u0130LD\u0130R.\u00a0<\/strong><\/p>\n","protected":false},"excerpt":{"rendered":"<p>Bu \u00fcr\u00fcn S\u0131va alt\u0131 al\u00e7\u0131pan uygulamalar\u0131nda led ayd\u0131nlatma kanal\u0131 olarak kullan\u0131lmaktad\u0131r. \u00dcr\u00fcn fiyatlar\u0131nda \u00fcr\u00fcn kasas\u0131 ve dif\u00fcz\u00f6r\u00fc dahildir.<\/p>\n<p><strong>Y\u00fczey :<\/strong>\u00a0Mat Beyaz Eloksal<br \/>\n<strong>Boy Uzunlu\u011fu :<\/strong>\u00a03050 mm<br \/>\n<strong>Y\u00fckseklik :<\/strong>\u00a018,50 mm<br \/>\n<strong>Geni\u015flik :<\/strong>\u00a072,1 mm<\/p>\n<p><strong>\u00dcR\u00dcN \u0130ADES\u0130 MEVCUT DE\u011e\u0130LD\u0130R.\u00a0<\/strong><\/p>\n","protected":false},"featured_media":5185,"template":"","meta":[],"product_brand":[],"product_cat":[139],"product_tag":[],"class_list":{"0":"post-5183","1":"product","2":"type-product","3":"status-publish","4":"has-post-thumbnail","6":"product_cat-alcipan-trimless-profiller","8":"first","9":"instock","10":"purchasable","11":"product-type-variable"},"_links":{"self":[{"href":"https:\/\/asproms.com\/en\/wp-json\/wp\/v2\/product\/5183","targetHints":{"allow":["GET"]}}],"collection":[{"href":"https:\/\/asproms.com\/en\/wp-json\/wp\/v2\/product"}],"about":[{"href":"https:\/\/asproms.com\/en\/wp-json\/wp\/v2\/types\/product"}],"wp:featuredmedia":[{"embeddable":true,"href":"https:\/\/asproms.com\/en\/wp-json\/wp\/v2\/media\/5185"}],"wp:attachment":[{"href":"https:\/\/asproms.com\/en\/wp-json\/wp\/v2\/media?parent=5183"}],"wp:term":[{"taxonomy":"product_brand","embeddable":true,"href":"https:\/\/asproms.com\/en\/wp-json\/wp\/v2\/product_brand?post=5183"},{"taxonomy":"product_cat","embeddable":true,"href":"https:\/\/asproms.com\/en\/wp-json\/wp\/v2\/product_cat?post=5183"},{"taxonomy":"product_tag","embeddable":true,"href":"https:\/\/asproms.com\/en\/wp-json\/wp\/v2\/product_tag?post=5183"}],"curies":[{"name":"wp","href":"https:\/\/api.w.org\/{rel}","templated":true}]}}