{"id":5174,"date":"2023-04-27T09:24:09","date_gmt":"2023-04-27T06:24:09","guid":{"rendered":"https:\/\/asproms.medya.agency\/?post_type=product&#038;p=5174"},"modified":"2026-03-25T16:26:45","modified_gmt":"2026-03-25T13:26:45","slug":"540-asl-aluminyum-etanj-armatur","status":"publish","type":"product","link":"https:\/\/asproms.com\/en\/product\/540-asl-aluminyum-etanj-armatur\/","title":{"rendered":"ASPL-0540-ELOKSALLI (50 MM. AL\u00dcM\u0130NYUM ETANJ LED PROF\u0130L)"},"content":{"rendered":"<p>540 ASL LED Aluminyum Etanj Armat\u00fcr Kasas\u0131<\/p>\n<p><strong>PCB Geni\u015flik :\u00a0<\/strong>Max 42,6 mm<\/p>\n<p><strong>Materyal :<\/strong>\u00a0Aluminyum + PC<\/p>\n<p><strong>Boy Uzunlu\u011fu :<\/strong>\u00a06100 mm<\/p>\n<p><strong>Y\u00fckseklik :<\/strong>\u00a066 mm (Dif\u00fcz\u00f6r ile)<\/p>\n<p><strong>Geni\u015flik\u00a0 \u00a0:<\/strong>\u00a056 mm<\/p>\n","protected":false},"excerpt":{"rendered":"<p><em><strong>540 ASL<\/strong><\/em> LED Aluminyum Etanj Armat\u00fcr Kasas\u0131<\/p>\n<p><strong>PCB Geni\u015flik :\u00a0<\/strong>Max 42,6 mm<\/p>\n<p><strong>Materyal :<\/strong>\u00a0Aluminyum + PC<\/p>\n<p><strong>Boy Uzunlu\u011fu :<\/strong>\u00a06100 mm<\/p>\n<p><strong>Y\u00fckseklik :<\/strong>\u00a066 mm (Dif\u00fcz\u00f6r ile)<\/p>\n<p><strong>Geni\u015flik\u00a0 \u00a0:<\/strong>\u00a056 mm<\/p>\n","protected":false},"featured_media":5180,"template":"","meta":[],"product_brand":[],"product_cat":[63],"product_tag":[],"class_list":{"0":"post-5174","1":"product","2":"type-product","3":"status-publish","4":"has-post-thumbnail","6":"product_cat-led-profiller","8":"first","9":"instock","10":"purchasable","11":"product-type-variable"},"_links":{"self":[{"href":"https:\/\/asproms.com\/en\/wp-json\/wp\/v2\/product\/5174","targetHints":{"allow":["GET"]}}],"collection":[{"href":"https:\/\/asproms.com\/en\/wp-json\/wp\/v2\/product"}],"about":[{"href":"https:\/\/asproms.com\/en\/wp-json\/wp\/v2\/types\/product"}],"wp:featuredmedia":[{"embeddable":true,"href":"https:\/\/asproms.com\/en\/wp-json\/wp\/v2\/media\/5180"}],"wp:attachment":[{"href":"https:\/\/asproms.com\/en\/wp-json\/wp\/v2\/media?parent=5174"}],"wp:term":[{"taxonomy":"product_brand","embeddable":true,"href":"https:\/\/asproms.com\/en\/wp-json\/wp\/v2\/product_brand?post=5174"},{"taxonomy":"product_cat","embeddable":true,"href":"https:\/\/asproms.com\/en\/wp-json\/wp\/v2\/product_cat?post=5174"},{"taxonomy":"product_tag","embeddable":true,"href":"https:\/\/asproms.com\/en\/wp-json\/wp\/v2\/product_tag?post=5174"}],"curies":[{"name":"wp","href":"https:\/\/api.w.org\/{rel}","templated":true}]}}