{"id":5151,"date":"2023-04-27T09:13:41","date_gmt":"2023-04-27T06:13:41","guid":{"rendered":"https:\/\/asproms.medya.agency\/?post_type=product&#038;p=5151"},"modified":"2026-03-25T23:15:16","modified_gmt":"2026-03-25T20:15:16","slug":"435-asl-lineer-armatur","status":"publish","type":"product","link":"https:\/\/asproms.com\/en\/product\/435-asl-lineer-armatur\/","title":{"rendered":"ASPL-0435-ELOKSALLI (37 MM. L\u0130NEER LED PROF\u0130L)"},"content":{"rendered":"<p><strong>Materyal :<\/strong>\u00a0Aluminyum + PC<\/p>\n<p><strong>Boy Uzunlu\u011fu :<\/strong>\u00a06100 mm<\/p>\n<p><strong>Y\u00fckseklik :<\/strong>\u00a036,7 mm (Dif\u00fcz\u00f6r ile)<\/p>\n<p><strong>Geni\u015flik\u00a0 \u00a0:<\/strong>\u00a036,7 mm<\/p>\n","protected":false},"excerpt":{"rendered":"<p><strong>ASP-0435Lineer Armat\u00fcr<\/strong>,\u00a0<strong>y\u00fczeye montaj veya sark\u0131t uygulamalar<\/strong>\u00a0i\u00e7in tasarlanm\u0131\u015f,\u00a0<strong>kare formda<\/strong>\u00a037mm s\u0131n\u0131f\u0131 bir LED profil \u00e7\u00f6z\u00fcm\u00fcd\u00fcr. 2<strong>7mm\u2019ye kadar LED \u015feritlerle uyumludur<\/strong>; opal dif\u00fcz\u00f6r ile daha yumu\u015fak ve homojen bir \u0131\u015f\u0131k \u00e7izgisi elde etmeye yard\u0131mc\u0131 olu<\/p>\n<p><strong>Materyal :<\/strong>\u00a0Aluminyum + PC<\/p>\n<p><strong>Boy Uzunlu\u011fu :<\/strong>\u00a06100 mm<\/p>\n<p><strong>Y\u00fckseklik :<\/strong>\u00a036,7 mm (Dif\u00fcz\u00f6r ile)<\/p>\n<p><strong>Geni\u015flik\u00a0 \u00a0:<\/strong>\u00a036,7 mm<\/p>\n","protected":false},"featured_media":5155,"template":"","meta":[],"product_brand":[],"product_cat":[63],"product_tag":[],"class_list":{"0":"post-5151","1":"product","2":"type-product","3":"status-publish","4":"has-post-thumbnail","6":"product_cat-led-profiller","8":"first","9":"instock","10":"purchasable","11":"product-type-variable"},"_links":{"self":[{"href":"https:\/\/asproms.com\/en\/wp-json\/wp\/v2\/product\/5151","targetHints":{"allow":["GET"]}}],"collection":[{"href":"https:\/\/asproms.com\/en\/wp-json\/wp\/v2\/product"}],"about":[{"href":"https:\/\/asproms.com\/en\/wp-json\/wp\/v2\/types\/product"}],"wp:featuredmedia":[{"embeddable":true,"href":"https:\/\/asproms.com\/en\/wp-json\/wp\/v2\/media\/5155"}],"wp:attachment":[{"href":"https:\/\/asproms.com\/en\/wp-json\/wp\/v2\/media?parent=5151"}],"wp:term":[{"taxonomy":"product_brand","embeddable":true,"href":"https:\/\/asproms.com\/en\/wp-json\/wp\/v2\/product_brand?post=5151"},{"taxonomy":"product_cat","embeddable":true,"href":"https:\/\/asproms.com\/en\/wp-json\/wp\/v2\/product_cat?post=5151"},{"taxonomy":"product_tag","embeddable":true,"href":"https:\/\/asproms.com\/en\/wp-json\/wp\/v2\/product_tag?post=5151"}],"curies":[{"name":"wp","href":"https:\/\/api.w.org\/{rel}","templated":true}]}}