{"id":5119,"date":"2023-04-27T08:52:32","date_gmt":"2023-04-27T05:52:32","guid":{"rendered":"https:\/\/asproms.medya.agency\/?post_type=product&#038;p=5119"},"modified":"2023-04-27T08:55:09","modified_gmt":"2023-04-27T05:55:09","slug":"ar-250-bitki-aydinlatma-kasasi","status":"publish","type":"product","link":"https:\/\/asproms.com\/en\/product\/ar-250-bitki-aydinlatma-kasasi\/","title":{"rendered":"AR-250 Bitki Ayd\u0131nlatma Kasas\u0131"},"content":{"rendered":"<table width=\"367\">\n<tbody>\n<tr>\n<td>So\u011futucu Kasa<\/td>\n<td>Toz Boyal\u0131 Al\u00fcminyum Enjeksiyon<\/td>\n<\/tr>\n<tr>\n<td>\u00dcst Kapak<\/td>\n<td>Cam<\/td>\n<\/tr>\n<tr>\n<td>\u00c7er\u00e7eve<\/td>\n<td>Toz Boyal\u0131 Metal<\/td>\n<\/tr>\n<tr>\n<td>\u00dcr\u00fcn A\u011f\u0131rl\u0131\u011f\u0131<\/td>\n<td>2800 gr<\/td>\n<\/tr>\n<tr>\n<td>Y\u00fczey Alan\u0131<\/td>\n<td>379405 mm<sup>2<\/sup><\/td>\n<\/tr>\n<tr>\n<td>Termal Diren\u00e7<\/td>\n<td>0.207 \u00b0C\/W<\/td>\n<\/tr>\n<\/tbody>\n<\/table>\n<p>Bitki Ayd\u0131nlatma projeleri i\u00e7in \u00f6zel tasarlanan bu kasa ile y\u00fcksek ayd\u0131nlatma ve verimli so\u011futma sa\u011flanmaktad\u0131r. Bu kasa ayn\u0131 zamanda y\u00fcksek tavan uygulamalar\u0131nda da kullan\u0131labilmektedir.<\/p>\n<table>\n<tbody>\n<tr>\n<td><strong>Nr.<\/strong><\/td>\n<td><strong>\u00dcR\u00dcN<\/strong><\/td>\n<td><strong>ADET\/<\/strong><\/td>\n<\/tr>\n<tr>\n<td>1<\/td>\n<td>LUNA\u00a0So\u011futucu Kasa<\/td>\n<td>1<\/td>\n<\/tr>\n<tr>\n<td>2<\/td>\n<td>Cam Fitili<\/td>\n<td>1<\/td>\n<\/tr>\n<tr>\n<td>3<\/td>\n<td>Cam<\/td>\n<td>1<\/td>\n<\/tr>\n<tr>\n<td>4<\/td>\n<td>Toz Boyal\u0131 Metal \u00c7er\u00e7eve<\/td>\n<td>1<\/td>\n<\/tr>\n<tr>\n<td>5<\/td>\n<td>M4x10 Hav\u015fa Ba\u015fl\u0131 Y\u0131ld\u0131z Civata ( Siyah )<\/td>\n<td>6<\/td>\n<\/tr>\n<tr>\n<td>6<\/td>\n<td>M12 Plastik Havaland\u0131rma Tapas\u0131<\/td>\n<td>1<\/td>\n<\/tr>\n<\/tbody>\n<\/table>\n","protected":false},"excerpt":{"rendered":"<p>Bitki Ayd\u0131nlatma projeleri i\u00e7in \u00f6zel tasarlanan bu kasa ile y\u00fcksek ayd\u0131nlatma ve verimli so\u011futma sa\u011flanmaktad\u0131r. Bu kasa ayn\u0131 zamanda y\u00fcksek tavan uygulamalar\u0131nda da kullan\u0131labilmektedir.<\/p>\n","protected":false},"featured_media":5120,"template":"","meta":[],"product_brand":[],"product_cat":[64],"product_tag":[],"class_list":{"0":"post-5119","1":"product","2":"type-product","3":"status-publish","4":"has-post-thumbnail","6":"product_cat-projektor-ve-tunel-kasalari","8":"first","9":"instock","10":"taxable","11":"shipping-taxable","12":"product-type-simple"},"_links":{"self":[{"href":"https:\/\/asproms.com\/en\/wp-json\/wp\/v2\/product\/5119","targetHints":{"allow":["GET"]}}],"collection":[{"href":"https:\/\/asproms.com\/en\/wp-json\/wp\/v2\/product"}],"about":[{"href":"https:\/\/asproms.com\/en\/wp-json\/wp\/v2\/types\/product"}],"wp:featuredmedia":[{"embeddable":true,"href":"https:\/\/asproms.com\/en\/wp-json\/wp\/v2\/media\/5120"}],"wp:attachment":[{"href":"https:\/\/asproms.com\/en\/wp-json\/wp\/v2\/media?parent=5119"}],"wp:term":[{"taxonomy":"product_brand","embeddable":true,"href":"https:\/\/asproms.com\/en\/wp-json\/wp\/v2\/product_brand?post=5119"},{"taxonomy":"product_cat","embeddable":true,"href":"https:\/\/asproms.com\/en\/wp-json\/wp\/v2\/product_cat?post=5119"},{"taxonomy":"product_tag","embeddable":true,"href":"https:\/\/asproms.com\/en\/wp-json\/wp\/v2\/product_tag?post=5119"}],"curies":[{"name":"wp","href":"https:\/\/api.w.org\/{rel}","templated":true}]}}