{"id":4779,"date":"2018-06-27T20:29:00","date_gmt":"2018-06-27T17:29:00","guid":{"rendered":"http:\/\/localhost\/lydia\/product\/440asl\/"},"modified":"2026-03-25T23:17:17","modified_gmt":"2026-03-25T20:17:17","slug":"440-asl-lineer-sivaalti-led-profil","status":"publish","type":"product","link":"https:\/\/asproms.com\/en\/product\/440-asl-lineer-sivaalti-led-profil\/","title":{"rendered":"ASPL-0440-ELOKSALLI (37 MM. SIVA ALTI L\u0130NEER LED PROF\u0130L)"},"content":{"rendered":"<p>The <strong><em>440 ASL<\/em>\u00a0<\/strong> is a <strong>recessed <\/strong> LED Channel Luminaire with <strong>a modern look<\/strong> and <strong> a large internal housing space for LED Drivers.<\/strong><\/p>\n<p>Type: \u00a0\u00a0\u00a0\u00a0\u00a0\u00a0\u00a0\u00a0\u00a0<strong> LED Channel<\/strong><br \/>\nMaterial: \u00a0\u00a0<strong>Aluminum 6063-T5<\/strong><br \/>\nSurface: \u00a0\u00a0\u00a0\u00a0<strong>Natural Anodised <\/strong><br \/>\nHeight: \u00a0 \u00a0 \u00a0 <strong>35.00mm \/ 1.38&#8243;<\/strong><br \/>\nWidth: \u00a0 \u00a0 \u00a0 \u00a0<strong>36.30mm \/ 1.43&#8243;<\/strong><\/p>\n<p><strong>Length Availability\u00a0<\/strong><br \/>\n1m \/ 3.28ft<br \/>\n2m \/ 6.56ft<br \/>\n3m \/ 9.84ft<br \/>\nCustom Lengths\u00a0<strong>up to 3.05m \/ 10ft<\/strong><\/p>\n<p>*Diffusers, End Caps and Mounting Accessories must be ordered separately.<\/p>\n","protected":false},"excerpt":{"rendered":"<p><strong><em>ASP-0440-ELOKSALLI<\/em>\u00a0,\u00a0<\/strong>modern bir g\u00f6r\u00fcn\u00fcme ve LED S\u00fcr\u00fcc\u00fcler i\u00e7in geni\u015f bir dahili muhafaza alan\u0131na sahip g\u00f6mme bir LED Kanal Armat\u00fcr\u00fcd\u00fcr<strong>.<\/strong><\/p>\n<p><strong>T\u00fcr:\u00a0 \u00a0 \u00a0 \u00a0Al\u00fcminyum s\u0131va alt\u0131 LED Kanal<\/strong><\/p>\n<p><strong>Malzeme: \u00a0\u00a0Al\u00fcminyum 6063-T5<\/strong><\/p>\n<p><strong>Y\u00fczey: \u00a0\u00a0\u00a0\u00a0Mat Beyaz Eloksall\u0131<\/strong><\/p>\n<p><strong>Y\u00fckseklik: 35,00 mm<\/strong><\/p>\n<p><strong>Geni\u015flik: \u00a036,30 mm<\/strong><\/p>\n<p><strong>\u00dcr\u00fcn boy uzunlu\u011fu : 6100 mm<\/strong><\/p>\n","protected":false},"featured_media":4778,"template":"","meta":[],"product_brand":[],"product_cat":[63],"product_tag":[],"class_list":{"0":"post-4779","1":"product","2":"type-product","3":"status-publish","4":"has-post-thumbnail","6":"product_cat-led-profiller","8":"first","9":"instock","10":"purchasable","11":"product-type-variable"},"_links":{"self":[{"href":"https:\/\/asproms.com\/en\/wp-json\/wp\/v2\/product\/4779","targetHints":{"allow":["GET"]}}],"collection":[{"href":"https:\/\/asproms.com\/en\/wp-json\/wp\/v2\/product"}],"about":[{"href":"https:\/\/asproms.com\/en\/wp-json\/wp\/v2\/types\/product"}],"wp:featuredmedia":[{"embeddable":true,"href":"https:\/\/asproms.com\/en\/wp-json\/wp\/v2\/media\/4778"}],"wp:attachment":[{"href":"https:\/\/asproms.com\/en\/wp-json\/wp\/v2\/media?parent=4779"}],"wp:term":[{"taxonomy":"product_brand","embeddable":true,"href":"https:\/\/asproms.com\/en\/wp-json\/wp\/v2\/product_brand?post=4779"},{"taxonomy":"product_cat","embeddable":true,"href":"https:\/\/asproms.com\/en\/wp-json\/wp\/v2\/product_cat?post=4779"},{"taxonomy":"product_tag","embeddable":true,"href":"https:\/\/asproms.com\/en\/wp-json\/wp\/v2\/product_tag?post=4779"}],"curies":[{"name":"wp","href":"https:\/\/api.w.org\/{rel}","templated":true}]}}