{"id":4769,"date":"2018-06-14T19:15:00","date_gmt":"2018-06-14T16:15:00","guid":{"rendered":"http:\/\/localhost\/lydia\/product\/964asl\/"},"modified":"2026-03-25T16:43:19","modified_gmt":"2026-03-25T13:43:19","slug":"964-asl-raf-alti-led-profil","status":"publish","type":"product","link":"https:\/\/asproms.com\/en\/product\/964-asl-raf-alti-led-profil\/","title":{"rendered":"ASPL-0964-ELOKSALLI (11 MM. RAF ALTI K\u00d6\u015eE PROF\u0130L)"},"content":{"rendered":"<p><strong>Materyal:<\/strong>\u00a0Y\u00fcksek \u0131s\u0131 iletkenli\u011fine sahip al\u00fcminyum<\/p>\n<p><strong>Y\u00fczey:<\/strong>\u00a0Mat Beyaz Eloksal kaplamal\u0131 y\u00fczey<\/p>\n<p><strong>Boy Uzunlu\u011fu:<\/strong>\u00a0100 cm, 200 cm ve 300 cm olarak sipari\u015f verilebilir.<\/p>\n<p><strong>Geni\u015flik:<\/strong>\u00a020,3 mm<\/p>\n<p><strong>\u00dcR\u00dcN \u0130ADES\u0130 MEVCUT DE\u011e\u0130LD\u0130R.\u00a0<\/strong><\/p>\n","protected":false},"excerpt":{"rendered":"<p><strong>Paket \u0130\u00e7eri\u011fi:<\/strong><\/p>\n<ul>\n<li><strong>Al\u00fcminyum Profil:<\/strong>\u00a0Se\u00e7ti\u011finiz uzunluk ve adette g\u00f6nderilir.<\/li>\n<li><strong>Dif\u00fcz\u00f6r (I\u015f\u0131k Kapa\u011f\u0131):<\/strong>\u00a0Se\u00e7ti\u011finiz uzunluk ve adette g\u00f6nderilir.<\/li>\n<li><strong>2x Yan Kapak:<\/strong>\u00a0(Se\u00e7ti\u011finiz adet\/Boy adedi x 2) (Delikli ve deliksiz olarak g\u00f6nderilecektir).<\/li>\n<li><strong>2x Montaj Klipsi:<\/strong>\u00a0(Se\u00e7ti\u011finiz adet\/Boy adedi x 2).<\/li>\n<\/ul>\n<p>964 ASL raf alt\u0131 LED profili, raf ve dolap alt\u0131 ayd\u0131nlatmalar i\u00e7in \u00f6zel olarak tasarlanm\u0131\u015f zarif bir \u00e7\u00f6z\u00fcmd\u00fcr. V-\u015feklindeki yap\u0131s\u0131 sayesinde \u0131\u015f\u0131\u011f\u0131 geni\u015f bir alana yayarak homojen bir ayd\u0131nlatma sa\u011flar. Y\u00fcksek kaliteli al\u00fcminyum malzemesi ve opak dif\u00fcz\u00f6r ile LED\u2019lerden gelen \u0131\u015f\u0131\u011f\u0131 yumu\u015fatarak g\u00f6z yorgunlu\u011funu en aza indirir.<\/p>\n<p><strong>Kullan\u0131m Alanlar\u0131:<\/strong><\/p>\n<ul>\n<li>Mutfak dolaplar\u0131<\/li>\n<li>Raf alt\u0131 ayd\u0131nlatma<\/li>\n<li>Dolap i\u00e7i dekoratif ayd\u0131nlatmalar<\/li>\n<li>Vitrin ve sergi ayd\u0131nlatmalar\u0131<\/li>\n<li><strong>\u00dcR\u00dcN \u0130ADES\u0130 MEVCUT DE\u011e\u0130LD\u0130R.\u00a0<\/strong><\/li>\n<\/ul>\n<pre id=\"tw-target-text\" class=\"tw-data-text tw-text-large tw-ta\" dir=\"ltr\" data-placeholder=\"\u00c7eviri\">\r\n\r\n<\/pre>\n","protected":false},"featured_media":4766,"template":"","meta":[],"product_brand":[],"product_cat":[63],"product_tag":[],"class_list":{"0":"post-4769","1":"product","2":"type-product","3":"status-publish","4":"has-post-thumbnail","6":"product_cat-led-profiller","8":"first","9":"instock","10":"purchasable","11":"product-type-variable"},"_links":{"self":[{"href":"https:\/\/asproms.com\/en\/wp-json\/wp\/v2\/product\/4769","targetHints":{"allow":["GET"]}}],"collection":[{"href":"https:\/\/asproms.com\/en\/wp-json\/wp\/v2\/product"}],"about":[{"href":"https:\/\/asproms.com\/en\/wp-json\/wp\/v2\/types\/product"}],"wp:featuredmedia":[{"embeddable":true,"href":"https:\/\/asproms.com\/en\/wp-json\/wp\/v2\/media\/4766"}],"wp:attachment":[{"href":"https:\/\/asproms.com\/en\/wp-json\/wp\/v2\/media?parent=4769"}],"wp:term":[{"taxonomy":"product_brand","embeddable":true,"href":"https:\/\/asproms.com\/en\/wp-json\/wp\/v2\/product_brand?post=4769"},{"taxonomy":"product_cat","embeddable":true,"href":"https:\/\/asproms.com\/en\/wp-json\/wp\/v2\/product_cat?post=4769"},{"taxonomy":"product_tag","embeddable":true,"href":"https:\/\/asproms.com\/en\/wp-json\/wp\/v2\/product_tag?post=4769"}],"curies":[{"name":"wp","href":"https:\/\/api.w.org\/{rel}","templated":true}]}}