{"id":4739,"date":"2018-05-24T19:23:00","date_gmt":"2018-05-24T16:23:00","guid":{"rendered":"http:\/\/localhost\/lydia\/product\/153asxx\/"},"modified":"2023-05-17T17:44:04","modified_gmt":"2023-05-17T14:44:04","slug":"153asxx","status":"publish","type":"product","link":"https:\/\/asproms.com\/en\/product\/153asxx\/","title":{"rendered":"153AS- komponent so\u011futucu"},"content":{"rendered":"<p>Type: <strong>\u00a0\u00a0\u00a0\u00a0\u00a0\u00a0\u00a0\u00a0\u00a0\u00a0Component Heatsink<\/strong><br \/>\nMaterial: <strong>\u00a0\u00a0Aluminum 6063-T5<\/strong><br \/>\nSurface: <strong>\u00a0\u00a0\u00a0\u00a0Black or Natural Anodised <\/strong><br \/>\nHeight:\u00a0\u00a0\u00a0\u00a0\u00a0\u00a0 <strong>22mm \/ 0.87&#8243;<\/strong><br \/>\nWidth: \u00a0\u00a0\u00a0\u00a0\u00a0\u00a0 <strong>38.20mm \/ 1.50&#8243;<\/strong><br \/>\nOther: \u00a0\u00a0\u00a0\u00a0\u00a0\u00a0 <strong> &#8211; mm \/ &#8211; &#8221; <\/strong><\/p>\n<p><strong>Available Models<\/strong><br \/>\nLenght\u00a0\u00a0\u00a0\u00a0\u00a0\u00a0\u00a0\u00a0\u00a0\u00a0\u00a0\u00a0\u00a0\u00a0\u00a0\u00a0\u00a0\u00a0\u00a0\u00a0\u00a0Surface\u00a0\u00a0\u00a0\u00a0\u00a0\u00a0\u00a0\u00a0\u00a0\u00a0\u00a0\u00a0\u00a0\u00a0\u00a0\u00a0\u00a0\u00a0\u00a0\u00a0\u00a0\u00a0\u00a0\u00a0\u00a0\u00a0\u00a0\u00a0Hole\u00a0\u00a0\u00a0\u00a0\u00a0\u00a0\u00a0\u00a0\u00a0\u00a0\u00a0SKU<br \/>\n10mm \/ 0.39&#8243;\u00a0\u00a0\u00a0\u00a0\u00a0\u00a0Natural Anodized\u00a0\u00a0\u00a0\u00a0\u00a0\u00a0 N\u00a0\u00a0\u00a0\u00a0\u00a0\u00a0\u00a0\u00a0\u00a0\u00a0\u00a0\u00a0\u00a0\u00a0\u00a0\u00a0\u00a0\u00a0153AS10NAT<br \/>\n15mm \/ 0.59&#8243;\u00a0\u00a0\u00a0\u00a0\u00a0\u00a0Natural Anodized\u00a0\u00a0\u00a0\u00a0\u00a0\u00a0 N\u00a0\u00a0\u00a0\u00a0\u00a0\u00a0\u00a0\u00a0\u00a0\u00a0\u00a0\u00a0\u00a0\u00a0\u00a0\u00a0\u00a0\u00a0153AS15NAT<\/p>\n<p>Please <a href=\"http:\/\/alberko.com\/index.php\/contacts\/\" target=\"_blank\" rel=\"noopener\"><strong>contact us<\/strong><\/a> if you need a different <strong>variation<\/strong> of this product. This component heatsink can be <strong>fabricated<\/strong> as required by your application. Fabrication services such as <strong>drilling, tapping and milling<\/strong> can be provided.<\/p>\n","protected":false},"excerpt":{"rendered":"<p>Kategori:<strong>Komponent So\u011futucu<\/strong><br \/>\nMateryal:<strong>Aluminyum 6063-T5<\/strong><br \/>\nY\u00fczey:<strong>Siyah Eloksal \/ Press\u00a0<\/strong><br \/>\nDi\u011fer:<strong>&#8211; mm \/ &#8211; &#8221;<br \/>\nY\u00fckseklik:12mm \/ 0.47&#8243;<br \/>\nGeni\u015flik:15,3mm \/ 0.60&#8243;<\/strong><\/p>\n<p>Stok \u00dcr\u00fcnleri<\/p>\n<table class=\"table\">\n<tbody>\n<tr>\n<td>Uzunluk<\/td>\n<td>Y\u00fczey<\/td>\n<td>Delik<\/td>\n<td>\u00dcr\u00fcn Kodu<\/td>\n<\/tr>\n<tr>\n<td>10mm \/ 0.39&#8243;<\/p>\n<p>15mm \/ 0.59&#8243;<\/td>\n<td>Ham &amp; Press<\/p>\n<p>Ham &amp; Press<\/td>\n<td>Yok<\/p>\n<p>Yok<\/td>\n<td>153AS10NAT<\/p>\n<p>153AS15NAT<\/td>\n<\/tr>\n<\/tbody>\n<\/table>\n<p>Farkl\u0131 \u00f6l\u00e7\u00fc ve i\u015flem detaylar\u0131 i\u00e7in l\u00fctfen bize ula\u015f\u0131n.<\/p>\n","protected":false},"featured_media":4736,"template":"","meta":[],"product_brand":[],"product_cat":[59],"product_tag":[],"class_list":{"0":"post-4739","1":"product","2":"type-product","3":"status-publish","4":"has-post-thumbnail","6":"product_cat-komponent-sogutucular","8":"first","9":"outofstock","10":"taxable","11":"shipping-taxable","12":"product-type-simple"},"_links":{"self":[{"href":"https:\/\/asproms.com\/en\/wp-json\/wp\/v2\/product\/4739","targetHints":{"allow":["GET"]}}],"collection":[{"href":"https:\/\/asproms.com\/en\/wp-json\/wp\/v2\/product"}],"about":[{"href":"https:\/\/asproms.com\/en\/wp-json\/wp\/v2\/types\/product"}],"wp:featuredmedia":[{"embeddable":true,"href":"https:\/\/asproms.com\/en\/wp-json\/wp\/v2\/media\/4736"}],"wp:attachment":[{"href":"https:\/\/asproms.com\/en\/wp-json\/wp\/v2\/media?parent=4739"}],"wp:term":[{"taxonomy":"product_brand","embeddable":true,"href":"https:\/\/asproms.com\/en\/wp-json\/wp\/v2\/product_brand?post=4739"},{"taxonomy":"product_cat","embeddable":true,"href":"https:\/\/asproms.com\/en\/wp-json\/wp\/v2\/product_cat?post=4739"},{"taxonomy":"product_tag","embeddable":true,"href":"https:\/\/asproms.com\/en\/wp-json\/wp\/v2\/product_tag?post=4739"}],"curies":[{"name":"wp","href":"https:\/\/api.w.org\/{rel}","templated":true}]}}