{"id":4691,"date":"2018-05-23T22:11:00","date_gmt":"2018-05-23T19:11:00","guid":{"rendered":"http:\/\/localhost\/lydia\/product\/55asxx\/"},"modified":"2023-05-18T09:17:50","modified_gmt":"2023-05-18T06:17:50","slug":"55asxx","status":"publish","type":"product","link":"https:\/\/asproms.com\/en\/product\/55asxx\/","title":{"rendered":"55AS-komponent so\u011futucu"},"content":{"rendered":"<p>Type: <strong>\u00a0\u00a0\u00a0\u00a0\u00a0\u00a0\u00a0\u00a0\u00a0\u00a0Component Heatsink<\/strong><br \/>\nMaterial: <strong>\u00a0\u00a0Aluminum 6063-T5<\/strong><br \/>\nSurface: <strong>\u00a0\u00a0\u00a0\u00a0Black or Natural Anodised <\/strong><br \/>\nHeight:\u00a0\u00a0\u00a0\u00a0\u00a0\u00a0 <strong>18.40mm \/ 0.72&#8243;<\/strong><br \/>\nWidth: \u00a0\u00a0\u00a0\u00a0\u00a0\u00a0 <strong>48.20mm \/ 1.90&#8243;<\/strong><br \/>\nOther: \u00a0\u00a0\u00a0\u00a0\u00a0\u00a0 <strong> &#8211; mm \/ &#8211; &#8221; <\/strong><\/p>\n<p><strong>Available Models<\/strong><br \/>\nLenght\u00a0\u00a0\u00a0\u00a0\u00a0\u00a0\u00a0\u00a0\u00a0\u00a0\u00a0\u00a0\u00a0\u00a0\u00a0\u00a0\u00a0\u00a0\u00a0\u00a0\u00a0Surface\u00a0\u00a0\u00a0\u00a0\u00a0\u00a0\u00a0\u00a0\u00a0\u00a0\u00a0\u00a0\u00a0\u00a0\u00a0\u00a0\u00a0\u00a0\u00a0\u00a0\u00a0\u00a0\u00a0\u00a0\u00a0\u00a0\u00a0\u00a0Hole\u00a0\u00a0\u00a0\u00a0\u00a0\u00a0\u00a0\u00a0\u00a0\u00a0\u00a0SKU<br \/>\n35mm \/ 1.38&#8243;\u00a0\u00a0\u00a0\u00a0\u00a0\u00a0\u00a0\u00a0\u00a0Black Anodized\u00a0\u00a0\u00a0\u00a0\u00a0\u00a0\u00a0\u00a0\u00a0\u00a0\u00a0 Y\u00a0\u00a0\u00a0\u00a0\u00a0\u00a0\u00a0\u00a0\u00a0\u00a0\u00a0\u00a0\u00a0\u00a0\u00a0\u00a0\u00a0\u00a055ASD35SE<br \/>\n35mm \/ 1.38&#8243;\u00a0\u00a0\u00a0\u00a0\u00a0\u00a0\u00a0\u00a0\u00a0Black Anodized\u00a0\u00a0\u00a0\u00a0\u00a0\u00a0\u00a0\u00a0\u00a0\u00a0\u00a0 N\u00a0\u00a0\u00a0\u00a0\u00a0\u00a0\u00a0\u00a0\u00a0\u00a0\u00a0\u00a0\u00a0\u00a0\u00a0\u00a0\u00a0\u00a055AS35SE<br \/>\n35mm \/ 1.38&#8243;\u00a0\u00a0\u00a0\u00a0\u00a0\u00a0\u00a0\u00a0\u00a0Natural Anodized\u00a0\u00a0\u00a0\u00a0\u00a0\u00a0 N\u00a0\u00a0\u00a0\u00a0\u00a0\u00a0\u00a0\u00a0\u00a0\u00a0\u00a0\u00a0\u00a0\u00a0\u00a0\u00a0\u00a0\u00a055AS35NAT<br \/>\n50mm \/ 1.97&#8243;\u00a0\u00a0\u00a0\u00a0\u00a0\u00a0\u00a0\u00a0\u00a0Black Anodized\u00a0\u00a0\u00a0\u00a0\u00a0\u00a0\u00a0\u00a0\u00a0\u00a0\u00a0 N\u00a0\u00a0\u00a0\u00a0\u00a0\u00a0\u00a0\u00a0\u00a0\u00a0\u00a0\u00a0\u00a0\u00a0\u00a0\u00a0\u00a0\u00a055AS50SE<br \/>\n50mm \/ 1.97&#8243;\u00a0\u00a0\u00a0\u00a0\u00a0\u00a0\u00a0\u00a0\u00a0Natural Anodized\u00a0\u00a0\u00a0\u00a0\u00a0\u00a0 N\u00a0\u00a0\u00a0\u00a0\u00a0\u00a0\u00a0\u00a0\u00a0\u00a0\u00a0\u00a0\u00a0\u00a0\u00a0\u00a0\u00a0\u00a055AS50NAT<br \/>\n100mm \/ 3.94&#8243;\u00a0\u00a0\u00a0\u00a0\u00a0\u00a0\u00a0\u00a0\u00a0Black Anodized\u00a0\u00a0\u00a0\u00a0\u00a0\u00a0\u00a0\u00a0\u00a0\u00a0\u00a0 N\u00a0\u00a0\u00a0\u00a0\u00a0\u00a0\u00a0\u00a0\u00a0\u00a0\u00a0\u00a0\u00a0\u00a0\u00a0\u00a0\u00a0\u00a055AS100SE<\/p>\n<p>Please <a href=\"http:\/\/alberko.com\/index.php\/contacts\/\" target=\"_blank\" rel=\"noopener\"><strong>contact us<\/strong><\/a> if you need a different <strong>variation<\/strong> of this product. This component heatsink can be <strong>fabricated<\/strong> as required by your application. Fabrication services such as <strong>drilling, tapping and milling<\/strong> can be provided.<\/p>\n","protected":false},"excerpt":{"rendered":"<p>Kategori:\u00a0<strong>\u00a0 \u00a0 \u00a0 \u00a0 \u00a0 Komponent So\u011futucu<\/strong><br \/>\nMateryal:\u00a0<strong>\u00a0 \u00a0 \u00a0 \u00a0 \u00a0Aluminyum 6063-T5<\/strong><br \/>\nY\u00fczey:\u00a0<strong>\u00a0 \u00a0 \u00a0 \u00a0 \u00a0 \u00a0 \u00a0 Siyah Eloksal \/ Press\u00a0<\/strong><br \/>\nY\u00fckseklik:\u00a0 \u00a0 \u00a0 \u00a0\u00a0<strong>18.40mm \/ 0.72&#8243;<\/strong><br \/>\nGeni\u015flik:\u00a0 \u00a0 \u00a0 \u00a0 \u00a0\u00a0<strong>48,2mm \/ 1.90&#8243;<\/strong><br \/>\nDi\u011fer:\u00a0 \u00a0 \u00a0 \u00a0 \u00a0 \u00a0\u00a0<strong>\u00a0 &#8211; mm \/ &#8211; &#8220;<\/strong><\/p>\n<p>Stok \u00dcr\u00fcnleri<br \/>\nUzunluk\u00a0 \u00a0 \u00a0 \u00a0 \u00a0 \u00a0 \u00a0 \u00a0 \u00a0 \u00a0 \u00a0Y\u00fczey\u00a0 \u00a0 \u00a0 \u00a0 \u00a0 \u00a0 \u00a0 \u00a0 \u00a0 \u00a0 \u00a0 \u00a0 \u00a0Delik\u00a0 \u00a0 \u00a0 \u00a0 \u00a0 \u00a0 \u00a0 \u00a0 \u00a0 \u00a0 \u00a0 \u00a0 \u00a0 \u00a0 \u00dcr\u00fcn Kodu<br \/>\n35mm \/ 1.38&#8243;\u00a0 \u00a0 \u00a0 Siyah Eloksal\u00a0 \u00a0 \u00a0 \u00a0 \u00a0 \u00a0 M \/ 3mm\u00a0 \u00a0 \u00a0 \u00a0 \u00a0 \u00a0 \u00a0 \u00a0 \u00a0 55ASD35SE<br \/>\n35mm \/ 1.38&#8243;\u00a0 \u00a0 \u00a0 Ham &amp; Press\u00a0 \u00a0 \u00a0 \u00a0 \u00a0 \u00a0 \u00a0M \/ 3mm\u00a0 \u00a0 \u00a0 \u00a0 \u00a0 \u00a0 \u00a0 \u00a0 \u00a0 55ASD35NAT<br \/>\n35mm \/ 1.38&#8243;\u00a0 \u00a0 \u00a0 Siyah Eloksal\u00a0 \u00a0 \u00a0 \u00a0 \u00a0 \u00a0 Yok\u00a0 \u00a0 \u00a0 \u00a0 \u00a0 \u00a0 \u00a0 \u00a0 \u00a0 \u00a0 \u00a0 \u00a0 \u00a0 \u00a055AS35SE<br \/>\n50mm \/ 1.97&#8243;\u00a0 \u00a0 \u00a0 Siyah Eloksal\u00a0 \u00a0 \u00a0 \u00a0 \u00a0 \u00a0 Yok\u00a0 \u00a0 \u00a0 \u00a0 \u00a0 \u00a0 \u00a0 \u00a0 \u00a0 \u00a0 \u00a0 \u00a0 \u00a0 \u00a055AS50SE<br \/>\n50mm \/ 1.97&#8243;\u00a0 \u00a0 \u00a0 Ham &amp; Press\u00a0 \u00a0 \u00a0 \u00a0 \u00a0 \u00a0 \u00a0Yok\u00a0 \u00a0 \u00a0 \u00a0 \u00a0 \u00a0 \u00a0 \u00a0 \u00a0 \u00a0 \u00a0 \u00a0 \u00a0 \u00a055AS50NAT<br \/>\n100mm \/ 3.95&#8243;\u00a0 \u00a0 Siyah Eloksal\u00a0 \u00a0 \u00a0 \u00a0 \u00a0 \u00a0 Yok\u00a0 \u00a0 \u00a0 \u00a0 \u00a0 \u00a0 \u00a0 \u00a0 \u00a0 \u00a0 \u00a0 \u00a0 \u00a0 \u00a055AS50SE<br \/>\nFarkl\u0131 \u00f6l\u00e7\u00fc ve i\u015flem detaylar\u0131 i\u00e7in l\u00fctfen bize ula\u015f\u0131n.<\/p>\n","protected":false},"featured_media":4687,"template":"","meta":[],"product_brand":[],"product_cat":[59],"product_tag":[],"class_list":{"0":"post-4691","1":"product","2":"type-product","3":"status-publish","4":"has-post-thumbnail","6":"product_cat-komponent-sogutucular","8":"first","9":"outofstock","10":"taxable","11":"shipping-taxable","12":"product-type-simple"},"_links":{"self":[{"href":"https:\/\/asproms.com\/en\/wp-json\/wp\/v2\/product\/4691","targetHints":{"allow":["GET"]}}],"collection":[{"href":"https:\/\/asproms.com\/en\/wp-json\/wp\/v2\/product"}],"about":[{"href":"https:\/\/asproms.com\/en\/wp-json\/wp\/v2\/types\/product"}],"wp:featuredmedia":[{"embeddable":true,"href":"https:\/\/asproms.com\/en\/wp-json\/wp\/v2\/media\/4687"}],"wp:attachment":[{"href":"https:\/\/asproms.com\/en\/wp-json\/wp\/v2\/media?parent=4691"}],"wp:term":[{"taxonomy":"product_brand","embeddable":true,"href":"https:\/\/asproms.com\/en\/wp-json\/wp\/v2\/product_brand?post=4691"},{"taxonomy":"product_cat","embeddable":true,"href":"https:\/\/asproms.com\/en\/wp-json\/wp\/v2\/product_cat?post=4691"},{"taxonomy":"product_tag","embeddable":true,"href":"https:\/\/asproms.com\/en\/wp-json\/wp\/v2\/product_tag?post=4691"}],"curies":[{"name":"wp","href":"https:\/\/api.w.org\/{rel}","templated":true}]}}