{"id":4686,"date":"2018-05-23T21:20:00","date_gmt":"2018-05-23T18:20:00","guid":{"rendered":"http:\/\/localhost\/lydia\/product\/52asxx\/"},"modified":"2023-05-18T09:19:00","modified_gmt":"2023-05-18T06:19:00","slug":"52asxx","status":"publish","type":"product","link":"https:\/\/asproms.com\/en\/product\/52asxx\/","title":{"rendered":"52AS-komponent so\u011futucu"},"content":{"rendered":"<p>Type: <strong>\u00a0\u00a0\u00a0\u00a0\u00a0\u00a0\u00a0\u00a0\u00a0\u00a0Component Heatsink<\/strong><br \/>\nMaterial: <strong>\u00a0\u00a0Aluminum 6063-T5<\/strong><br \/>\nSurface: <strong>\u00a0\u00a0\u00a0\u00a0Black or Natural Anodised <\/strong><br \/>\nHeight:\u00a0\u00a0\u00a0\u00a0\u00a0\u00a0 <strong>13mm \/ 0.51&#8243;<\/strong><br \/>\nWidth: \u00a0\u00a0\u00a0\u00a0\u00a0\u00a0 <strong>27mm \/ 1.06&#8243;<\/strong><br \/>\nOther: \u00a0\u00a0\u00a0\u00a0\u00a0\u00a0 <strong> &#8211; mm \/ &#8211; &#8221; <\/strong><\/p>\n<p><strong>Available Models<\/strong><br \/>\nLenght\u00a0\u00a0\u00a0\u00a0\u00a0\u00a0\u00a0\u00a0\u00a0\u00a0\u00a0\u00a0\u00a0\u00a0\u00a0\u00a0\u00a0\u00a0\u00a0\u00a0\u00a0Surface\u00a0\u00a0\u00a0\u00a0\u00a0\u00a0\u00a0\u00a0\u00a0\u00a0\u00a0\u00a0\u00a0\u00a0\u00a0\u00a0\u00a0\u00a0\u00a0\u00a0\u00a0\u00a0\u00a0\u00a0\u00a0\u00a0\u00a0\u00a0Hole\u00a0\u00a0\u00a0\u00a0\u00a0\u00a0\u00a0\u00a0\u00a0\u00a0\u00a0SKU<br \/>\n25mm \/ 0.98&#8243;\u00a0\u00a0\u00a0\u00a0\u00a0\u00a0Black Anodized\u00a0\u00a0\u00a0\u00a0\u00a0\u00a0\u00a0\u00a0\u00a0\u00a0\u00a0 N\u00a0\u00a0\u00a0\u00a0\u00a0\u00a0\u00a0\u00a0\u00a0\u00a0\u00a0\u00a0\u00a0\u00a0\u00a0\u00a0\u00a0\u00a052AS25SE<br \/>\n25mm \/ 0.98&#8243;\u00a0\u00a0\u00a0\u00a0\u00a0\u00a0Natural Anodized\u00a0\u00a0\u00a0\u00a0\u00a0\u00a0 N\u00a0\u00a0\u00a0\u00a0\u00a0\u00a0\u00a0\u00a0\u00a0\u00a0\u00a0\u00a0\u00a0\u00a0\u00a0\u00a0\u00a0\u00a052AS25NAT<\/p>\n<p>Please <a href=\"http:\/\/alberko.com\/index.php\/contacts\/\" target=\"_blank\" rel=\"noopener\"><strong>contact us<\/strong><\/a> if you need a different <strong>variation<\/strong> of this product. This component heatsink can be <strong>fabricated<\/strong> as required by your application. Fabrication services such as <strong>drilling, tapping and milling<\/strong> can be provided.<\/p>\n","protected":false},"excerpt":{"rendered":"<p>Kategori:<strong>Komponent So\u011futucu<\/strong><br \/>\nMateryal:<strong>Aluminyum 6063-T5<\/strong><br \/>\nY\u00fczey:<strong>Siyah Eloksal \/ Press\u00a0<\/strong><br \/>\nY\u00fckseklik:<strong>13mm \/ 0.51&#8243;<\/strong><br \/>\nGeni\u015flik:<strong>27mm \/ 1.06&#8243;<\/strong><br \/>\nDi\u011fer:<strong>&#8211; mm \/ &#8211; &#8220;<\/strong><\/p>\n<p>Stok \u00dcr\u00fcnleri<\/p>\n<table class=\"table\">\n<tbody>\n<tr>\n<td>Uzunluk<\/td>\n<td>Y\u00fczey<\/td>\n<td>Delik<\/td>\n<td>\u00dcr\u00fcn Kodu<\/td>\n<\/tr>\n<tr>\n<td>25mm \/ 0.98&#8243;<\/p>\n<p>25mm \/ 0.98&#8243;<\/td>\n<td>Siyah Eloksal<\/p>\n<p>Ham &amp; Press<\/td>\n<td>M \/ 3mm<\/p>\n<p>M \/ 3mm<\/td>\n<td>145ASD25SE<\/p>\n<p>145ASD25NAT<\/td>\n<\/tr>\n<\/tbody>\n<\/table>\n<p>&nbsp;<\/p>\n<p>Farkl\u0131 \u00f6l\u00e7\u00fc ve i\u015flem detaylar\u0131 i\u00e7in l\u00fctfen bize ula\u015f\u0131n. 52 AS \u00fcr\u00fcn\u00fc istendi\u011finde pimli olarak \u00fcretilebilmektedir<\/p>\n","protected":false},"featured_media":4683,"template":"","meta":[],"product_brand":[],"product_cat":[59],"product_tag":[],"class_list":{"0":"post-4686","1":"product","2":"type-product","3":"status-publish","4":"has-post-thumbnail","6":"product_cat-komponent-sogutucular","8":"first","9":"outofstock","10":"taxable","11":"shipping-taxable","12":"product-type-simple"},"_links":{"self":[{"href":"https:\/\/asproms.com\/en\/wp-json\/wp\/v2\/product\/4686","targetHints":{"allow":["GET"]}}],"collection":[{"href":"https:\/\/asproms.com\/en\/wp-json\/wp\/v2\/product"}],"about":[{"href":"https:\/\/asproms.com\/en\/wp-json\/wp\/v2\/types\/product"}],"wp:featuredmedia":[{"embeddable":true,"href":"https:\/\/asproms.com\/en\/wp-json\/wp\/v2\/media\/4683"}],"wp:attachment":[{"href":"https:\/\/asproms.com\/en\/wp-json\/wp\/v2\/media?parent=4686"}],"wp:term":[{"taxonomy":"product_brand","embeddable":true,"href":"https:\/\/asproms.com\/en\/wp-json\/wp\/v2\/product_brand?post=4686"},{"taxonomy":"product_cat","embeddable":true,"href":"https:\/\/asproms.com\/en\/wp-json\/wp\/v2\/product_cat?post=4686"},{"taxonomy":"product_tag","embeddable":true,"href":"https:\/\/asproms.com\/en\/wp-json\/wp\/v2\/product_tag?post=4686"}],"curies":[{"name":"wp","href":"https:\/\/api.w.org\/{rel}","templated":true}]}}