{"id":4682,"date":"2018-05-23T21:12:00","date_gmt":"2018-05-23T18:12:00","guid":{"rendered":"http:\/\/localhost\/lydia\/product\/50asxx\/"},"modified":"2023-05-18T09:24:44","modified_gmt":"2023-05-18T06:24:44","slug":"50asxx","status":"publish","type":"product","link":"https:\/\/asproms.com\/en\/product\/50asxx\/","title":{"rendered":"50AS-komponent so\u011futucu"},"content":{"rendered":"<p>Type: <strong>\u00a0\u00a0\u00a0\u00a0\u00a0\u00a0\u00a0\u00a0\u00a0\u00a0Component Heatsink<\/strong><br \/>\nMaterial: <strong>\u00a0\u00a0Aluminum 6063-T5<\/strong><br \/>\nSurface: <strong>\u00a0\u00a0\u00a0\u00a0Black or Natural Anodised <\/strong><br \/>\nHeight:\u00a0\u00a0\u00a0\u00a0\u00a0\u00a0 <strong>17mm \/ 0.67&#8243;<\/strong><br \/>\nWidth: \u00a0\u00a0\u00a0\u00a0\u00a0\u00a0 <strong>20mm \/ 0.79&#8243;<\/strong><br \/>\nOther: \u00a0\u00a0\u00a0\u00a0\u00a0\u00a0 <strong> &#8211; mm \/ &#8211; &#8221; <\/strong><\/p>\n<p><strong>Available Models<\/strong><br \/>\nLenght\u00a0\u00a0\u00a0\u00a0\u00a0\u00a0\u00a0\u00a0\u00a0\u00a0\u00a0\u00a0\u00a0\u00a0\u00a0\u00a0\u00a0\u00a0\u00a0\u00a0\u00a0Surface\u00a0\u00a0\u00a0\u00a0\u00a0\u00a0\u00a0\u00a0\u00a0\u00a0\u00a0\u00a0\u00a0\u00a0\u00a0\u00a0\u00a0\u00a0\u00a0\u00a0\u00a0\u00a0\u00a0\u00a0\u00a0\u00a0\u00a0\u00a0Hole\u00a0\u00a0\u00a0\u00a0\u00a0\u00a0\u00a0\u00a0\u00a0\u00a0\u00a0SKU<br \/>\n5mm \/ 0.20&#8243;\u00a0\u00a0\u00a0\u00a0\u00a0\u00a0\u00a0\u00a0\u00a0Black Anodized\u00a0\u00a0\u00a0\u00a0\u00a0\u00a0\u00a0\u00a0\u00a0\u00a0\u00a0 N\u00a0\u00a0\u00a0\u00a0\u00a0\u00a0\u00a0\u00a0\u00a0\u00a0\u00a0\u00a0\u00a0\u00a0\u00a0\u00a0\u00a0\u00a050AS5YILDIZSE<br \/>\n5mm \/ 0.20&#8243;\u00a0\u00a0\u00a0\u00a0\u00a0\u00a0\u00a0\u00a0\u00a0Natural Anodized\u00a0\u00a0\u00a0\u00a0\u00a0\u00a0 N\u00a0\u00a0\u00a0\u00a0\u00a0\u00a0\u00a0\u00a0\u00a0\u00a0\u00a0\u00a0\u00a0\u00a0\u00a0\u00a0\u00a0\u00a050AS5YILDIZNAT<br \/>\n10mm \/ 0.39&#8243;\u00a0\u00a0\u00a0\u00a0\u00a0\u00a0Black Anodized\u00a0\u00a0\u00a0\u00a0\u00a0\u00a0\u00a0\u00a0\u00a0\u00a0\u00a0 N\u00a0\u00a0\u00a0\u00a0\u00a0\u00a0\u00a0\u00a0\u00a0\u00a0\u00a0\u00a0\u00a0\u00a0\u00a0\u00a0\u00a0\u00a050AS10SE<br \/>\n10mm \/ 0.39&#8243;\u00a0\u00a0\u00a0\u00a0\u00a0\u00a0Natural Anodized\u00a0\u00a0\u00a0\u00a0\u00a0\u00a0 N\u00a0\u00a0\u00a0\u00a0\u00a0\u00a0\u00a0\u00a0\u00a0\u00a0\u00a0\u00a0\u00a0\u00a0\u00a0\u00a0\u00a0\u00a050AS10NAT<br \/>\n15mm \/ 0.59&#8243;\u00a0\u00a0\u00a0\u00a0\u00a0\u00a0Black Anodized\u00a0\u00a0\u00a0\u00a0\u00a0\u00a0\u00a0\u00a0\u00a0\u00a0\u00a0 N\u00a0\u00a0\u00a0\u00a0\u00a0\u00a0\u00a0\u00a0\u00a0\u00a0\u00a0\u00a0\u00a0\u00a0\u00a0\u00a0\u00a0\u00a050AS15SE<br \/>\n15mm \/ 0.59&#8243;\u00a0\u00a0\u00a0\u00a0\u00a0\u00a0Natural Anodized\u00a0\u00a0\u00a0\u00a0\u00a0\u00a0 N\u00a0\u00a0\u00a0\u00a0\u00a0\u00a0\u00a0\u00a0\u00a0\u00a0\u00a0\u00a0\u00a0\u00a0\u00a0\u00a0\u00a0\u00a050AS15NAT<br \/>\n25mm \/ 0.98&#8243;\u00a0\u00a0\u00a0\u00a0\u00a0\u00a0Black Anodized\u00a0\u00a0\u00a0\u00a0\u00a0\u00a0\u00a0\u00a0\u00a0\u00a0\u00a0 N\u00a0\u00a0\u00a0\u00a0\u00a0\u00a0\u00a0\u00a0\u00a0\u00a0\u00a0\u00a0\u00a0\u00a0\u00a0\u00a0\u00a0\u00a050AS25SE<br \/>\n25mm \/ 0.98&#8243;\u00a0\u00a0\u00a0\u00a0\u00a0\u00a0Natural Anodized\u00a0\u00a0\u00a0\u00a0\u00a0\u00a0 N\u00a0\u00a0\u00a0\u00a0\u00a0\u00a0\u00a0\u00a0\u00a0\u00a0\u00a0\u00a0\u00a0\u00a0\u00a0\u00a0\u00a0\u00a050AS25NAT<\/p>\n<p>Please <a href=\"http:\/\/alberko.com\/index.php\/contacts\/\" target=\"_blank\" rel=\"noopener\"><strong>contact us<\/strong><\/a> if you need a different <strong>variation<\/strong> of this product. This component heatsink can be <strong>fabricated<\/strong> as required by your application. Fabrication services such as <strong>drilling, tapping and milling<\/strong> can be provided.<\/p>\n","protected":false},"excerpt":{"rendered":"<div class=\"col-lg-6 pe-md-5\">\n<div class=\"product-content\">\n<div class=\"page-content text-center text-sm-start\">\n<p>Kategori:<strong>Komponent So\u011futucu<\/strong><br \/>\nMateryal:<strong>Aluminyum 6063-T5<\/strong><br \/>\nY\u00fczey:<strong>Siyah Eloksal \/ Press\u00a0<\/strong><br \/>\nDi\u011fer:<strong>&#8211; mm \/ &#8211; &#8221;<br \/>\nY\u00fckseklik:17mm \/ 0.67&#8243;<br \/>\nGeni\u015flik:20mm \/ 0,79&#8243;<\/strong><\/p>\n<p>Stokta<\/p>\n<table class=\"table\">\n<tbody>\n<tr>\n<td>Uzunluk<\/td>\n<td>Aray\u00fcz<\/td>\n<td><\/td>\n<td>\u00dcr\u00fcn Kodu<\/td>\n<\/tr>\n<tr>\n<td>5mm \/ 0.20&#8243;<\/p>\n<p>5mm \/ 0.20&#8243;<\/p>\n<p>10mm \/ 0.39&#8243;<\/p>\n<p>10mm \/ 0.39&#8243;<\/p>\n<p>15mm \/ 0,59&#8243;<\/p>\n<p>15mm \/ 0,59&#8243;<\/p>\n<p>25mm \/ 0,98&#8243;<\/p>\n<p>25 mm \/ 0,98&#8243;<\/td>\n<td>Siyah anodize<\/p>\n<p>Ham ve Pres<\/p>\n<p>Siyah anodize<\/p>\n<p>Jambon ve pres<\/p>\n<p>Siyah anodize<\/p>\n<p>Dam ve pres<\/p>\n<p>Siyah anodize<\/p>\n<p>Raw &amp; Press<\/td>\n<td>Yok<\/p>\n<p>Yok<\/p>\n<p>Yok<\/p>\n<p>Yok<\/p>\n<p>M \/ 3mm<\/p>\n<p>M \/ 3mm<\/p>\n<p>M \/ 3mm<\/p>\n<p>M \/ 3mm<\/td>\n<td>50ASStarSE<\/p>\n<p>50ASStarNAT<\/p>\n<p>50AS10SE<\/p>\n<p>50AS10NAT<\/p>\n<p>50ASD15SE<\/p>\n<p>50ASD15NAT<\/p>\n<p>50ASD25SE<\/p>\n<p>50ASD25NAT<\/td>\n<\/tr>\n<\/tbody>\n<\/table>\n<p>Di\u011fer \u00f6l\u00e7\u00fcler ve kaplama detaylar\u0131 i\u00e7in l\u00fctfen bizimle ileti\u015fime ge\u00e7in.<\/p>\n<\/div>\n<\/div>\n<\/div>\n<div class=\"col-lg-12\">\n<div class=\"page-content table-wrapper\">\n<p>&nbsp;<\/p>\n<p>&nbsp;<\/p>\n<\/div>\n<\/div>\n","protected":false},"featured_media":4678,"template":"","meta":[],"product_brand":[],"product_cat":[59],"product_tag":[],"class_list":{"0":"post-4682","1":"product","2":"type-product","3":"status-publish","4":"has-post-thumbnail","6":"product_cat-komponent-sogutucular","8":"first","9":"outofstock","10":"taxable","11":"shipping-taxable","12":"product-type-simple"},"_links":{"self":[{"href":"https:\/\/asproms.com\/en\/wp-json\/wp\/v2\/product\/4682","targetHints":{"allow":["GET"]}}],"collection":[{"href":"https:\/\/asproms.com\/en\/wp-json\/wp\/v2\/product"}],"about":[{"href":"https:\/\/asproms.com\/en\/wp-json\/wp\/v2\/types\/product"}],"wp:featuredmedia":[{"embeddable":true,"href":"https:\/\/asproms.com\/en\/wp-json\/wp\/v2\/media\/4678"}],"wp:attachment":[{"href":"https:\/\/asproms.com\/en\/wp-json\/wp\/v2\/media?parent=4682"}],"wp:term":[{"taxonomy":"product_brand","embeddable":true,"href":"https:\/\/asproms.com\/en\/wp-json\/wp\/v2\/product_brand?post=4682"},{"taxonomy":"product_cat","embeddable":true,"href":"https:\/\/asproms.com\/en\/wp-json\/wp\/v2\/product_cat?post=4682"},{"taxonomy":"product_tag","embeddable":true,"href":"https:\/\/asproms.com\/en\/wp-json\/wp\/v2\/product_tag?post=4682"}],"curies":[{"name":"wp","href":"https:\/\/api.w.org\/{rel}","templated":true}]}}