{"id":4673,"date":"2018-05-23T20:38:00","date_gmt":"2018-05-23T17:38:00","guid":{"rendered":"http:\/\/localhost\/lydia\/product\/45asxx\/"},"modified":"2023-05-18T09:29:08","modified_gmt":"2023-05-18T06:29:08","slug":"45asxx","status":"publish","type":"product","link":"https:\/\/asproms.com\/en\/product\/45asxx\/","title":{"rendered":"45AS-komponent so\u011futucu"},"content":{"rendered":"<p>Type: <strong>\u00a0\u00a0\u00a0\u00a0\u00a0\u00a0\u00a0\u00a0\u00a0\u00a0Component Heatsink<\/strong><br \/>\nMaterial: <strong>\u00a0\u00a0Aluminum 6063-T5<\/strong><br \/>\nSurface: <strong>\u00a0\u00a0\u00a0\u00a0Black or Natural Anodised <\/strong><br \/>\nHeight:\u00a0\u00a0\u00a0\u00a0\u00a0\u00a0 <strong>11.50mm \/ 0.45&#8243;<\/strong><br \/>\nWidth: \u00a0\u00a0\u00a0\u00a0\u00a0\u00a0 <strong>29mm \/ 1.14&#8243;<\/strong><br \/>\nOther: \u00a0\u00a0\u00a0\u00a0\u00a0\u00a0 <strong> &#8211; mm \/ &#8211; &#8221; <\/strong><\/p>\n<p><strong>Available Models<\/strong><br \/>\nLenght\u00a0\u00a0\u00a0\u00a0\u00a0\u00a0\u00a0\u00a0\u00a0\u00a0\u00a0\u00a0\u00a0\u00a0\u00a0\u00a0\u00a0\u00a0\u00a0\u00a0\u00a0Surface\u00a0\u00a0\u00a0\u00a0\u00a0\u00a0\u00a0\u00a0\u00a0\u00a0\u00a0\u00a0\u00a0\u00a0\u00a0\u00a0\u00a0\u00a0\u00a0\u00a0\u00a0\u00a0\u00a0\u00a0\u00a0\u00a0\u00a0\u00a0Hole\u00a0\u00a0\u00a0\u00a0\u00a0\u00a0\u00a0\u00a0\u00a0\u00a0\u00a0SKU<br \/>\n25mm \/ 0.98&#8243;\u00a0\u00a0\u00a0\u00a0\u00a0\u00a0Black Anodized\u00a0\u00a0\u00a0\u00a0\u00a0\u00a0\u00a0\u00a0\u00a0\u00a0\u00a0 N\u00a0\u00a0\u00a0\u00a0\u00a0\u00a0\u00a0\u00a0\u00a0\u00a0\u00a0\u00a0\u00a0\u00a0\u00a0\u00a0\u00a0\u00a045AS25SE<br \/>\n25mm \/ 0.98&#8243;\u00a0\u00a0\u00a0\u00a0\u00a0\u00a0Natural Anodized\u00a0\u00a0\u00a0\u00a0\u00a0\u00a0 N\u00a0\u00a0\u00a0\u00a0\u00a0\u00a0\u00a0\u00a0\u00a0\u00a0\u00a0\u00a0\u00a0\u00a0\u00a0\u00a0\u00a0\u00a045AS25NAT<br \/>\n30mm \/ 1.18&#8243;\u00a0\u00a0\u00a0\u00a0\u00a0\u00a0Black Anodized\u00a0\u00a0\u00a0\u00a0\u00a0\u00a0\u00a0\u00a0\u00a0\u00a0\u00a0 N\u00a0\u00a0\u00a0\u00a0\u00a0\u00a0\u00a0\u00a0\u00a0\u00a0\u00a0\u00a0\u00a0\u00a0\u00a0\u00a0\u00a0\u00a045AS30SE<br \/>\n30mm \/ 1.18&#8243;\u00a0\u00a0\u00a0\u00a0\u00a0\u00a0Natural Anodized\u00a0\u00a0\u00a0\u00a0\u00a0\u00a0 N\u00a0\u00a0\u00a0\u00a0\u00a0\u00a0\u00a0\u00a0\u00a0\u00a0\u00a0\u00a0\u00a0\u00a0\u00a0\u00a0\u00a0\u00a045AS30NAT<br \/>\n35mm \/ 1.18&#8243;\u00a0\u00a0\u00a0\u00a0\u00a0\u00a0Black Anodized\u00a0\u00a0\u00a0\u00a0\u00a0\u00a0\u00a0\u00a0\u00a0\u00a0\u00a0 Y\u00a0\u00a0\u00a0\u00a0\u00a0\u00a0\u00a0\u00a0\u00a0\u00a0\u00a0\u00a0\u00a0\u00a0\u00a0\u00a0\u00a0\u00a045AS35SEM3<br \/>\n37.5mm \/ 1.48&#8243;\u00a0\u00a0Black Anodized\u00a0\u00a0\u00a0\u00a0\u00a0\u00a0\u00a0\u00a0\u00a0\u00a0\u00a0 N\u00a0\u00a0\u00a0\u00a0\u00a0\u00a0\u00a0\u00a0\u00a0\u00a0\u00a0\u00a0\u00a0\u00a0\u00a0\u00a0\u00a0\u00a045AS37.5SE<br \/>\n37.5mm \/ 1.48&#8243;\u00a0\u00a0Natural Anodized\u00a0\u00a0\u00a0\u00a0\u00a0\u00a0 N\u00a0\u00a0\u00a0\u00a0\u00a0\u00a0\u00a0\u00a0\u00a0\u00a0\u00a0\u00a0\u00a0\u00a0\u00a0\u00a0\u00a0\u00a045AS37.5NAT<br \/>\n37.5mm \/ 1.48&#8243;\u00a0\u00a0Black Anodized\u00a0\u00a0\u00a0\u00a0\u00a0\u00a0\u00a0\u00a0\u00a0\u00a0\u00a0 N\u00a0\u00a0\u00a0\u00a0\u00a0\u00a0\u00a0\u00a0\u00a0\u00a0\u00a0\u00a0\u00a0\u00a0\u00a0\u00a0\u00a0\u00a045AS37.5SEPIM<br \/>\n37.5mm \/ 1.48&#8243;\u00a0\u00a0Natural Anodized\u00a0\u00a0\u00a0\u00a0\u00a0\u00a0 N\u00a0\u00a0\u00a0\u00a0\u00a0\u00a0\u00a0\u00a0\u00a0\u00a0\u00a0\u00a0\u00a0\u00a0\u00a0\u00a0\u00a0\u00a045AS37.5NATPIM<br \/>\n50mm \/ 1.97&#8243;\u00a0\u00a0\u00a0\u00a0\u00a0\u00a0Black Anodized\u00a0\u00a0\u00a0\u00a0\u00a0\u00a0\u00a0\u00a0\u00a0\u00a0\u00a0 N\u00a0\u00a0\u00a0\u00a0\u00a0\u00a0\u00a0\u00a0\u00a0\u00a0\u00a0\u00a0\u00a0\u00a0\u00a0\u00a0\u00a0\u00a045AS50SE<\/p>\n<p>Please <a href=\"http:\/\/alberko.com\/index.php\/contacts\/\" target=\"_blank\" rel=\"noopener\"><strong>contact us<\/strong><\/a> if you need a different <strong>variation<\/strong> of this product. This component heatsink can be <strong>fabricated<\/strong> as required by your application. Fabrication services such as <strong>drilling, tapping and milling<\/strong> can be provided.<\/p>\n","protected":false},"excerpt":{"rendered":"<table class=\"table\">\n<tbody>\n<tr>\n<td>Kategori:\u00a0<strong>\u00a0\u00a0\u00a0\u00a0\u00a0\u00a0\u00a0\u00a0\u00a0\u00a0Komponent So\u011futucu<\/strong><br \/>\nMateryal:\u00a0<strong>\u00a0\u00a0Aluminyum 6063-T5<\/strong><br \/>\nY\u00fczey:\u00a0<strong>\u00a0 \u00a0 \u00a0 Siyah Eloksal \/ Press&amp;Ham\u00a0<\/strong><br \/>\nY\u00fckseklik:\u00a0\u00a0\u00a0\u00a0\u00a0\u00a0\u00a0<strong>11.50mm \/ 0.45&#8243;<\/strong><br \/>\nGeni\u015flik: \u00a0\u00a0\u00a0\u00a0\u00a0\u00a0\u00a0<strong>29mm \/ 1.14&#8243;<\/strong><br \/>\nDi\u011fer: \u00a0\u00a0\u00a0\u00a0\u00a0\u00a0\u00a0<strong>&#8211; mm \/ &#8211; &#8220;<\/strong><\/td>\n<td><\/td>\n<\/tr>\n<\/tbody>\n<\/table>\n<p>&nbsp;<\/p>\n<p><strong>Stok \u00dcr\u00fcnleri<\/strong><\/p>\n<table class=\"table\">\n<tbody>\n<tr>\n<td><strong>Uzunluk<\/strong><\/td>\n<td><strong>Y\u00fczey<\/strong><\/td>\n<td><strong>Delik<\/strong><\/td>\n<td><strong>\u00dcr\u00fcn Kodu<\/strong><\/td>\n<\/tr>\n<tr>\n<td>25mm \/ 0.98&#8243;<\/p>\n<p>25mm \/ 0.98&#8243;<\/p>\n<p>30mm \/ 1.18&#8243;<\/p>\n<p>30mm \/ 1.18&#8243;<\/p>\n<p>35mm \/ 1.18&#8243;<\/p>\n<p>37.5mm \/ 1.48&#8243;<\/p>\n<p>37.5mm \/ 1.48&#8243;<\/p>\n<p>37.5mm \/ 1.48&#8243;<\/p>\n<p>37.5mm \/ 1.48&#8243;<\/p>\n<p>50mm \/ 1.97&#8243;<\/td>\n<td>Siyah Eloksal<\/p>\n<p>Press &amp; Ham<\/p>\n<p>Siyah Eloksal<\/p>\n<p>Press &amp; Ham<\/p>\n<p>Siyah Eloksal<\/p>\n<p>Siyah Eloksal<\/p>\n<p>Press &amp; Ham<\/p>\n<p>Siyah Eloksal<\/p>\n<p>Press &amp; Ham<\/p>\n<p>Siyah Eloksal<\/td>\n<td>\u00c7ap 3mm \/ M3<\/p>\n<p>\u00c7ap 3mm \/ M3<\/p>\n<p>\u00c7ap 3mm \/ M3<\/p>\n<p>\u00c7ap 3mm \/ M3<\/p>\n<p>M3 &amp; Tepeden Di\u015fli<\/p>\n<p>M3<\/p>\n<p>M3<\/p>\n<p>M3 &amp; Pimli<\/p>\n<p>M3 &amp; Pimli<\/p>\n<p>M3<\/td>\n<td>45AS25SE<\/p>\n<p>45AS25NAT<\/p>\n<p>45AS30SE<\/p>\n<p>45AS30NAT<\/p>\n<p>45AS35SEM3<\/p>\n<p>45AS37.5SE<\/p>\n<p>45AS37.5NAT<\/p>\n<p>45AS37.5SEPIM<\/p>\n<p>45AS37.5NATPIM<\/p>\n<p>45AS50SE<\/td>\n<\/tr>\n<\/tbody>\n<\/table>\n<p>&nbsp;<\/p>\n<p>45 AS komponent so\u011futucusunun farkl\u0131 i\u015flemli varyasyonlar\u0131 i\u00e7in l\u00fctfen bizimle ileti\u015fime ge\u00e7iniz. T\u00fcm 45 As \u00fcr\u00fcnleri i\u00e7in \u00f6zel olarak pimli \u00fcretim yap\u0131labilmektedir.<\/p>\n","protected":false},"featured_media":4668,"template":"","meta":[],"product_brand":[],"product_cat":[59],"product_tag":[],"class_list":{"0":"post-4673","1":"product","2":"type-product","3":"status-publish","4":"has-post-thumbnail","6":"product_cat-komponent-sogutucular","8":"first","9":"outofstock","10":"taxable","11":"shipping-taxable","12":"product-type-simple"},"_links":{"self":[{"href":"https:\/\/asproms.com\/en\/wp-json\/wp\/v2\/product\/4673","targetHints":{"allow":["GET"]}}],"collection":[{"href":"https:\/\/asproms.com\/en\/wp-json\/wp\/v2\/product"}],"about":[{"href":"https:\/\/asproms.com\/en\/wp-json\/wp\/v2\/types\/product"}],"wp:featuredmedia":[{"embeddable":true,"href":"https:\/\/asproms.com\/en\/wp-json\/wp\/v2\/media\/4668"}],"wp:attachment":[{"href":"https:\/\/asproms.com\/en\/wp-json\/wp\/v2\/media?parent=4673"}],"wp:term":[{"taxonomy":"product_brand","embeddable":true,"href":"https:\/\/asproms.com\/en\/wp-json\/wp\/v2\/product_brand?post=4673"},{"taxonomy":"product_cat","embeddable":true,"href":"https:\/\/asproms.com\/en\/wp-json\/wp\/v2\/product_cat?post=4673"},{"taxonomy":"product_tag","embeddable":true,"href":"https:\/\/asproms.com\/en\/wp-json\/wp\/v2\/product_tag?post=4673"}],"curies":[{"name":"wp","href":"https:\/\/api.w.org\/{rel}","templated":true}]}}