{"id":4516,"date":"2018-05-22T21:34:00","date_gmt":"2018-05-22T18:34:00","guid":{"rendered":"http:\/\/localhost\/lydia\/product\/1064as\/"},"modified":"2023-05-18T10:13:07","modified_gmt":"2023-05-18T07:13:07","slug":"1064as","status":"publish","type":"product","link":"https:\/\/asproms.com\/en\/product\/1064as\/","title":{"rendered":"1064AS"},"content":{"rendered":"<p>Type: <strong>\u00a0\u00a0\u00a0\u00a0\u00a0\u00a0\u00a0\u00a0\u00a0\u00a0Heatsink Extrusion<\/strong><br \/>\nMaterial: <strong>\u00a0\u00a0Aluminum 6063-T5<\/strong><br \/>\nSurface: <strong>\u00a0\u00a0\u00a0\u00a0Black or Natural Anodised <\/strong><br \/>\nHeight:\u00a0\u00a0\u00a0\u00a0\u00a0\u00a0 <strong>20mm \/ 0.79&#8243;<\/strong><br \/>\nWidth: \u00a0\u00a0\u00a0\u00a0\u00a0\u00a0 <strong>300mm \/ 11.81&#8243;<\/strong><br \/>\nOther: \u00a0\u00a0\u00a0\u00a0\u00a0\u00a0 <strong> &#8211; mm \/ &#8211; &#8221; <\/strong><br \/>\nLenght: \u00a0\u00a0\u00a0\u00a0\u00a0\u00a0<strong>Custom Lengths\u00a0up to 6.10m \/ 20ft<\/strong><\/p>\n","protected":false},"excerpt":{"rendered":"<p>300mm geni\u015fli\u011fiyle 1064 as geni\u015f y\u00fczeyli so\u011futma ihtiya\u00e7lar\u0131n\u0131 kar\u015f\u0131lamaktad\u0131r.<\/p>\n<table class=\"table\">\n<tbody>\n<tr>\n<td><strong>Y\u00fckseklik :<\/strong><\/td>\n<td>20 mm<\/td>\n<\/tr>\n<tr>\n<td><strong>Geni\u015flik :<\/strong><\/td>\n<td>300 mm<\/td>\n<\/tr>\n<tr>\n<td><strong>Hammadde:<\/strong><\/td>\n<td>Aluminyum 6063-T5<\/td>\n<\/tr>\n<tr>\n<td><strong>Y\u00fczey :<\/strong><\/td>\n<td>Press-Ham<\/td>\n<\/tr>\n<tr>\n<td><strong>Boy Uzunlu\u011fu:<\/strong><\/td>\n<td>6000mm<\/td>\n<\/tr>\n<\/tbody>\n<\/table>\n","protected":false},"featured_media":4514,"template":"","meta":[],"product_brand":[],"product_cat":[58],"product_tag":[],"class_list":{"0":"post-4516","1":"product","2":"type-product","3":"status-publish","4":"has-post-thumbnail","6":"product_cat-sogutucu-profilleri","8":"first","9":"outofstock","10":"taxable","11":"shipping-taxable","12":"product-type-simple"},"_links":{"self":[{"href":"https:\/\/asproms.com\/en\/wp-json\/wp\/v2\/product\/4516","targetHints":{"allow":["GET"]}}],"collection":[{"href":"https:\/\/asproms.com\/en\/wp-json\/wp\/v2\/product"}],"about":[{"href":"https:\/\/asproms.com\/en\/wp-json\/wp\/v2\/types\/product"}],"wp:featuredmedia":[{"embeddable":true,"href":"https:\/\/asproms.com\/en\/wp-json\/wp\/v2\/media\/4514"}],"wp:attachment":[{"href":"https:\/\/asproms.com\/en\/wp-json\/wp\/v2\/media?parent=4516"}],"wp:term":[{"taxonomy":"product_brand","embeddable":true,"href":"https:\/\/asproms.com\/en\/wp-json\/wp\/v2\/product_brand?post=4516"},{"taxonomy":"product_cat","embeddable":true,"href":"https:\/\/asproms.com\/en\/wp-json\/wp\/v2\/product_cat?post=4516"},{"taxonomy":"product_tag","embeddable":true,"href":"https:\/\/asproms.com\/en\/wp-json\/wp\/v2\/product_tag?post=4516"}],"curies":[{"name":"wp","href":"https:\/\/api.w.org\/{rel}","templated":true}]}}